{"id":42747,"date":"2023-01-18T15:16:35","date_gmt":"2023-01-18T20:16:35","guid":{"rendered":"https:\/\/rvcare.ca\/?post_type=product&#038;p=42747"},"modified":"2026-04-02T15:29:38","modified_gmt":"2026-04-02T19:29:38","slug":"ceramic-coffee-mugs-what-happens-at-the-trailer-set-of-2","status":"publish","type":"product","link":"https:\/\/shop.rvcare.ca\/fr\/produit\/ceramic-coffee-mugs-what-happens-at-the-trailer-set-of-2\/","title":{"rendered":"Tasses \u00e0 caf\u00e9 en c\u00e9ramique \u00abWhat Happens at the Trailer\u00bb (Lot de 2)"},"content":{"rendered":"<p>Apportez le confort de la maison avec vous en camping avec ces superbes tasses \u00e0 caf\u00e9 fabriqu\u00e9 en c\u00e9ramique. Savourez votre boisson favorite tout en relaxant sur les berges d&rsquo;un lac ou pr\u00e8s du feu. Fabriqu\u00e9es en c\u00e9ramique, chaque lot comprend 2 tasses de 16 oz. Texte : \u00abWhat Happens at the Trailer, Stays at the Trailer\u00bb.<\/p>\n<\/ul>\n<p><strong>Ensemble de deux tasses<\/strong><\/p>\n","protected":false},"excerpt":{"rendered":"<ul>\n<li>Capacit\u00e9 : 16 oz.<\/li>\n<li>Couleurs : vert\/brun<\/li>\n<li>Mat\u00e9riaux : c\u00e9ramique<\/li>\n<li>Dimensions : 5 x 5,6 x 4,5 po<\/li>\n<\/ul>\n","protected":false},"featured_media":42749,"comment_status":"closed","ping_status":"closed","template":"","meta":{"_glsr_average":0,"_glsr_ranking":0,"_glsr_reviews":0,"keywords_product":"","featured_product":"","product_importance":"","wds_primary_product_brand":0,"wds_primary_product_cat":0,"wds_primary_fb_product_set":0},"product_brand":[],"product_cat":[1868,253],"product_tag":[1944,1294],"class_list":{"0":"post-42747","1":"product","2":"type-product","3":"status-publish","4":"has-post-thumbnail","6":"product_cat-interieur-rv","7":"product_cat-vaisselle-cuisine","8":"product_tag-meilleurs-vendeurs","9":"product_tag-spaceful-fr","11":"first","12":"instock","13":"taxable","14":"shipping-taxable","15":"purchasable","16":"product-type-simple"},"bundled_by":[],"bundle_stock_status":"instock","bundle_stock_quantity":1,"bundle_virtual":false,"bundle_layout":"","bundle_add_to_cart_form_location":"","bundle_editable_in_cart":false,"bundle_sold_individually_context":"","bundle_item_grouping":"","bundle_min_size":"","bundle_max_size":"","bundle_price":[],"bundled_items":[],"bundle_sell_ids":[],"_links":{"self":[{"href":"https:\/\/shop.rvcare.ca\/fr\/wp-json\/wp\/v2\/product\/42747","targetHints":{"allow":["GET"]}}],"collection":[{"href":"https:\/\/shop.rvcare.ca\/fr\/wp-json\/wp\/v2\/product"}],"about":[{"href":"https:\/\/shop.rvcare.ca\/fr\/wp-json\/wp\/v2\/types\/product"}],"replies":[{"embeddable":true,"href":"https:\/\/shop.rvcare.ca\/fr\/wp-json\/wp\/v2\/comments?post=42747"}],"version-history":[{"count":2,"href":"https:\/\/shop.rvcare.ca\/fr\/wp-json\/wp\/v2\/product\/42747\/revisions"}],"predecessor-version":[{"id":158490,"href":"https:\/\/shop.rvcare.ca\/fr\/wp-json\/wp\/v2\/product\/42747\/revisions\/158490"}],"wp:featuredmedia":[{"embeddable":true,"href":"https:\/\/shop.rvcare.ca\/fr\/wp-json\/wp\/v2\/media\/42749"}],"wp:attachment":[{"href":"https:\/\/shop.rvcare.ca\/fr\/wp-json\/wp\/v2\/media?parent=42747"}],"wp:term":[{"taxonomy":"product_brand","embeddable":true,"href":"https:\/\/shop.rvcare.ca\/fr\/wp-json\/wp\/v2\/product_brand?post=42747"},{"taxonomy":"product_cat","embeddable":true,"href":"https:\/\/shop.rvcare.ca\/fr\/wp-json\/wp\/v2\/product_cat?post=42747"},{"taxonomy":"product_tag","embeddable":true,"href":"https:\/\/shop.rvcare.ca\/fr\/wp-json\/wp\/v2\/product_tag?post=42747"}],"curies":[{"name":"wp","href":"https:\/\/api.w.org\/{rel}","templated":true}]}}