{"id":58104,"date":"2023-04-14T12:34:31","date_gmt":"2023-04-14T16:34:31","guid":{"rendered":"https:\/\/rvcare.ca\/product\/12-oz-verre-a-vin-sans-pied-isole-sous-vide-en-acier-inoxydable-avec-couvercle-enjoy-the-ride\/"},"modified":"2026-04-02T15:29:42","modified_gmt":"2026-04-02T19:29:42","slug":"verre-a-vin-sans-pied-isole-sous-vide-en-acier-inoxydable-de-12-oz-avec-couvercle-profitez-de-la-balade-en-blanc","status":"publish","type":"product","link":"https:\/\/shop.rvcare.ca\/fr\/produit\/verre-a-vin-sans-pied-isole-sous-vide-en-acier-inoxydable-de-12-oz-avec-couvercle-profitez-de-la-balade-en-blanc\/","title":{"rendered":"12 oz. Verre \u00e0 vin sans pied isol\u00e9 sous vide en acier inoxydable avec couvercle \u00ab Enjoy the Ride \u00bb"},"content":{"rendered":"<p>Le gobelet \u00e0 vin parfait pour l&rsquo;happy hour du camping. La citation \u00ab Enjoy the ride \u00bb vous rappelle qu&rsquo;il faut profiter de la vie et s&rsquo;amuser. Gardez votre vin, champagne, caf\u00e9 ou toute boisson froide ou chaude pendant des heures. Ces gobelets sont 2 fois plus r\u00e9sistants \u00e0 la chaleur et au froid que les verres \u00e0 vin en verre ou en plastique et incassables.<\/p>\n<p><strong>Caract\u00e9ristiques<\/strong><\/p>\n<ul>\n<li>Contient 12 onces. de votre boisson pr\u00e9f\u00e9r\u00e9e<\/li>\n<li>Citation inspirante \u00ab Enjoy the ride \u00bb<\/li>\n<li>Double paroi isol\u00e9e<\/li>\n<li>Fabriqu\u00e9 en acier inoxydable<\/li>\n<li>Couvercle de voyage inclus<\/li>\n<\/ul>\n","protected":false},"excerpt":{"rendered":"<p>Le gobelet \u00e0 vin parfait pour l&rsquo;happy hour du camping. La citation \u00ab Enjoy the ride \u00bb vous rappelle qu&rsquo;il faut profiter de la vie et s&rsquo;amuser. Gardez votre vin, champagne, caf\u00e9 ou toute boisson froide ou chaude pendant des heures. Ces gobelets sont 2 fois plus r\u00e9sistants \u00e0 la chaleur et au froid que [&hellip;]<\/p>\n","protected":false},"featured_media":58090,"comment_status":"closed","ping_status":"closed","template":"","meta":{"_glsr_average":0,"_glsr_ranking":0,"_glsr_reviews":0,"keywords_product":"","featured_product":"","product_importance":"1","wds_primary_product_brand":0,"wds_primary_product_cat":0,"wds_primary_fb_product_set":0},"product_brand":[],"product_cat":[1868,253],"product_tag":[1678],"class_list":{"0":"post-58104","1":"product","2":"type-product","3":"status-publish","4":"has-post-thumbnail","6":"product_cat-interieur-rv","7":"product_cat-vaisselle-cuisine","8":"product_tag-ts-fr","10":"first","11":"instock","12":"taxable","13":"shipping-taxable","14":"purchasable","15":"product-type-variable"},"bundled_by":[],"bundle_stock_status":"instock","bundle_stock_quantity":null,"bundle_virtual":false,"bundle_layout":"","bundle_add_to_cart_form_location":"","bundle_editable_in_cart":false,"bundle_sold_individually_context":"","bundle_item_grouping":"","bundle_min_size":"","bundle_max_size":"","bundle_price":[],"bundled_items":[],"bundle_sell_ids":[],"_links":{"self":[{"href":"https:\/\/shop.rvcare.ca\/fr\/wp-json\/wp\/v2\/product\/58104","targetHints":{"allow":["GET"]}}],"collection":[{"href":"https:\/\/shop.rvcare.ca\/fr\/wp-json\/wp\/v2\/product"}],"about":[{"href":"https:\/\/shop.rvcare.ca\/fr\/wp-json\/wp\/v2\/types\/product"}],"replies":[{"embeddable":true,"href":"https:\/\/shop.rvcare.ca\/fr\/wp-json\/wp\/v2\/comments?post=58104"}],"version-history":[{"count":1,"href":"https:\/\/shop.rvcare.ca\/fr\/wp-json\/wp\/v2\/product\/58104\/revisions"}],"predecessor-version":[{"id":157475,"href":"https:\/\/shop.rvcare.ca\/fr\/wp-json\/wp\/v2\/product\/58104\/revisions\/157475"}],"wp:featuredmedia":[{"embeddable":true,"href":"https:\/\/shop.rvcare.ca\/fr\/wp-json\/wp\/v2\/media\/58090"}],"wp:attachment":[{"href":"https:\/\/shop.rvcare.ca\/fr\/wp-json\/wp\/v2\/media?parent=58104"}],"wp:term":[{"taxonomy":"product_brand","embeddable":true,"href":"https:\/\/shop.rvcare.ca\/fr\/wp-json\/wp\/v2\/product_brand?post=58104"},{"taxonomy":"product_cat","embeddable":true,"href":"https:\/\/shop.rvcare.ca\/fr\/wp-json\/wp\/v2\/product_cat?post=58104"},{"taxonomy":"product_tag","embeddable":true,"href":"https:\/\/shop.rvcare.ca\/fr\/wp-json\/wp\/v2\/product_tag?post=58104"}],"curies":[{"name":"wp","href":"https:\/\/api.w.org\/{rel}","templated":true}]}}