{"id":58112,"date":"2022-05-02T03:30:58","date_gmt":"2022-05-02T07:30:58","guid":{"rendered":"https:\/\/rvcare.ca\/product\/16-oz-gobelet-isole-sous-vide-en-acier-inoxydable-avec-couvercle-coulissant-ensemble-de-2-life-happens-rving-and-coffee-helps\/"},"modified":"2026-04-02T15:29:38","modified_gmt":"2026-04-02T19:29:38","slug":"16-oz-stainless-steel-vacuum-insulated-tumbler-with-sliding-lid-set-of-2-life-happens-rving-and-coffee-helps","status":"publish","type":"product","link":"https:\/\/shop.rvcare.ca\/fr\/produit\/16-oz-stainless-steel-vacuum-insulated-tumbler-with-sliding-lid-set-of-2-life-happens-rving-and-coffee-helps\/","title":{"rendered":"Gobelets en acier inoxydable isol\u00e9 sous vide avec couvercle coulissant Le choix du campeur (lot de 2)"},"content":{"rendered":"<p>Le caf\u00e9 permet de d\u00e9marrer la journ\u00e9e du bon pied, surtout quand en camping ! Mais pas n&rsquo;importe quel caf\u00e9 : <a href=\"https:\/\/shop.rvcare.ca\/fr\/produit\/rv-travelers-choice-premium-coffee-ready-to-brew\/\">notre nouveau caf\u00e9 fra\u00eechement moulu Le choix du campeur &#8211; collection maison<\/a> Ces gobelets amusants garderont votre caf\u00e9 (ou toute autre boisson) au chaud ou au froid pendant des heures de temps. Ils sont deux fois plus r\u00e9sistants \u00e0 la chaleur et au froid que les autres gobelets.<\/p>\n<p><strong>Caract\u00e9ristiques<\/strong><\/p>\n<ul>\n<li>L&rsquo;ensemble inclus 1 gobelet blanc et 1 gobelet noir<\/li>\n<li>Chaque gobelet peut contenir jusqu&rsquo;\u00e0 591 ml (20 onces) de votre boisson favorite<\/li>\n<li>Texte : <em><strong>\u00ab\u00a0Life Happens, RVing and Coffee Helps\u00a0\u00bb<\/strong><\/em><\/li>\n<li>Double paroi isol\u00e9e<\/li>\n<li>Fabriqu\u00e9 en acier inoxydable<\/li>\n<li>Couvercle de voyage inclus<\/li>\n<li>G\u00e9n\u00e9ralement exp\u00e9di\u00e9 dans un d\u00e9lai d&rsquo;une semaine; veuillez pr\u00e9voir jusqu&rsquo;\u00e0 une semaine pour le traitement et la livraison.<\/li>\n<\/ul>\n","protected":false},"excerpt":{"rendered":"<ul>\n<li>Couleur : le lot comprend 1 gobelet blanc et 1 gobelet noir.<\/li>\n<li>Capacit\u00e9 : 591 ml (20 onces)<\/li>\n<li>mat\u00e9riel: acier inoxydable<\/li>\n<li>Isol\u00e9 : Double Paroi<\/li>\n<li>Type de couvercle : Couvercle coulissant<\/li>\n<li>Marque: Polar Camels<\/li>\n<\/ul>\n<p><strong>Les gobelets sont fabriqu\u00e9s en acier inoxydable de calibre 18\/8 (18 % de chrome\/8 % de nickel), \u00e9galement connu sous le nom de qualit\u00e9 alimentaire de type 304.<\/strong><\/p>\n","protected":false},"featured_media":58109,"comment_status":"closed","ping_status":"closed","template":"","meta":{"_glsr_average":0,"_glsr_ranking":0,"_glsr_reviews":0,"keywords_product":"","featured_product":"","product_importance":"1","wds_primary_product_brand":0,"wds_primary_product_cat":0,"wds_primary_fb_product_set":0},"product_brand":[2109],"product_cat":[1868,253],"product_tag":[1943,1678],"class_list":{"0":"post-58112","1":"product","2":"type-product","3":"status-publish","4":"has-post-thumbnail","6":"product_brand-rv-travelers-choice-fr","7":"product_cat-interieur-rv","8":"product_cat-vaisselle-cuisine","9":"product_tag-rv-travelers-choice-fr","10":"product_tag-ts-fr","12":"first","13":"instock","14":"taxable","15":"shipping-taxable","16":"purchasable","17":"product-type-simple"},"bundled_by":[],"bundle_stock_status":"instock","bundle_stock_quantity":10,"bundle_virtual":false,"bundle_layout":"","bundle_add_to_cart_form_location":"","bundle_editable_in_cart":false,"bundle_sold_individually_context":"","bundle_item_grouping":"","bundle_min_size":"","bundle_max_size":"","bundle_price":[],"bundled_items":[],"bundle_sell_ids":[],"_links":{"self":[{"href":"https:\/\/shop.rvcare.ca\/fr\/wp-json\/wp\/v2\/product\/58112","targetHints":{"allow":["GET"]}}],"collection":[{"href":"https:\/\/shop.rvcare.ca\/fr\/wp-json\/wp\/v2\/product"}],"about":[{"href":"https:\/\/shop.rvcare.ca\/fr\/wp-json\/wp\/v2\/types\/product"}],"replies":[{"embeddable":true,"href":"https:\/\/shop.rvcare.ca\/fr\/wp-json\/wp\/v2\/comments?post=58112"}],"version-history":[{"count":2,"href":"https:\/\/shop.rvcare.ca\/fr\/wp-json\/wp\/v2\/product\/58112\/revisions"}],"predecessor-version":[{"id":158491,"href":"https:\/\/shop.rvcare.ca\/fr\/wp-json\/wp\/v2\/product\/58112\/revisions\/158491"}],"wp:featuredmedia":[{"embeddable":true,"href":"https:\/\/shop.rvcare.ca\/fr\/wp-json\/wp\/v2\/media\/58109"}],"wp:attachment":[{"href":"https:\/\/shop.rvcare.ca\/fr\/wp-json\/wp\/v2\/media?parent=58112"}],"wp:term":[{"taxonomy":"product_brand","embeddable":true,"href":"https:\/\/shop.rvcare.ca\/fr\/wp-json\/wp\/v2\/product_brand?post=58112"},{"taxonomy":"product_cat","embeddable":true,"href":"https:\/\/shop.rvcare.ca\/fr\/wp-json\/wp\/v2\/product_cat?post=58112"},{"taxonomy":"product_tag","embeddable":true,"href":"https:\/\/shop.rvcare.ca\/fr\/wp-json\/wp\/v2\/product_tag?post=58112"}],"curies":[{"name":"wp","href":"https:\/\/api.w.org\/{rel}","templated":true}]}}