{"id":58390,"date":"2022-05-02T03:01:04","date_gmt":"2022-05-02T07:01:04","guid":{"rendered":"https:\/\/rvcare.ca\/product\/rv-travelers-choice-bed-in-a-bag-queen-grey-plaid\/"},"modified":"2026-03-30T14:25:00","modified_gmt":"2026-03-30T18:25:00","slug":"rv-travelers-choice-bed-in-a-bag-queen-grey-plaid","status":"publish","type":"product","link":"https:\/\/shop.rvcare.ca\/fr\/produit\/rv-travelers-choice-bed-in-a-bag-queen-grey-plaid\/","title":{"rendered":"Literie compl\u00e8te Le choix du campeur &#8211; motif \u00e9cossais"},"content":{"rendered":"<p>Pourquoi ne pas rafra\u00eechir votre literie avec notre ensemble complet con\u00e7u pour la vie en VR ? La literie compl\u00e8te Le choix du campeur comporte les 6 morceaux n\u00e9cessaires pour habiller le lit de votre VR de mani\u00e8re \u00e9l\u00e9gante et confortable. Convient aux matelas mesurant jusqu&rsquo;\u00e0 18 po de profondeur. Le drap contour est enti\u00e8rement \u00e9lastique.<\/p>\n<p><strong>Inclus :<\/strong><\/p>\n<ul>\n<li style=\"list-style-type: none;\">\n<ul>\n<li style=\"list-style-type: none;\">\n<ul>\n<li>1 drap-housse gris<\/li>\n<li>1 drap plat gris<\/li>\n<li>2 taies d&rsquo;oreiller grises<\/li>\n<li>1 housse de couette r\u00e9versible avec motif \u00e9coasais( fermeture \u00e0 glissi\u00e8re)<\/li>\n<li>1 coussin d\u00e9coratif : Life is a Journey Enjoy the Ride (14x14po)<\/li>\n<\/ul>\n<\/li>\n<\/ul>\n<\/li>\n<\/ul>\n","protected":false},"excerpt":{"rendered":"<p>Pourquoi ne pas rafra\u00eechir votre literie avec notre ensemble complet con\u00e7u pour la vie en VR ? La literie compl\u00e8te Le choix du campeur comporte les 6 morceaux n\u00e9cessaires pour habiller le lit de votre VR de mani\u00e8re \u00e9l\u00e9gante et confortable. Convient aux matelas mesurant jusqu&rsquo;\u00e0 18 po de profondeur. Le drap contour est enti\u00e8rement [&hellip;]<\/p>\n","protected":false},"featured_media":66329,"comment_status":"closed","ping_status":"closed","template":"","meta":{"_glsr_average":0,"_glsr_ranking":0,"_glsr_reviews":0,"keywords_product":"","featured_product":"","product_importance":"1","wds_primary_product_brand":0,"wds_primary_product_cat":1263,"wds_primary_fb_product_set":0},"product_brand":[2040],"product_cat":[186,64],"product_tag":[1943,1590,1944,1294],"class_list":{"0":"post-58390","1":"product","2":"type-product","3":"status-publish","4":"has-post-thumbnail","6":"product_brand-rv-travelers-choice","7":"product_cat-bedding","8":"product_cat-sleep-solutions","9":"product_tag-rv-travelers-choice-fr","10":"product_tag-liquidation","11":"product_tag-meilleurs-vendeurs","12":"product_tag-spaceful-fr","14":"first","15":"instock","16":"taxable","17":"shipping-taxable","18":"purchasable","19":"product-type-variable"},"bundled_by":[],"bundle_stock_status":"instock","bundle_stock_quantity":null,"bundle_virtual":false,"bundle_layout":"","bundle_add_to_cart_form_location":"","bundle_editable_in_cart":false,"bundle_sold_individually_context":"","bundle_item_grouping":"","bundle_min_size":"","bundle_max_size":"","bundle_price":[],"bundled_items":[],"bundle_sell_ids":[],"_links":{"self":[{"href":"https:\/\/shop.rvcare.ca\/fr\/wp-json\/wp\/v2\/product\/58390","targetHints":{"allow":["GET"]}}],"collection":[{"href":"https:\/\/shop.rvcare.ca\/fr\/wp-json\/wp\/v2\/product"}],"about":[{"href":"https:\/\/shop.rvcare.ca\/fr\/wp-json\/wp\/v2\/types\/product"}],"replies":[{"embeddable":true,"href":"https:\/\/shop.rvcare.ca\/fr\/wp-json\/wp\/v2\/comments?post=58390"}],"version-history":[{"count":1,"href":"https:\/\/shop.rvcare.ca\/fr\/wp-json\/wp\/v2\/product\/58390\/revisions"}],"predecessor-version":[{"id":154382,"href":"https:\/\/shop.rvcare.ca\/fr\/wp-json\/wp\/v2\/product\/58390\/revisions\/154382"}],"wp:featuredmedia":[{"embeddable":true,"href":"https:\/\/shop.rvcare.ca\/fr\/wp-json\/wp\/v2\/media\/66329"}],"wp:attachment":[{"href":"https:\/\/shop.rvcare.ca\/fr\/wp-json\/wp\/v2\/media?parent=58390"}],"wp:term":[{"taxonomy":"product_brand","embeddable":true,"href":"https:\/\/shop.rvcare.ca\/fr\/wp-json\/wp\/v2\/product_brand?post=58390"},{"taxonomy":"product_cat","embeddable":true,"href":"https:\/\/shop.rvcare.ca\/fr\/wp-json\/wp\/v2\/product_cat?post=58390"},{"taxonomy":"product_tag","embeddable":true,"href":"https:\/\/shop.rvcare.ca\/fr\/wp-json\/wp\/v2\/product_tag?post=58390"}],"curies":[{"name":"wp","href":"https:\/\/api.w.org\/{rel}","templated":true}]}}