{"id":58393,"date":"2022-05-02T03:31:42","date_gmt":"2022-05-02T07:31:42","guid":{"rendered":"https:\/\/rvcare.ca\/product\/rv-travelers-choice-premium-coffee-ready-to-brew\/"},"modified":"2026-04-02T15:29:39","modified_gmt":"2026-04-02T19:29:39","slug":"rv-travelers-choice-premium-coffee-ready-to-brew","status":"publish","type":"product","link":"https:\/\/shop.rvcare.ca\/fr\/produit\/rv-travelers-choice-premium-coffee-ready-to-brew\/","title":{"rendered":"Collection caf\u00e9 Le choix du campeur"},"content":{"rendered":"<p>Notre nouvelle collection caf\u00e9 Le choix du campeur ne manquera pas d&rsquo;\u00e9gayer votre journ\u00e9e. Produit par un torr\u00e9facteur canadien qui se soucie d&rsquo;offrir un caf\u00e9 de qualit\u00e9 in\u00e9gal\u00e9e. La torr\u00e9faction lente permet aux grains de d\u00e9velopper tous leurs attributs naturels : vous aurez donc droit \u00e0 un caf\u00e9 savoureux \u00e0 chaque tasse.<\/p>\n<p>Caf\u00e9 100% Arabica de haute qualit\u00e9 et de torr\u00e9fication moyenne. M\u00e9lange de f\u00e8ves originaires d&rsquo;Am\u00e9rique du Sud et d&rsquo;Am\u00e9rique centrale. Un go\u00fbt qui plaira aux plus fins palais. Choisissez un caf\u00e9 de qualit\u00e9 pour vos excursions en VR et vos sorties en famille.<\/p>\n<p><strong>Caract\u00e9ristiques<\/strong><\/p>\n<ul>\n<li style=\"list-style-type: none\">\n<ul>\n<li style=\"list-style-type: none\">\n<ul>\n<li>Chaque bo\u00eete contient 42 sachets scell\u00e9s.<\/li>\n<li>Chaque sachet infusera entre 8 et 10 tasses de caf\u00e9.<\/li>\n<li>Fonctionne avec les cafeti\u00e8res \u00e0 piston.<\/li>\n<li>Pour une cafeti\u00e8re compl\u00e8te (10 tasses), il suffit de verser 1 sachet dans la cafeti\u00e8re.<\/li>\n<li>Chaque bo\u00eete pourra ainsi infuser 420 tasses de caf\u00e9.<\/li>\n<\/ul>\n<\/li>\n<\/ul>\n<\/li>\n<\/ul>\n","protected":false},"excerpt":{"rendered":"<ul>\n<li>Quantit\u00e9 : chaque bo\u00eete contient 42 sachets scell\u00e9s<\/li>\n<li>Quantit\u00e9 : chaque sachet contient 2 oz. de caf\u00e9 moulu (pr\u00eat pour infusion)<\/li>\n<li>Ingr\u00e9dients : caf\u00e9 Arabica de haute qualit\u00e9 Un m\u00e9lange de f\u00e8ves originaires d&rsquo;Am\u00e9rique du Sud et d&rsquo;Am\u00e9rique centrale<\/li>\n<li>Niveau de torr\u00e9faction : moyenne<\/li>\n<li>Teneur en caf\u00e9ine : caf\u00e9in\u00e9<\/li>\n<li>Marque : Le choix du campeur<\/li>\n<li>Producteur : Reunion Coffee Roasters<\/li>\n<\/ul>\n","protected":false},"featured_media":60595,"comment_status":"closed","ping_status":"closed","template":"","meta":{"_glsr_average":0,"_glsr_ranking":0,"_glsr_reviews":0,"keywords_product":"","featured_product":"","product_importance":"1","wds_primary_product_brand":0,"wds_primary_product_cat":0,"wds_primary_fb_product_set":0},"product_brand":[2109],"product_cat":[1867],"product_tag":[1943,1294],"class_list":{"0":"post-58393","1":"product","2":"type-product","3":"status-publish","4":"has-post-thumbnail","6":"product_brand-rv-travelers-choice-fr","7":"product_cat-camping-exterieur","8":"product_tag-rv-travelers-choice-fr","9":"product_tag-spaceful-fr","11":"first","12":"instock","13":"taxable","14":"shipping-taxable","15":"purchasable","16":"product-type-simple"},"bundled_by":[],"bundle_stock_status":"instock","bundle_stock_quantity":6,"bundle_virtual":false,"bundle_layout":"","bundle_add_to_cart_form_location":"","bundle_editable_in_cart":false,"bundle_sold_individually_context":"","bundle_item_grouping":"","bundle_min_size":"","bundle_max_size":"","bundle_price":[],"bundled_items":[],"bundle_sell_ids":[],"_links":{"self":[{"href":"https:\/\/shop.rvcare.ca\/fr\/wp-json\/wp\/v2\/product\/58393","targetHints":{"allow":["GET"]}}],"collection":[{"href":"https:\/\/shop.rvcare.ca\/fr\/wp-json\/wp\/v2\/product"}],"about":[{"href":"https:\/\/shop.rvcare.ca\/fr\/wp-json\/wp\/v2\/types\/product"}],"replies":[{"embeddable":true,"href":"https:\/\/shop.rvcare.ca\/fr\/wp-json\/wp\/v2\/comments?post=58393"}],"version-history":[{"count":2,"href":"https:\/\/shop.rvcare.ca\/fr\/wp-json\/wp\/v2\/product\/58393\/revisions"}],"predecessor-version":[{"id":158492,"href":"https:\/\/shop.rvcare.ca\/fr\/wp-json\/wp\/v2\/product\/58393\/revisions\/158492"}],"wp:featuredmedia":[{"embeddable":true,"href":"https:\/\/shop.rvcare.ca\/fr\/wp-json\/wp\/v2\/media\/60595"}],"wp:attachment":[{"href":"https:\/\/shop.rvcare.ca\/fr\/wp-json\/wp\/v2\/media?parent=58393"}],"wp:term":[{"taxonomy":"product_brand","embeddable":true,"href":"https:\/\/shop.rvcare.ca\/fr\/wp-json\/wp\/v2\/product_brand?post=58393"},{"taxonomy":"product_cat","embeddable":true,"href":"https:\/\/shop.rvcare.ca\/fr\/wp-json\/wp\/v2\/product_cat?post=58393"},{"taxonomy":"product_tag","embeddable":true,"href":"https:\/\/shop.rvcare.ca\/fr\/wp-json\/wp\/v2\/product_tag?post=58393"}],"curies":[{"name":"wp","href":"https:\/\/api.w.org\/{rel}","templated":true}]}}