{"id":58418,"date":"2023-01-16T16:09:11","date_gmt":"2023-01-16T21:09:11","guid":{"rendered":"https:\/\/rvcare.ca\/product\/jute-placemat-set-home-is-where-you-park-it-set-of-2\/"},"modified":"2026-04-02T15:29:39","modified_gmt":"2026-04-02T19:29:39","slug":"jute-placemat-set-home-is-where-you-park-it-set-of-2","status":"publish","type":"product","link":"https:\/\/shop.rvcare.ca\/fr\/produit\/jute-placemat-set-home-is-where-you-park-it-set-of-2\/","title":{"rendered":"Napperons en jute \u00ab Home is Where You Park it \u00bb (lot de 2)"},"content":{"rendered":"<p>Ces napperons de 13 po en jute tress\u00e9e apportent une note naturelle et \u00e9co-chic \u00e0 votre d\u00e9cor de table au camping.<\/p>\n<p><strong>Caract\u00e9ristiques<\/strong><\/p>\n<ul>\n<li>Id\u00e9al \u00e0 l&rsquo;int\u00e9rieur comme \u00e0 l&rsquo;ext\u00e9rieur<\/li>\n<li>Aspect et texture naturels, id\u00e9al pour un usage quotidien<\/li>\n<\/ul>\n","protected":false},"excerpt":{"rendered":"<ul>\n<li>Inclus : 2 napperons<\/li>\n<li>Mat\u00e9riel : jute<\/li>\n<li>Forme : ovale<\/li>\n<li>Dimensions : 330 x 330 x 5 mm (13 x 13 x 0,2 po)<\/li>\n<\/ul>\n","protected":false},"featured_media":57878,"comment_status":"closed","ping_status":"closed","template":"","meta":{"_glsr_average":0,"_glsr_ranking":0,"_glsr_reviews":0,"keywords_product":"","featured_product":"","product_importance":"1","wds_primary_product_brand":0,"wds_primary_product_cat":0,"wds_primary_fb_product_set":0},"product_brand":[],"product_cat":[253],"product_tag":[1294],"class_list":{"0":"post-58418","1":"product","2":"type-product","3":"status-publish","4":"has-post-thumbnail","6":"product_cat-vaisselle-cuisine","7":"product_tag-spaceful-fr","9":"first","10":"instock","11":"taxable","12":"shipping-taxable","13":"purchasable","14":"product-type-simple"},"bundled_by":[],"bundle_stock_status":"instock","bundle_stock_quantity":7,"bundle_virtual":false,"bundle_layout":"","bundle_add_to_cart_form_location":"","bundle_editable_in_cart":false,"bundle_sold_individually_context":"","bundle_item_grouping":"","bundle_min_size":"","bundle_max_size":"","bundle_price":[],"bundled_items":[],"bundle_sell_ids":[],"_links":{"self":[{"href":"https:\/\/shop.rvcare.ca\/fr\/wp-json\/wp\/v2\/product\/58418","targetHints":{"allow":["GET"]}}],"collection":[{"href":"https:\/\/shop.rvcare.ca\/fr\/wp-json\/wp\/v2\/product"}],"about":[{"href":"https:\/\/shop.rvcare.ca\/fr\/wp-json\/wp\/v2\/types\/product"}],"replies":[{"embeddable":true,"href":"https:\/\/shop.rvcare.ca\/fr\/wp-json\/wp\/v2\/comments?post=58418"}],"version-history":[{"count":2,"href":"https:\/\/shop.rvcare.ca\/fr\/wp-json\/wp\/v2\/product\/58418\/revisions"}],"predecessor-version":[{"id":158493,"href":"https:\/\/shop.rvcare.ca\/fr\/wp-json\/wp\/v2\/product\/58418\/revisions\/158493"}],"wp:featuredmedia":[{"embeddable":true,"href":"https:\/\/shop.rvcare.ca\/fr\/wp-json\/wp\/v2\/media\/57878"}],"wp:attachment":[{"href":"https:\/\/shop.rvcare.ca\/fr\/wp-json\/wp\/v2\/media?parent=58418"}],"wp:term":[{"taxonomy":"product_brand","embeddable":true,"href":"https:\/\/shop.rvcare.ca\/fr\/wp-json\/wp\/v2\/product_brand?post=58418"},{"taxonomy":"product_cat","embeddable":true,"href":"https:\/\/shop.rvcare.ca\/fr\/wp-json\/wp\/v2\/product_cat?post=58418"},{"taxonomy":"product_tag","embeddable":true,"href":"https:\/\/shop.rvcare.ca\/fr\/wp-json\/wp\/v2\/product_tag?post=58418"}],"curies":[{"name":"wp","href":"https:\/\/api.w.org\/{rel}","templated":true}]}}