{"id":58421,"date":"2023-01-17T14:59:28","date_gmt":"2023-01-17T19:59:28","guid":{"rendered":"https:\/\/rvcare.ca\/product\/happy-campers-wood-wall-art\/"},"modified":"2026-04-02T15:29:39","modified_gmt":"2026-04-02T19:29:39","slug":"happy-campers-wood-wall-art","status":"publish","type":"product","link":"https:\/\/shop.rvcare.ca\/fr\/produit\/happy-campers-wood-wall-art\/","title":{"rendered":"D\u00e9coration murale en bois \u00ab Happy Campers \u00bb"},"content":{"rendered":"<p>Soyez fiers et montrez votre amour du camping avec cet encadr\u00e9 en bois de 20 x 8 po \u00ab Happy Campers \u00bb. Une excellente fa\u00e7on de d\u00e9corer votre maison ou votre roulotte en lui donnant un aspect \u00e9co-chic. Une pi\u00e8ce d&rsquo;art \u00e9l\u00e9gante qui rendra votre VR un peu plus chaleureux.<\/p>\n","protected":false},"excerpt":{"rendered":"<ul>\n<li>Mat\u00e9riaux : Bois<\/li>\n<li>Dimensions : 20 x 1 x 8 po<\/li>\n<\/ul>\n","protected":false},"featured_media":64834,"comment_status":"closed","ping_status":"closed","template":"","meta":{"_glsr_average":0,"_glsr_ranking":0,"_glsr_reviews":0,"keywords_product":"","featured_product":"","product_importance":"","wds_primary_product_brand":0,"wds_primary_product_cat":0,"wds_primary_fb_product_set":0},"product_brand":[],"product_cat":[253],"product_tag":[1294],"class_list":{"0":"post-58421","1":"product","2":"type-product","3":"status-publish","4":"has-post-thumbnail","6":"product_cat-vaisselle-cuisine","7":"product_tag-spaceful-fr","9":"first","10":"instock","11":"taxable","12":"shipping-taxable","13":"purchasable","14":"product-type-simple"},"bundled_by":[],"bundle_stock_status":"instock","bundle_stock_quantity":8,"bundle_virtual":false,"bundle_layout":"","bundle_add_to_cart_form_location":"","bundle_editable_in_cart":false,"bundle_sold_individually_context":"","bundle_item_grouping":"","bundle_min_size":"","bundle_max_size":"","bundle_price":[],"bundled_items":[],"bundle_sell_ids":[],"_links":{"self":[{"href":"https:\/\/shop.rvcare.ca\/fr\/wp-json\/wp\/v2\/product\/58421","targetHints":{"allow":["GET"]}}],"collection":[{"href":"https:\/\/shop.rvcare.ca\/fr\/wp-json\/wp\/v2\/product"}],"about":[{"href":"https:\/\/shop.rvcare.ca\/fr\/wp-json\/wp\/v2\/types\/product"}],"replies":[{"embeddable":true,"href":"https:\/\/shop.rvcare.ca\/fr\/wp-json\/wp\/v2\/comments?post=58421"}],"version-history":[{"count":2,"href":"https:\/\/shop.rvcare.ca\/fr\/wp-json\/wp\/v2\/product\/58421\/revisions"}],"predecessor-version":[{"id":158494,"href":"https:\/\/shop.rvcare.ca\/fr\/wp-json\/wp\/v2\/product\/58421\/revisions\/158494"}],"wp:featuredmedia":[{"embeddable":true,"href":"https:\/\/shop.rvcare.ca\/fr\/wp-json\/wp\/v2\/media\/64834"}],"wp:attachment":[{"href":"https:\/\/shop.rvcare.ca\/fr\/wp-json\/wp\/v2\/media?parent=58421"}],"wp:term":[{"taxonomy":"product_brand","embeddable":true,"href":"https:\/\/shop.rvcare.ca\/fr\/wp-json\/wp\/v2\/product_brand?post=58421"},{"taxonomy":"product_cat","embeddable":true,"href":"https:\/\/shop.rvcare.ca\/fr\/wp-json\/wp\/v2\/product_cat?post=58421"},{"taxonomy":"product_tag","embeddable":true,"href":"https:\/\/shop.rvcare.ca\/fr\/wp-json\/wp\/v2\/product_tag?post=58421"}],"curies":[{"name":"wp","href":"https:\/\/api.w.org\/{rel}","templated":true}]}}