{"id":60993,"date":"2023-01-17T16:44:22","date_gmt":"2023-01-17T21:44:22","guid":{"rendered":"https:\/\/rvcare.ca\/product\/ensemble-de-2-fourchettes-extensibles-pour-feu-de-camp-a-guimauve-et-hot-dog\/"},"modified":"2026-03-30T14:24:57","modified_gmt":"2026-03-30T18:24:57","slug":"2-piece-extendable-marshmallow-hot-dog-campfire-fork-set","status":"publish","type":"product","link":"https:\/\/shop.rvcare.ca\/fr\/produit\/2-piece-extendable-marshmallow-hot-dog-campfire-fork-set\/","title":{"rendered":"Ensemble de 2 fourchettes t\u00e9lescopiques pour guimauves et saucisses"},"content":{"rendered":"<p>Avec leur poign\u00e9e coussin\u00e9e, ces fourchettes vous aideront \u00e0 faire dorer des guimauves ou des saucisses hot-dogs sur le feu de camp ! Id\u00e9al pour les barbecues, les sites de camping, les feux de camp et plus encore. S&rsquo;allongent jusqu&rsquo;\u00e0 34 po<\/p>\n<div><strong>Caract\u00e9ristiques<\/strong><\/p>\n<ul>\n<li>S&rsquo;allongent jusqu&rsquo;\u00e0 34 po<\/li>\n<li>Fabriqu\u00e9 en acier inoxydable 430 de qualit\u00e9 alimentaire<\/li>\n<li>Poign\u00e9e coussin\u00e9e<\/li>\n<li>Ces fourchettes sont id\u00e9ales pour faire r\u00f4tir des saucisses, des guimauves, des brochettes et m\u00eame des l\u00e9gumes ou des fruits<\/li>\n<li>Rangement facile<\/li>\n<\/ul>\n<\/div>\n","protected":false},"excerpt":{"rendered":"<ul>\n<li>Inclus : 2 fourchettes \u00e0 barbecue t\u00e9lescopiques (1 guimauve, 1 motif saucisse)<\/li>\n<li>Mat\u00e9riau du manche : fourchette en acier inoxydable 430 de qualit\u00e9 alimentaire<\/li>\n<li>Mat\u00e9riau de la poign\u00e9e : mousse de polyur\u00e9thane<\/li>\n<li>Fabricant: Relaxus<\/li>\n<li>Longueur r\u00e9tract\u00e9e : 10 po<\/li>\n<li>Longueur d&rsquo;extension : 34 po<\/li>\n<\/ul>\n","protected":false},"featured_media":42681,"comment_status":"closed","ping_status":"closed","template":"","meta":{"_glsr_average":0,"_glsr_ranking":0,"_glsr_reviews":0,"keywords_product":"","featured_product":"","product_importance":"","wds_primary_product_brand":0,"wds_primary_product_cat":0,"wds_primary_fb_product_set":0},"product_brand":[],"product_cat":[1056,1859,1480,1858,187],"product_tag":[1294],"class_list":{"0":"post-60993","1":"product","2":"type-product","3":"status-publish","4":"has-post-thumbnail","6":"product_cat-bbq-accessories","7":"product_cat-camping-outdoors","8":"product_cat-outdoor-living","9":"product_cat-rv-interior","10":"product_cat-housewares","11":"product_tag-spaceful-fr","13":"first","14":"instock","15":"taxable","16":"shipping-taxable","17":"purchasable","18":"product-type-simple"},"bundled_by":[],"bundle_stock_status":"instock","bundle_stock_quantity":4,"bundle_virtual":false,"bundle_layout":"","bundle_add_to_cart_form_location":"","bundle_editable_in_cart":false,"bundle_sold_individually_context":"","bundle_item_grouping":"","bundle_min_size":"","bundle_max_size":"","bundle_price":[],"bundled_items":[],"bundle_sell_ids":[],"_links":{"self":[{"href":"https:\/\/shop.rvcare.ca\/fr\/wp-json\/wp\/v2\/product\/60993","targetHints":{"allow":["GET"]}}],"collection":[{"href":"https:\/\/shop.rvcare.ca\/fr\/wp-json\/wp\/v2\/product"}],"about":[{"href":"https:\/\/shop.rvcare.ca\/fr\/wp-json\/wp\/v2\/types\/product"}],"replies":[{"embeddable":true,"href":"https:\/\/shop.rvcare.ca\/fr\/wp-json\/wp\/v2\/comments?post=60993"}],"version-history":[{"count":1,"href":"https:\/\/shop.rvcare.ca\/fr\/wp-json\/wp\/v2\/product\/60993\/revisions"}],"predecessor-version":[{"id":157480,"href":"https:\/\/shop.rvcare.ca\/fr\/wp-json\/wp\/v2\/product\/60993\/revisions\/157480"}],"wp:featuredmedia":[{"embeddable":true,"href":"https:\/\/shop.rvcare.ca\/fr\/wp-json\/wp\/v2\/media\/42681"}],"wp:attachment":[{"href":"https:\/\/shop.rvcare.ca\/fr\/wp-json\/wp\/v2\/media?parent=60993"}],"wp:term":[{"taxonomy":"product_brand","embeddable":true,"href":"https:\/\/shop.rvcare.ca\/fr\/wp-json\/wp\/v2\/product_brand?post=60993"},{"taxonomy":"product_cat","embeddable":true,"href":"https:\/\/shop.rvcare.ca\/fr\/wp-json\/wp\/v2\/product_cat?post=60993"},{"taxonomy":"product_tag","embeddable":true,"href":"https:\/\/shop.rvcare.ca\/fr\/wp-json\/wp\/v2\/product_tag?post=60993"}],"curies":[{"name":"wp","href":"https:\/\/api.w.org\/{rel}","templated":true}]}}