{"id":60999,"date":"2023-03-03T12:06:15","date_gmt":"2023-03-03T17:06:15","guid":{"rendered":"https:\/\/rvcare.ca\/product\/happy-campers-ensemble-assiette-et-couverts-en-bambou\/"},"modified":"2026-04-02T15:29:40","modified_gmt":"2026-04-02T19:29:40","slug":"assiette-couverts-en-bambou-happy-campers","status":"publish","type":"product","link":"https:\/\/shop.rvcare.ca\/fr\/produit\/assiette-couverts-en-bambou-happy-campers\/","title":{"rendered":"Happy Campers \u2013 Ensemble Assiette et couverts en bambou"},"content":{"rendered":"<p>Fabriqu\u00e9 \u00e0 partir de bambou \u00e0 100 %, cet ensemble d&rsquo;assiettes et de couverts respectueux de l&rsquo;environnement ne contient pas de produits chimiques nocifs. Un excellent choix pour les familles qui recherchent une option s\u00fbre et \u00e9cologique.<strong>Caract\u00e9ristiques<\/strong><\/p>\n<ul>\n<li>Ensemble r\u00e9utilisable<\/li>\n<li>Poids l\u00e9ger<\/li>\n<li>sans BPA<\/li>\n<li>S\u00fbr et sans produits chimiques<\/li>\n<li>100% biosourc\u00e9 \/ 100% bambou<\/li>\n<li>Inclus dans ce set : 1 x assiette en bambou, 1 x fourchette en bambou, 1 x cuill\u00e8re en bambou, 1 x couteau en bambou<\/li>\n<\/ul>\n","protected":false},"excerpt":{"rendered":"<ul>\n<li>Mati\u00e8re : 100% bambou<\/li>\n<li>Taille des ustensiles : 8 pouces de long<\/li>\n<li>Taille de la plaque : 7,5 x 7,5 x 0,5 po<\/li>\n<li>L&rsquo;ensemble comprend : 1 x assiette en bambou, 1 x fourchette en bambou, 1 x cuill\u00e8re en bambou, 1 x couteau en bambou<\/li>\n<\/ul>\n","protected":false},"featured_media":61050,"comment_status":"closed","ping_status":"closed","template":"","meta":{"_glsr_average":0,"_glsr_ranking":0,"_glsr_reviews":0,"keywords_product":"","featured_product":"","product_importance":"","wds_primary_product_brand":0,"wds_primary_product_cat":0,"wds_primary_fb_product_set":0},"product_brand":[],"product_cat":[253],"product_tag":[1294],"class_list":{"0":"post-60999","1":"product","2":"type-product","3":"status-publish","4":"has-post-thumbnail","6":"product_cat-vaisselle-cuisine","7":"product_tag-spaceful-fr","9":"first","10":"instock","11":"taxable","12":"shipping-taxable","13":"purchasable","14":"product-type-simple"},"bundled_by":[],"bundle_stock_status":"instock","bundle_stock_quantity":5,"bundle_virtual":false,"bundle_layout":"","bundle_add_to_cart_form_location":"","bundle_editable_in_cart":false,"bundle_sold_individually_context":"","bundle_item_grouping":"","bundle_min_size":"","bundle_max_size":"","bundle_price":[],"bundled_items":[],"bundle_sell_ids":[],"_links":{"self":[{"href":"https:\/\/shop.rvcare.ca\/fr\/wp-json\/wp\/v2\/product\/60999","targetHints":{"allow":["GET"]}}],"collection":[{"href":"https:\/\/shop.rvcare.ca\/fr\/wp-json\/wp\/v2\/product"}],"about":[{"href":"https:\/\/shop.rvcare.ca\/fr\/wp-json\/wp\/v2\/types\/product"}],"replies":[{"embeddable":true,"href":"https:\/\/shop.rvcare.ca\/fr\/wp-json\/wp\/v2\/comments?post=60999"}],"version-history":[{"count":2,"href":"https:\/\/shop.rvcare.ca\/fr\/wp-json\/wp\/v2\/product\/60999\/revisions"}],"predecessor-version":[{"id":158496,"href":"https:\/\/shop.rvcare.ca\/fr\/wp-json\/wp\/v2\/product\/60999\/revisions\/158496"}],"wp:featuredmedia":[{"embeddable":true,"href":"https:\/\/shop.rvcare.ca\/fr\/wp-json\/wp\/v2\/media\/61050"}],"wp:attachment":[{"href":"https:\/\/shop.rvcare.ca\/fr\/wp-json\/wp\/v2\/media?parent=60999"}],"wp:term":[{"taxonomy":"product_brand","embeddable":true,"href":"https:\/\/shop.rvcare.ca\/fr\/wp-json\/wp\/v2\/product_brand?post=60999"},{"taxonomy":"product_cat","embeddable":true,"href":"https:\/\/shop.rvcare.ca\/fr\/wp-json\/wp\/v2\/product_cat?post=60999"},{"taxonomy":"product_tag","embeddable":true,"href":"https:\/\/shop.rvcare.ca\/fr\/wp-json\/wp\/v2\/product_tag?post=60999"}],"curies":[{"name":"wp","href":"https:\/\/api.w.org\/{rel}","templated":true}]}}