{"id":64739,"date":"2023-01-18T13:31:49","date_gmt":"2023-01-18T18:31:49","guid":{"rendered":"https:\/\/rvcare.ca\/product\/414-ml-14-oz-tasse-sous-vide-en-acier-inoxydable-avec-poignee-thematique-camping\/"},"modified":"2026-04-02T15:29:40","modified_gmt":"2026-04-02T19:29:40","slug":"14-oz-stainless-steel-vacuum-mug-with-handle-camping-theme-aqua-blue","status":"publish","type":"product","link":"https:\/\/shop.rvcare.ca\/fr\/produit\/14-oz-stainless-steel-vacuum-mug-with-handle-camping-theme-aqua-blue\/","title":{"rendered":"414 mL (14 oz.) Tasse sous vide en acier inoxydable avec poign\u00e9e &#8211; Th\u00e8matique camping"},"content":{"rendered":"<p>Commencez votre journ\u00e9e en plein air avec une tasse assortie \u00e0 vos activit\u00e9s camping. Tasse sous vide en acier inoxydable. C&rsquo;est aussi un excellent cadeau pour les campeurs de votre famille.<strong>Caract\u00e9ristiques<\/strong><\/p>\n<ul>\n<li>Capacit\u00e9 de 414 mL (14 oz.) de votre boisson pr\u00e9f\u00e9r\u00e9e<\/li>\n<li>Graphique amusant sur le th\u00e8matique du camping<\/li>\n<li>Double paroi isol\u00e9e<\/li>\n<li>En acier inoxydable<\/li>\n<li>Couvercle de voyage inclus<\/li>\n<li>Type de couvercle : coulissant<\/li>\n<li>Poign\u00e9e pr\u00e9hensible<\/li>\n<li>Disponible en 3 couleurs : aqua, orange ou bleu fonc\u00e9<\/li>\n<\/ul>\n","protected":false},"excerpt":{"rendered":"<ul>\n<li>Capacit\u00e9: 414 mL (14 oz.)<\/li>\n<li>mat\u00e9riel: acier inoxydable<\/li>\n<li>Isol\u00e9 : Double Paroi<\/li>\n<li>Type de couvercle : coulissant<\/li>\n<li>Dimensions : 3,5 x 3,5 x 4,5 po<\/li>\n<li>Le prix est pour une (1) tasse<\/li>\n<\/ul>\n","protected":false},"featured_media":64825,"comment_status":"closed","ping_status":"closed","template":"","meta":{"_glsr_average":0,"_glsr_ranking":0,"_glsr_reviews":0,"keywords_product":"","featured_product":"","product_importance":"","wds_primary_product_brand":0,"wds_primary_product_cat":0,"wds_primary_fb_product_set":0},"product_brand":[],"product_cat":[1868,253],"product_tag":[1294],"class_list":{"0":"post-64739","1":"product","2":"type-product","3":"status-publish","4":"has-post-thumbnail","6":"product_cat-interieur-rv","7":"product_cat-vaisselle-cuisine","8":"product_tag-spaceful-fr","10":"first","11":"instock","12":"taxable","13":"shipping-taxable","14":"purchasable","15":"product-type-variable"},"bundled_by":[],"bundle_stock_status":"instock","bundle_stock_quantity":null,"bundle_virtual":false,"bundle_layout":"","bundle_add_to_cart_form_location":"","bundle_editable_in_cart":false,"bundle_sold_individually_context":"","bundle_item_grouping":"","bundle_min_size":"","bundle_max_size":"","bundle_price":[],"bundled_items":[],"bundle_sell_ids":[],"_links":{"self":[{"href":"https:\/\/shop.rvcare.ca\/fr\/wp-json\/wp\/v2\/product\/64739","targetHints":{"allow":["GET"]}}],"collection":[{"href":"https:\/\/shop.rvcare.ca\/fr\/wp-json\/wp\/v2\/product"}],"about":[{"href":"https:\/\/shop.rvcare.ca\/fr\/wp-json\/wp\/v2\/types\/product"}],"replies":[{"embeddable":true,"href":"https:\/\/shop.rvcare.ca\/fr\/wp-json\/wp\/v2\/comments?post=64739"}],"version-history":[{"count":2,"href":"https:\/\/shop.rvcare.ca\/fr\/wp-json\/wp\/v2\/product\/64739\/revisions"}],"predecessor-version":[{"id":158497,"href":"https:\/\/shop.rvcare.ca\/fr\/wp-json\/wp\/v2\/product\/64739\/revisions\/158497"}],"wp:featuredmedia":[{"embeddable":true,"href":"https:\/\/shop.rvcare.ca\/fr\/wp-json\/wp\/v2\/media\/64825"}],"wp:attachment":[{"href":"https:\/\/shop.rvcare.ca\/fr\/wp-json\/wp\/v2\/media?parent=64739"}],"wp:term":[{"taxonomy":"product_brand","embeddable":true,"href":"https:\/\/shop.rvcare.ca\/fr\/wp-json\/wp\/v2\/product_brand?post=64739"},{"taxonomy":"product_cat","embeddable":true,"href":"https:\/\/shop.rvcare.ca\/fr\/wp-json\/wp\/v2\/product_cat?post=64739"},{"taxonomy":"product_tag","embeddable":true,"href":"https:\/\/shop.rvcare.ca\/fr\/wp-json\/wp\/v2\/product_tag?post=64739"}],"curies":[{"name":"wp","href":"https:\/\/api.w.org\/{rel}","templated":true}]}}