{"id":65659,"date":"2022-05-02T04:02:04","date_gmt":"2022-05-02T08:02:04","guid":{"rendered":"https:\/\/rvcare.ca\/product\/regulateur-fixe-de-gaz-propane-haute-pression-compact-rv-travelers-choice-30-psi-entree-sortie-fnpt-1-4\/"},"modified":"2026-03-30T14:24:58","modified_gmt":"2026-03-30T18:24:58","slug":"rv-travelers-choice-compact-high-pressure-lp-gas-fixed-regulator-30-psi-1-4-fnpt-inlet-outlet","status":"publish","type":"product","link":"https:\/\/shop.rvcare.ca\/fr\/produit\/rv-travelers-choice-compact-high-pressure-lp-gas-fixed-regulator-30-psi-1-4-fnpt-inlet-outlet\/","title":{"rendered":"R\u00e9gulateur fixe de gaz propane haute pression compact RV Traveler&rsquo;s Choice \u2013 30 PSI, entr\u00e9e\/sortie FNPT 1\/4&Prime;"},"content":{"rendered":"<p>Le r\u00e9gulateur de gaz LP Traveler&rsquo;s Choice de RV est un r\u00e9gulateur compact, haute pression, \u00e0 un \u00e9tage, fixe avec une entr\u00e9e\/sortie FNPT de 30 PSI et 1\/4&Prime; qui est con\u00e7u pour fournir une solution \u00e9conomique pour les applications de service de livres \u00e0 livres. Peut \u00eatre utilis\u00e9 pour r\u00e9guler l&rsquo;air ainsi que le gaz LP.<\/p>\n<ul>\n<li>Compact<\/li>\n<li>En une seule \u00e9tape<\/li>\n<li>Haute pression fixe, 30 PSI<\/li>\n<li>Id\u00e9al pour les applications de cylindre divis\u00e9 de caravanes \u00e0 sellette<\/li>\n<\/ul>\n","protected":false},"excerpt":{"rendered":"<ul>\n<li>Type : Haute Pression &#8211; Fixe<\/li>\n<li>Taille d&rsquo;entr\u00e9e : 1\/4 po<\/li>\n<li>Type de fixation d&rsquo;entr\u00e9e : Filetages femelles<\/li>\n<li>Taille de sortie : 1\/4 po<\/li>\n<li>Type de fixation de sortie : Filetages femelles<\/li>\n<li>Type d&rsquo;installation : Horizontale<\/li>\n<li>Pression de sortie : 30 livres par pouce carr\u00e9<\/li>\n<li>Nombre d&rsquo;\u00e9tages : 1<\/li>\n<li>Niveau BTU : 1200000 BTU<\/li>\n<li>Mat\u00e9riel:Zinc<\/li>\n<li>Avec vanne d&rsquo;arr\u00eat : non<\/li>\n<li>Avec tuyau : Non<\/li>\n<li>Approuv\u00e9 pour VR : Oui<\/li>\n<\/ul>\n","protected":false},"featured_media":65658,"comment_status":"closed","ping_status":"closed","template":"","meta":{"_glsr_average":0,"_glsr_ranking":0,"_glsr_reviews":0,"keywords_product":"","featured_product":"","product_importance":"1","wds_primary_product_brand":0,"wds_primary_product_cat":0,"wds_primary_fb_product_set":0},"product_brand":[2109],"product_cat":[1867,1130],"product_tag":[1943,1590,1944,1462],"class_list":{"0":"post-65659","1":"product","2":"type-product","3":"status-publish","4":"has-post-thumbnail","6":"product_brand-rv-travelers-choice-fr","7":"product_cat-camping-exterieur","8":"product_cat-propane","9":"product_tag-rv-travelers-choice-fr","10":"product_tag-liquidation","11":"product_tag-meilleurs-vendeurs","12":"product_tag-ntp-fr","14":"first","15":"instock","16":"sale","17":"taxable","18":"shipping-taxable","19":"purchasable","20":"product-type-simple"},"bundled_by":[],"bundle_stock_status":"instock","bundle_stock_quantity":200,"bundle_virtual":false,"bundle_layout":"","bundle_add_to_cart_form_location":"","bundle_editable_in_cart":false,"bundle_sold_individually_context":"","bundle_item_grouping":"","bundle_min_size":"","bundle_max_size":"","bundle_price":[],"bundled_items":[],"bundle_sell_ids":[],"_links":{"self":[{"href":"https:\/\/shop.rvcare.ca\/fr\/wp-json\/wp\/v2\/product\/65659","targetHints":{"allow":["GET"]}}],"collection":[{"href":"https:\/\/shop.rvcare.ca\/fr\/wp-json\/wp\/v2\/product"}],"about":[{"href":"https:\/\/shop.rvcare.ca\/fr\/wp-json\/wp\/v2\/types\/product"}],"replies":[{"embeddable":true,"href":"https:\/\/shop.rvcare.ca\/fr\/wp-json\/wp\/v2\/comments?post=65659"}],"version-history":[{"count":1,"href":"https:\/\/shop.rvcare.ca\/fr\/wp-json\/wp\/v2\/product\/65659\/revisions"}],"predecessor-version":[{"id":154370,"href":"https:\/\/shop.rvcare.ca\/fr\/wp-json\/wp\/v2\/product\/65659\/revisions\/154370"}],"wp:featuredmedia":[{"embeddable":true,"href":"https:\/\/shop.rvcare.ca\/fr\/wp-json\/wp\/v2\/media\/65658"}],"wp:attachment":[{"href":"https:\/\/shop.rvcare.ca\/fr\/wp-json\/wp\/v2\/media?parent=65659"}],"wp:term":[{"taxonomy":"product_brand","embeddable":true,"href":"https:\/\/shop.rvcare.ca\/fr\/wp-json\/wp\/v2\/product_brand?post=65659"},{"taxonomy":"product_cat","embeddable":true,"href":"https:\/\/shop.rvcare.ca\/fr\/wp-json\/wp\/v2\/product_cat?post=65659"},{"taxonomy":"product_tag","embeddable":true,"href":"https:\/\/shop.rvcare.ca\/fr\/wp-json\/wp\/v2\/product_tag?post=65659"}],"curies":[{"name":"wp","href":"https:\/\/api.w.org\/{rel}","templated":true}]}}