{"id":66053,"date":"2022-05-02T04:06:34","date_gmt":"2022-05-02T08:06:34","guid":{"rendered":"https:\/\/rvcare.ca\/product\/rv-travelers-choice-two-stage-high-volume-lp-regulator-with-pol-fitting\/"},"modified":"2026-03-30T14:24:58","modified_gmt":"2026-03-30T18:24:58","slug":"rv-travelers-choice-two-stage-high-volume-lp-regulator-with-pol-fitting","status":"publish","type":"product","link":"https:\/\/shop.rvcare.ca\/fr\/produit\/rv-travelers-choice-two-stage-high-volume-lp-regulator-with-pol-fitting\/","title":{"rendered":"R\u00e9gulateur LP \u00e0 haut volume \u00e0 deux \u00e9tages RV Traveler&rsquo;s Choice avec raccord POL"},"content":{"rendered":"<p>Le r\u00e9gulateur \u00e0 volume \u00e9lev\u00e9 RV Traveler&rsquo;s Choice avec raccord POL est un r\u00e9gulateur LP \u00e0 deux \u00e9tages con\u00e7u pour une utilisation BTU sup\u00e9rieure \u00e0 la norme.<\/p>\n<p><strong>Caract\u00e9ristiques<\/strong><\/p>\n<ul>\n<li>R\u00e9gulateur LP \u00e0 deux \u00e9tages avec raccord POL et position d&rsquo;\u00e9vent \u00e0 90 degr\u00e9s pour une utilisation sur des r\u00e9servoirs mont\u00e9s sur ch\u00e2ssis, montage horizontal<\/li>\n<li>Volume \u00e9lev\u00e9 \u00e9valu\u00e9 pour une utilisation BTU sup\u00e9rieure \u00e0 la norme<\/li>\n<li>Capacit\u00e9 de 225 000 BTU<\/li>\n<li>Garantie limit\u00e9e de 5 ans<\/li>\n<\/ul>\n","protected":false},"excerpt":{"rendered":"<ul>\n<li>Taille d&rsquo;entr\u00e9e : 1\/4 po<\/li>\n<li>Type de fixation d&rsquo;entr\u00e9e : Prest-O-Lite<\/li>\n<li>Taille de sortie : 3\/8 po<\/li>\n<li>Type de fixation de sortie : Filetages femelles<\/li>\n<li>Type d&rsquo;installation : Horizontale<\/li>\n<li>Pression de sortie : 11 po WC<\/li>\n<li>Nombre d&rsquo;\u00e9tages : 2<\/li>\n<li>Niveau BTU : 225 000 BTU<\/li>\n<li>Mat\u00e9riel:Zinc<\/li>\n<li>Avec vanne d&rsquo;arr\u00eat : Non<\/li>\n<li>Avec tuyau : Non<\/li>\n<li>Approuv\u00e9 RV : Oui<\/li>\n<\/ul>\n","protected":false},"featured_media":66052,"comment_status":"closed","ping_status":"closed","template":"","meta":{"_glsr_average":0,"_glsr_ranking":0,"_glsr_reviews":0,"keywords_product":"","featured_product":"","product_importance":"1","wds_primary_product_brand":0,"wds_primary_product_cat":0,"wds_primary_fb_product_set":0},"product_brand":[2109],"product_cat":[1867,1130],"product_tag":[1943,1590,1462],"class_list":{"0":"post-66053","1":"product","2":"type-product","3":"status-publish","4":"has-post-thumbnail","6":"product_brand-rv-travelers-choice-fr","7":"product_cat-camping-exterieur","8":"product_cat-propane","9":"product_tag-rv-travelers-choice-fr","10":"product_tag-liquidation","11":"product_tag-ntp-fr","13":"first","14":"instock","15":"sale","16":"taxable","17":"shipping-taxable","18":"purchasable","19":"product-type-simple"},"bundled_by":[],"bundle_stock_status":"instock","bundle_stock_quantity":110,"bundle_virtual":false,"bundle_layout":"","bundle_add_to_cart_form_location":"","bundle_editable_in_cart":false,"bundle_sold_individually_context":"","bundle_item_grouping":"","bundle_min_size":"","bundle_max_size":"","bundle_price":[],"bundled_items":[],"bundle_sell_ids":[],"_links":{"self":[{"href":"https:\/\/shop.rvcare.ca\/fr\/wp-json\/wp\/v2\/product\/66053","targetHints":{"allow":["GET"]}}],"collection":[{"href":"https:\/\/shop.rvcare.ca\/fr\/wp-json\/wp\/v2\/product"}],"about":[{"href":"https:\/\/shop.rvcare.ca\/fr\/wp-json\/wp\/v2\/types\/product"}],"replies":[{"embeddable":true,"href":"https:\/\/shop.rvcare.ca\/fr\/wp-json\/wp\/v2\/comments?post=66053"}],"version-history":[{"count":1,"href":"https:\/\/shop.rvcare.ca\/fr\/wp-json\/wp\/v2\/product\/66053\/revisions"}],"predecessor-version":[{"id":154385,"href":"https:\/\/shop.rvcare.ca\/fr\/wp-json\/wp\/v2\/product\/66053\/revisions\/154385"}],"wp:featuredmedia":[{"embeddable":true,"href":"https:\/\/shop.rvcare.ca\/fr\/wp-json\/wp\/v2\/media\/66052"}],"wp:attachment":[{"href":"https:\/\/shop.rvcare.ca\/fr\/wp-json\/wp\/v2\/media?parent=66053"}],"wp:term":[{"taxonomy":"product_brand","embeddable":true,"href":"https:\/\/shop.rvcare.ca\/fr\/wp-json\/wp\/v2\/product_brand?post=66053"},{"taxonomy":"product_cat","embeddable":true,"href":"https:\/\/shop.rvcare.ca\/fr\/wp-json\/wp\/v2\/product_cat?post=66053"},{"taxonomy":"product_tag","embeddable":true,"href":"https:\/\/shop.rvcare.ca\/fr\/wp-json\/wp\/v2\/product_tag?post=66053"}],"curies":[{"name":"wp","href":"https:\/\/api.w.org\/{rel}","templated":true}]}}