{"id":67609,"date":"2022-05-02T04:09:29","date_gmt":"2022-05-02T08:09:29","guid":{"rendered":"https:\/\/rvcare.ca\/product\/regulateur-a-permutation-automatique-a-deux-etages-au-propane-avec-tuyaux-a-haut-volume-le-choix-du-campeur\/"},"modified":"2026-04-10T11:12:58","modified_gmt":"2026-04-10T15:12:58","slug":"rv-travelers-choice-two-stage-automatic-changeover-lp-regulator-with-high-volume-hoses","status":"publish","type":"product","link":"https:\/\/shop.rvcare.ca\/fr\/produit\/rv-travelers-choice-two-stage-automatic-changeover-lp-regulator-with-high-volume-hoses\/","title":{"rendered":"R\u00e9gulateur \u00e0 permutation automatique \u00e0 deux \u00e9tages au propane avec tuyaux \u00e0 haut volume Le choix du campeur"},"content":{"rendered":"<p>Ce r\u00e9gulateur automatique \u00e0 permutation automatique \u00e0 deux \u00e9tages au propane Le choix du campeur est dot\u00e9 d&rsquo;un tuyau de 24 pouces qui redirige automatiquement le flux de vapeur de gaz de p\u00e9trole liqu\u00e9fi\u00e9 d&rsquo;une bouteille de service vide vers une bouteille de r\u00e9serve, sans interruption de service.<\/p>\n<p><strong>Caract\u00e9ristiques<\/strong><\/p>\n<ul>\n<li style=\"list-style-type: none;\">\n<ul>\n<li>Indicateur facile \u00e0 lire qui passe au rouge lorsque le cylindre de service doit \u00eatre rempli.<\/li>\n<li>Valeur BTU sup\u00e9rieure \u00e0 celle des d\u00e9tendeurs standard.<\/li>\n<li>Conforme aux exigences UL, RVIA et NFPA<\/li>\n<li>Garantie limit\u00e9e de 5 ans<\/li>\n<\/ul>\n<\/li>\n<\/ul>\n","protected":false},"excerpt":{"rendered":"<ul>\n<li>Taille de l&rsquo;entr\u00e9e : 0,25 po<\/li>\n<li>Type de fixation d&rsquo;entr\u00e9e : Filetages femelles<\/li>\n<li>Taille de la sortie : 3\/8 po<\/li>\n<li>Type de fixation de la sortie : Filet femelle<\/li>\n<li>Type d&rsquo;installation : Vertical<\/li>\n<li>Pression de sortie : 11 pouces WC<\/li>\n<li>Nombre d&rsquo;\u00e9tages : 2<\/li>\n<li>Niveau de BTU : 350000 BTU par heure 1 \u00e9tage \/ 200000 BTU par heure 2 \u00e9tages<\/li>\n<li>Mat\u00e9riel:Zinc<\/li>\n<li>Avec vanne d&rsquo;arr\u00eat : Non<\/li>\n<li>Avec tuyau : Oui<\/li>\n<li>Approuv\u00e9 pour VR : Oui<\/li>\n<\/ul>\n","protected":false},"featured_media":65831,"comment_status":"closed","ping_status":"closed","template":"","meta":{"_glsr_average":0,"_glsr_ranking":0,"_glsr_reviews":0,"keywords_product":"","featured_product":"false","product_importance":"1","wds_primary_product_brand":0,"wds_primary_product_cat":0,"wds_primary_fb_product_set":0},"product_brand":[2109],"product_cat":[1867,1130],"product_tag":[1943,1590,1944,1462],"class_list":{"0":"post-67609","1":"product","2":"type-product","3":"status-publish","4":"has-post-thumbnail","6":"product_brand-rv-travelers-choice-fr","7":"product_cat-camping-exterieur","8":"product_cat-propane","9":"product_tag-rv-travelers-choice-fr","10":"product_tag-liquidation","11":"product_tag-meilleurs-vendeurs","12":"product_tag-ntp-fr","14":"first","15":"instock","16":"sale","17":"taxable","18":"shipping-taxable","19":"purchasable","20":"product-type-simple"},"bundled_by":[],"bundle_stock_status":"instock","bundle_stock_quantity":176,"bundle_virtual":false,"bundle_layout":"","bundle_add_to_cart_form_location":"","bundle_editable_in_cart":false,"bundle_sold_individually_context":"","bundle_item_grouping":"","bundle_min_size":"","bundle_max_size":"","bundle_price":[],"bundled_items":[],"bundle_sell_ids":[],"_links":{"self":[{"href":"https:\/\/shop.rvcare.ca\/fr\/wp-json\/wp\/v2\/product\/67609","targetHints":{"allow":["GET"]}}],"collection":[{"href":"https:\/\/shop.rvcare.ca\/fr\/wp-json\/wp\/v2\/product"}],"about":[{"href":"https:\/\/shop.rvcare.ca\/fr\/wp-json\/wp\/v2\/types\/product"}],"replies":[{"embeddable":true,"href":"https:\/\/shop.rvcare.ca\/fr\/wp-json\/wp\/v2\/comments?post=67609"}],"version-history":[{"count":4,"href":"https:\/\/shop.rvcare.ca\/fr\/wp-json\/wp\/v2\/product\/67609\/revisions"}],"predecessor-version":[{"id":157386,"href":"https:\/\/shop.rvcare.ca\/fr\/wp-json\/wp\/v2\/product\/67609\/revisions\/157386"}],"wp:featuredmedia":[{"embeddable":true,"href":"https:\/\/shop.rvcare.ca\/fr\/wp-json\/wp\/v2\/media\/65831"}],"wp:attachment":[{"href":"https:\/\/shop.rvcare.ca\/fr\/wp-json\/wp\/v2\/media?parent=67609"}],"wp:term":[{"taxonomy":"product_brand","embeddable":true,"href":"https:\/\/shop.rvcare.ca\/fr\/wp-json\/wp\/v2\/product_brand?post=67609"},{"taxonomy":"product_cat","embeddable":true,"href":"https:\/\/shop.rvcare.ca\/fr\/wp-json\/wp\/v2\/product_cat?post=67609"},{"taxonomy":"product_tag","embeddable":true,"href":"https:\/\/shop.rvcare.ca\/fr\/wp-json\/wp\/v2\/product_tag?post=67609"}],"curies":[{"name":"wp","href":"https:\/\/api.w.org\/{rel}","templated":true}]}}