{"id":78754,"date":"2023-12-22T09:48:20","date_gmt":"2023-12-22T14:48:20","guid":{"rendered":"https:\/\/rvcare.ca\/product\/walex-bio-pak-deodorizing-packet-tropical-scent-bag-of-10-treatments\/"},"modified":"2026-03-30T14:25:07","modified_gmt":"2026-03-30T18:25:07","slug":"walex-bio-pak-deodorizing-packet-tropical-scent-bag-of-10-treatments","status":"publish","type":"product","link":"https:\/\/shop.rvcare.ca\/fr\/produit\/walex-bio-pak-deodorizing-packet-tropical-scent-bag-of-10-treatments\/","title":{"rendered":"Sachets d\u00e9sodorisants Walex Bio-Pak (Parfum tropical &#8211; 10 sachets)"},"content":{"rendered":"<p class=\"p1\">Ces sachets d\u00e9sodorisants Walex Bio-Pak sont le fruit des recherches approfondies de l\u2019\u00e9quipe R&amp;D de Walex, qui a mis au point une formule enzymatique naturelle et tr\u00e8s efficace pour neutraliser les odeurs et liqu\u00e9fier les d\u00e9chets.<\/p>\n<p class=\"p2\">La formule enzymatique avanc\u00e9e d\u00e9sodorise et nettoie le r\u00e9servoir.<\/p>\n<p class=\"p2\">Contient 10 doses pr\u00e9-dos\u00e9es.<\/p>\n<p class=\"p2\">Parfum tropical agr\u00e9able.<\/p>\n","protected":false},"excerpt":{"rendered":"<ul>\n<li>Type : Biologique<\/li>\n<li>Parfum : Tropical<\/li>\n<li>Taille du r\u00e9servoir : 50 Gallons (189,28 L)<\/li>\n<li>Poids unitaire : 32 grammes<\/li>\n<li>Type des unit\u00e9s : sachet<\/li>\n<li>Quantit\u00e9 : Sac de 10 sachets<\/li>\n<li>Pr\u00e9vention d&rsquo;odeurs imbattable.<\/li>\n<li>Les portions pr\u00e9emball\u00e9es permet d&rsquo;\u00e9viter les fuites.<\/li>\n<li>Le sachet hydrosoluble se dissolve rapidement.<\/li>\n<li>D\u00e9composition rapide des d\u00e9chets et du papier.<\/li>\n<li>Nettoyage des capteurs et lubrification des valves.<\/li>\n<li>Formulation sans formald\u00e9hyde.<\/li>\n<li>Sac \u00e0 fermeture \u00e9clair pour rangement facile.<\/li>\n<\/ul>\n","protected":false},"featured_media":76531,"comment_status":"closed","ping_status":"closed","template":"","meta":{"_glsr_average":0,"_glsr_ranking":0,"_glsr_reviews":0,"keywords_product":"","featured_product":"","product_importance":"1","wds_primary_product_brand":0,"wds_primary_product_cat":0,"wds_primary_fb_product_set":0},"product_brand":[2130],"product_cat":[271,1875,1568],"product_tag":[1944,2133,1678,1350],"class_list":{"0":"post-78754","1":"product","2":"type-product","3":"status-publish","4":"has-post-thumbnail","6":"product_brand-walex-fr","7":"product_cat-assainissement-dechets","8":"product_cat-reservoirs-deaux-usees-traitements","9":"product_cat-traitement-pour-toilettes-et-reservoirs-deaux-usees","10":"product_tag-meilleurs-vendeurs","11":"product_tag-promo-fr","12":"product_tag-ts-fr","13":"product_tag-walex-fr","15":"first","16":"instock","17":"taxable","18":"shipping-taxable","19":"purchasable","20":"product-type-simple"},"bundled_by":[],"bundle_stock_status":"instock","bundle_stock_quantity":596,"bundle_virtual":false,"bundle_layout":"","bundle_add_to_cart_form_location":"","bundle_editable_in_cart":false,"bundle_sold_individually_context":"","bundle_item_grouping":"","bundle_min_size":"","bundle_max_size":"","bundle_price":[],"bundled_items":[],"bundle_sell_ids":[],"_links":{"self":[{"href":"https:\/\/shop.rvcare.ca\/fr\/wp-json\/wp\/v2\/product\/78754","targetHints":{"allow":["GET"]}}],"collection":[{"href":"https:\/\/shop.rvcare.ca\/fr\/wp-json\/wp\/v2\/product"}],"about":[{"href":"https:\/\/shop.rvcare.ca\/fr\/wp-json\/wp\/v2\/types\/product"}],"replies":[{"embeddable":true,"href":"https:\/\/shop.rvcare.ca\/fr\/wp-json\/wp\/v2\/comments?post=78754"}],"version-history":[{"count":1,"href":"https:\/\/shop.rvcare.ca\/fr\/wp-json\/wp\/v2\/product\/78754\/revisions"}],"predecessor-version":[{"id":155087,"href":"https:\/\/shop.rvcare.ca\/fr\/wp-json\/wp\/v2\/product\/78754\/revisions\/155087"}],"wp:featuredmedia":[{"embeddable":true,"href":"https:\/\/shop.rvcare.ca\/fr\/wp-json\/wp\/v2\/media\/76531"}],"wp:attachment":[{"href":"https:\/\/shop.rvcare.ca\/fr\/wp-json\/wp\/v2\/media?parent=78754"}],"wp:term":[{"taxonomy":"product_brand","embeddable":true,"href":"https:\/\/shop.rvcare.ca\/fr\/wp-json\/wp\/v2\/product_brand?post=78754"},{"taxonomy":"product_cat","embeddable":true,"href":"https:\/\/shop.rvcare.ca\/fr\/wp-json\/wp\/v2\/product_cat?post=78754"},{"taxonomy":"product_tag","embeddable":true,"href":"https:\/\/shop.rvcare.ca\/fr\/wp-json\/wp\/v2\/product_tag?post=78754"}],"curies":[{"name":"wp","href":"https:\/\/api.w.org\/{rel}","templated":true}]}}