{"id":78758,"date":"2023-12-19T15:02:26","date_gmt":"2023-12-19T20:02:26","guid":{"rendered":"https:\/\/rvcare.ca\/product\/star-brite-waste-holding-tank-treatment-32-oz-pine-scent\/"},"modified":"2026-03-30T14:25:08","modified_gmt":"2026-03-30T18:25:08","slug":"star-brite-waste-holding-tank-treatment-32-oz-pine-scent","status":"publish","type":"product","link":"https:\/\/shop.rvcare.ca\/fr\/produit\/star-brite-waste-holding-tank-treatment-32-oz-pine-scent\/","title":{"rendered":"Traitement pour r\u00e9servoir d&rsquo;eaux us\u00e9es Star Brite (32 oz &#8211; Parfum de pin)"},"content":{"rendered":"<p>Ce traitement Star Brite contr\u00f4le les odeurs et la formation de gaz dans le r\u00e9servoir de mati\u00e8res f\u00e9cales. Il maintient \u00e9galement les parois du r\u00e9servoir de mati\u00e8res f\u00e9cales et les conduites de vidange exemptes de d\u00e9bris, tandis que les lubrifiants \u00e9vitent que les valves de vidange ne collent. Id\u00e9al pour tous les toilettes de VR, marines et portables. La formule sans formald\u00e9hyde peut \u00eatre pomp\u00e9e \u00e0 n&rsquo;importe quelle station de vidange.<\/p>\n","protected":false},"excerpt":{"rendered":"<ul>\n<li>Type : D\u00e9sodorisant<\/li>\n<li>Parfum de pin<\/li>\n<li>Taille de r\u00e9servoir : 160 gallons (605,66 L)<\/li>\n<li>Quantit\u00e9 : 32 oz<\/li>\n<li>Contenant : Bouteille<\/li>\n<li>Quantit\u00e9 unitaire : un<\/li>\n<li>Lubrifie les valves de vidange et d\u00e9compose les d\u00e9chets et le papier hygi\u00e9nique.<\/li>\n<li>Formule sans formald\u00e9hyde, non tachante et biod\u00e9gradable.<\/li>\n<\/ul>\n","protected":false},"featured_media":77815,"comment_status":"closed","ping_status":"closed","template":"","meta":{"_glsr_average":0,"_glsr_ranking":0,"_glsr_reviews":0,"keywords_product":"","featured_product":"","product_importance":"","wds_primary_product_brand":0,"wds_primary_product_cat":0,"wds_primary_fb_product_set":0},"product_brand":[1910],"product_cat":[271,1875,1568],"product_tag":[1353,1678],"class_list":{"0":"post-78758","1":"product","2":"type-product","3":"status-publish","4":"has-post-thumbnail","6":"product_brand-star-brite-fr","7":"product_cat-assainissement-dechets","8":"product_cat-reservoirs-deaux-usees-traitements","9":"product_cat-traitement-pour-toilettes-et-reservoirs-deaux-usees","10":"product_tag-star-brite-fr","11":"product_tag-ts-fr","13":"first","14":"instock","15":"taxable","16":"shipping-taxable","17":"purchasable","18":"product-type-simple"},"bundled_by":[],"bundle_stock_status":"instock","bundle_stock_quantity":23,"bundle_virtual":false,"bundle_layout":"","bundle_add_to_cart_form_location":"","bundle_editable_in_cart":false,"bundle_sold_individually_context":"","bundle_item_grouping":"","bundle_min_size":"","bundle_max_size":"","bundle_price":[],"bundled_items":[],"bundle_sell_ids":[],"_links":{"self":[{"href":"https:\/\/shop.rvcare.ca\/fr\/wp-json\/wp\/v2\/product\/78758","targetHints":{"allow":["GET"]}}],"collection":[{"href":"https:\/\/shop.rvcare.ca\/fr\/wp-json\/wp\/v2\/product"}],"about":[{"href":"https:\/\/shop.rvcare.ca\/fr\/wp-json\/wp\/v2\/types\/product"}],"replies":[{"embeddable":true,"href":"https:\/\/shop.rvcare.ca\/fr\/wp-json\/wp\/v2\/comments?post=78758"}],"version-history":[{"count":1,"href":"https:\/\/shop.rvcare.ca\/fr\/wp-json\/wp\/v2\/product\/78758\/revisions"}],"predecessor-version":[{"id":157489,"href":"https:\/\/shop.rvcare.ca\/fr\/wp-json\/wp\/v2\/product\/78758\/revisions\/157489"}],"wp:featuredmedia":[{"embeddable":true,"href":"https:\/\/shop.rvcare.ca\/fr\/wp-json\/wp\/v2\/media\/77815"}],"wp:attachment":[{"href":"https:\/\/shop.rvcare.ca\/fr\/wp-json\/wp\/v2\/media?parent=78758"}],"wp:term":[{"taxonomy":"product_brand","embeddable":true,"href":"https:\/\/shop.rvcare.ca\/fr\/wp-json\/wp\/v2\/product_brand?post=78758"},{"taxonomy":"product_cat","embeddable":true,"href":"https:\/\/shop.rvcare.ca\/fr\/wp-json\/wp\/v2\/product_cat?post=78758"},{"taxonomy":"product_tag","embeddable":true,"href":"https:\/\/shop.rvcare.ca\/fr\/wp-json\/wp\/v2\/product_tag?post=78758"}],"curies":[{"name":"wp","href":"https:\/\/api.w.org\/{rel}","templated":true}]}}