{"id":79222,"date":"2024-01-03T13:16:34","date_gmt":"2024-01-03T18:16:34","guid":{"rendered":"https:\/\/rvcare.ca\/product\/thetford-awning-cleaner-32-oz-bottle\/"},"modified":"2026-03-30T14:25:20","modified_gmt":"2026-03-30T18:25:20","slug":"thetford-awning-cleaner-32-oz-bottle","status":"publish","type":"product","link":"https:\/\/shop.rvcare.ca\/fr\/produit\/thetford-awning-cleaner-32-oz-bottle\/","title":{"rendered":"Nettoyant pour auvents Thetford (Bouteille de 32 oz)"},"content":{"rendered":"<p>L&rsquo;entretien des auvents commence ici !<\/p>\n<p>Des taches tenaces sur l&rsquo;auvent de votre v\u00e9hicule r\u00e9cr\u00e9atif ? Pas de probl\u00e8me !<\/p>\n<p>Le nettoyant pour auvents Thetford (pour tissu et vinyle) agit rapidement pour redonner \u00e0 votre auvent un aspect fantastique, qu&rsquo;il soit vieux ou neuf ! Une force professionnelle pour un nettoyage impeccable.<\/p>\n<p>Obtenez le v\u00f4tre aujourd&rsquo;hui !<\/p>\n","protected":false},"excerpt":{"rendered":"<ul>\n<li>Taille de l&rsquo;unit\u00e9 : 32 oz<\/li>\n<li>Type d&rsquo;unit\u00e9 : Bouteille<\/li>\n<li>Quantit\u00e9 de l&rsquo;unit\u00e9 : Unique<\/li>\n<li>Enl\u00e8ve les taches de moisissure, de mildiou et de feuilles sur les auvents en tissu et en vinyle.<\/li>\n<li>Bloque les UV pour que l&rsquo;auvent soit plus beau plus longtemps<\/li>\n<li>Formule non d\u00e9colorante qui ne d\u00e9colore pas et ne tache pas les tissus et les surfaces.<\/li>\n<li>Facile \u00e0 utiliser<\/li>\n<li>Non toxique et ininflammable<\/li>\n<li>Liquide 100 % biod\u00e9gradable<\/li>\n<\/ul>\n","protected":false},"featured_media":78231,"comment_status":"closed","ping_status":"closed","template":"","meta":{"_glsr_average":0,"_glsr_ranking":0,"_glsr_reviews":0,"keywords_product":"thetford awning cleaner, awning cleaner, rv awning care, vinyl awning cleaner, fabric awning cleaner, nettoyant pour auvents, auvents, nettoyant, thetford","featured_product":"","product_importance":"1","wds_primary_product_brand":0,"wds_primary_product_cat":0,"wds_primary_fb_product_set":0},"product_brand":[2123],"product_cat":[241,1550],"product_tag":[1462,1371],"class_list":{"0":"post-79222","1":"product","2":"type-product","3":"status-publish","4":"has-post-thumbnail","6":"product_brand-thetford-fr","7":"product_cat-entretien-nettoyage","8":"product_cat-produits-de-nettoyage-pour-lexterieur","9":"product_tag-ntp-fr","10":"product_tag-thetford-fr","12":"first","13":"instock","14":"taxable","15":"shipping-taxable","16":"purchasable","17":"product-type-simple"},"bundled_by":[],"bundle_stock_status":"instock","bundle_stock_quantity":63,"bundle_virtual":false,"bundle_layout":"","bundle_add_to_cart_form_location":"","bundle_editable_in_cart":false,"bundle_sold_individually_context":"","bundle_item_grouping":"","bundle_min_size":"","bundle_max_size":"","bundle_price":[],"bundled_items":[],"bundle_sell_ids":[],"_links":{"self":[{"href":"https:\/\/shop.rvcare.ca\/fr\/wp-json\/wp\/v2\/product\/79222","targetHints":{"allow":["GET"]}}],"collection":[{"href":"https:\/\/shop.rvcare.ca\/fr\/wp-json\/wp\/v2\/product"}],"about":[{"href":"https:\/\/shop.rvcare.ca\/fr\/wp-json\/wp\/v2\/types\/product"}],"replies":[{"embeddable":true,"href":"https:\/\/shop.rvcare.ca\/fr\/wp-json\/wp\/v2\/comments?post=79222"}],"version-history":[{"count":1,"href":"https:\/\/shop.rvcare.ca\/fr\/wp-json\/wp\/v2\/product\/79222\/revisions"}],"predecessor-version":[{"id":157495,"href":"https:\/\/shop.rvcare.ca\/fr\/wp-json\/wp\/v2\/product\/79222\/revisions\/157495"}],"wp:featuredmedia":[{"embeddable":true,"href":"https:\/\/shop.rvcare.ca\/fr\/wp-json\/wp\/v2\/media\/78231"}],"wp:attachment":[{"href":"https:\/\/shop.rvcare.ca\/fr\/wp-json\/wp\/v2\/media?parent=79222"}],"wp:term":[{"taxonomy":"product_brand","embeddable":true,"href":"https:\/\/shop.rvcare.ca\/fr\/wp-json\/wp\/v2\/product_brand?post=79222"},{"taxonomy":"product_cat","embeddable":true,"href":"https:\/\/shop.rvcare.ca\/fr\/wp-json\/wp\/v2\/product_cat?post=79222"},{"taxonomy":"product_tag","embeddable":true,"href":"https:\/\/shop.rvcare.ca\/fr\/wp-json\/wp\/v2\/product_tag?post=79222"}],"curies":[{"name":"wp","href":"https:\/\/api.w.org\/{rel}","templated":true}]}}