{"id":79230,"date":"2024-01-03T13:16:30","date_gmt":"2024-01-03T18:16:30","guid":{"rendered":"https:\/\/rvcare.ca\/product\/thetford-drain-valve-lubricant\/"},"modified":"2026-03-30T14:25:22","modified_gmt":"2026-03-30T18:25:22","slug":"thetford-drain-valve-lubricant","status":"publish","type":"product","link":"https:\/\/shop.rvcare.ca\/fr\/produit\/thetford-drain-valve-lubricant\/","title":{"rendered":"Lubrifiant de Vanne de D\u00e9charge Thetford"},"content":{"rendered":"<p>Voici une once de pr\u00e9vention dans une bouteille de 24 onces. Notre formule sp\u00e9ciale pr\u00e9vient l\u2019usure des joints, les vannes de d\u00e9charge collantes et permet \u00e0 toutes les lignes de plomberie de fonctionner en douceur. Votre r\u00e9servoir de retenue est essentiel pour votre camping-car, et un entretien pr\u00e9ventif est essentiel pour le maintenir en bon \u00e9tat. L\u2019utilisation r\u00e9guli\u00e8re de ces produits aide \u00e0 pr\u00e9venir les probl\u00e8mes tout en prolongeant la dur\u00e9e de vie de votre camping-car.   <\/p>\n","protected":false},"excerpt":{"rendered":"<ul>\n<li>Taille de l\u2019unit\u00e9 : 24 oz (710 ml)<\/li>\n<li>Contenant : Bouteille<\/li>\n<li>Quantit\u00e9 unitaire : un<\/li>\n<li>Pr\u00e9vient l\u2019usure des joints et les vannes de vidange collantes<\/li>\n<li>Restaure le fonctionnement fluide des vannes<\/li>\n<li>Enrobe les lignes de plomberie pour une \u00e9vacuation fluide du r\u00e9servoir<\/li>\n<li>Fonctionne dans les r\u00e9servoirs d\u2019eaux grises et noires<\/li>\n<li>Liquide 100 % biod\u00e9gradable<\/li>\n<\/ul>\n","protected":false},"featured_media":78207,"comment_status":"closed","ping_status":"closed","template":"","meta":{"_glsr_average":0,"_glsr_ranking":0,"_glsr_reviews":0,"keywords_product":"","featured_product":"","product_importance":"","wds_primary_product_brand":0,"wds_primary_product_cat":0},"product_brand":[2054],"product_cat":[62,1866,1565],"product_tag":[1586,1347,1677],"class_list":{"0":"post-79230","1":"product","2":"type-product","3":"status-publish","4":"has-post-thumbnail","6":"product_brand-thetford","7":"product_cat-sanitation-tank-treatment","8":"product_cat-holding-tanks-treatments","9":"product_cat-toilet-holding-tank-treatments","10":"product_tag-top-sellers","11":"product_tag-thetford","12":"product_tag-ts","14":"first","15":"outofstock","16":"taxable","17":"shipping-taxable","18":"purchasable","19":"product-type-simple"},"bundled_by":[],"bundle_stock_status":"outofstock","bundle_stock_quantity":0,"bundle_virtual":false,"bundle_layout":"","bundle_add_to_cart_form_location":"","bundle_editable_in_cart":false,"bundle_sold_individually_context":"","bundle_item_grouping":"","bundle_min_size":"","bundle_max_size":"","bundle_price":[],"bundled_items":[],"bundle_sell_ids":[],"_links":{"self":[{"href":"https:\/\/shop.rvcare.ca\/fr\/wp-json\/wp\/v2\/product\/79230","targetHints":{"allow":["GET"]}}],"collection":[{"href":"https:\/\/shop.rvcare.ca\/fr\/wp-json\/wp\/v2\/product"}],"about":[{"href":"https:\/\/shop.rvcare.ca\/fr\/wp-json\/wp\/v2\/types\/product"}],"replies":[{"embeddable":true,"href":"https:\/\/shop.rvcare.ca\/fr\/wp-json\/wp\/v2\/comments?post=79230"}],"version-history":[{"count":1,"href":"https:\/\/shop.rvcare.ca\/fr\/wp-json\/wp\/v2\/product\/79230\/revisions"}],"predecessor-version":[{"id":157497,"href":"https:\/\/shop.rvcare.ca\/fr\/wp-json\/wp\/v2\/product\/79230\/revisions\/157497"}],"wp:featuredmedia":[{"embeddable":true,"href":"https:\/\/shop.rvcare.ca\/fr\/wp-json\/wp\/v2\/media\/78207"}],"wp:attachment":[{"href":"https:\/\/shop.rvcare.ca\/fr\/wp-json\/wp\/v2\/media?parent=79230"}],"wp:term":[{"taxonomy":"product_brand","embeddable":true,"href":"https:\/\/shop.rvcare.ca\/fr\/wp-json\/wp\/v2\/product_brand?post=79230"},{"taxonomy":"product_cat","embeddable":true,"href":"https:\/\/shop.rvcare.ca\/fr\/wp-json\/wp\/v2\/product_cat?post=79230"},{"taxonomy":"product_tag","embeddable":true,"href":"https:\/\/shop.rvcare.ca\/fr\/wp-json\/wp\/v2\/product_tag?post=79230"}],"curies":[{"name":"wp","href":"https:\/\/api.w.org\/{rel}","templated":true}]}}