{"id":79314,"date":"2023-12-20T16:46:07","date_gmt":"2023-12-20T21:46:07","guid":{"rendered":"https:\/\/rvcare.ca\/product\/trailsphere-bamboo-cutting-board-with-quote-at-the-end-of-the-day\/"},"modified":"2026-03-30T14:25:53","modified_gmt":"2026-03-30T18:25:53","slug":"trailsphere-bamboo-cutting-board-with-quote-at-the-end-of-the-day","status":"publish","type":"product","link":"https:\/\/shop.rvcare.ca\/fr\/produit\/trailsphere-bamboo-cutting-board-with-quote-at-the-end-of-the-day\/","title":{"rendered":"Planche \u00e0 d\u00e9couper en bambou Trailsphere (At the end of the day)"},"content":{"rendered":"<p>La planche \u00e0 d\u00e9couper en bambou Trailsphere offre un design \u00e9l\u00e9gant, une durabilit\u00e9 exceptionnelle et est exempte de BPA. Polyvalente, elle convient \u00e0 une vari\u00e9t\u00e9 d\u2019usages en cuisine.<\/p>\n<p>Dimensions : 292 mm (longueur) x 381 mm (largeur) x 19 mm (\u00e9paisseur)<\/p>\n","protected":false},"excerpt":{"rendered":"<ul>\n<li>Planche \u00e0 d\u00e9couper<\/li>\n<li>Dimensions : 292 x 381 x 19 mm<\/li>\n<li>Couleur : brun<\/li>\n<li>Mat\u00e9riau : bambou<\/li>\n<li>Avec poign\u00e9e et rigole \u00e0 jus<\/li>\n<li>Langue de l\u2019emballage : anglais<\/li>\n<\/ul>\n","protected":false},"featured_media":79553,"comment_status":"closed","ping_status":"closed","template":"","meta":{"_glsr_average":0,"_glsr_ranking":0,"_glsr_reviews":0,"keywords_product":"bamboo cutting board, multi-purpose cutting board, durable cutting board, kitchen accessories, eco-friendly cutting board","featured_product":"","product_importance":"1","wds_primary_product_brand":0,"wds_primary_product_cat":0,"wds_primary_fb_product_set":0},"product_brand":[2125],"product_cat":[1868,253],"product_tag":[1678,1373],"class_list":{"0":"post-79314","1":"product","2":"type-product","3":"status-publish","4":"has-post-thumbnail","6":"product_brand-trail-sphere-fr","7":"product_cat-interieur-rv","8":"product_cat-vaisselle-cuisine","9":"product_tag-ts-fr","10":"product_tag-trail-sphere-fr","12":"first","13":"instock","14":"taxable","15":"shipping-taxable","16":"purchasable","17":"product-type-simple"},"bundled_by":[],"bundle_stock_status":"instock","bundle_stock_quantity":4,"bundle_virtual":false,"bundle_layout":"","bundle_add_to_cart_form_location":"","bundle_editable_in_cart":false,"bundle_sold_individually_context":"","bundle_item_grouping":"","bundle_min_size":"","bundle_max_size":"","bundle_price":[],"bundled_items":[],"bundle_sell_ids":[],"_links":{"self":[{"href":"https:\/\/shop.rvcare.ca\/fr\/wp-json\/wp\/v2\/product\/79314","targetHints":{"allow":["GET"]}}],"collection":[{"href":"https:\/\/shop.rvcare.ca\/fr\/wp-json\/wp\/v2\/product"}],"about":[{"href":"https:\/\/shop.rvcare.ca\/fr\/wp-json\/wp\/v2\/types\/product"}],"replies":[{"embeddable":true,"href":"https:\/\/shop.rvcare.ca\/fr\/wp-json\/wp\/v2\/comments?post=79314"}],"version-history":[{"count":1,"href":"https:\/\/shop.rvcare.ca\/fr\/wp-json\/wp\/v2\/product\/79314\/revisions"}],"predecessor-version":[{"id":157500,"href":"https:\/\/shop.rvcare.ca\/fr\/wp-json\/wp\/v2\/product\/79314\/revisions\/157500"}],"wp:featuredmedia":[{"embeddable":true,"href":"https:\/\/shop.rvcare.ca\/fr\/wp-json\/wp\/v2\/media\/79553"}],"wp:attachment":[{"href":"https:\/\/shop.rvcare.ca\/fr\/wp-json\/wp\/v2\/media?parent=79314"}],"wp:term":[{"taxonomy":"product_brand","embeddable":true,"href":"https:\/\/shop.rvcare.ca\/fr\/wp-json\/wp\/v2\/product_brand?post=79314"},{"taxonomy":"product_cat","embeddable":true,"href":"https:\/\/shop.rvcare.ca\/fr\/wp-json\/wp\/v2\/product_cat?post=79314"},{"taxonomy":"product_tag","embeddable":true,"href":"https:\/\/shop.rvcare.ca\/fr\/wp-json\/wp\/v2\/product_tag?post=79314"}],"curies":[{"name":"wp","href":"https:\/\/api.w.org\/{rel}","templated":true}]}}