{"id":79317,"date":"2023-12-20T15:42:02","date_gmt":"2023-12-20T20:42:02","guid":{"rendered":"https:\/\/rvcare.ca\/product\/valterra-toilet-deodorant-12-packs-x-2-25-oz\/"},"modified":"2026-03-30T14:25:54","modified_gmt":"2026-03-30T18:25:54","slug":"valterra-toilet-deodorant-12-packs-x-2-25-oz","status":"publish","type":"product","link":"https:\/\/shop.rvcare.ca\/fr\/produit\/valterra-toilet-deodorant-12-packs-x-2-25-oz\/","title":{"rendered":"D\u00e9odorant pour toilettes Valterra (12 paquets x 2,25 oz\/63,8 g)"},"content":{"rendered":"<p>Ce d\u00e9odorant pour toilettes Valterra est un d\u00e9sodorisant puissant qui contr\u00f4le mauvaises odeurs.<\/p>\n","protected":false},"excerpt":{"rendered":"<ul>\n<li>Type bio\/chimique : Chimique<\/li>\n<li>Formald\u00e9hyde : Non<\/li>\n<li>Taille des l\u2019unit\u00e9s : 2,25 oz (63,8 g)<\/li>\n<li>Type des unit\u00e9s : sachet<\/li>\n<li>Quantit\u00e9 par bo\u00eete : 12 traitements<\/li>\n<li>Produit \u00e9cologique<\/li>\n<li>Pr\u00eat \u00e0 l\u2019emploi<\/li>\n<\/ul>\n","protected":false},"featured_media":76481,"comment_status":"closed","ping_status":"closed","template":"","meta":{"_glsr_average":0,"_glsr_ranking":0,"_glsr_reviews":0,"keywords_product":"","featured_product":"","product_importance":"","wds_primary_product_brand":0,"wds_primary_product_cat":0,"wds_primary_fb_product_set":0},"product_brand":[2059],"product_cat":[62,1866,1565],"product_tag":[1678,1375],"class_list":{"0":"post-79317","1":"product","2":"type-product","3":"status-publish","4":"has-post-thumbnail","6":"product_brand-valterra","7":"product_cat-sanitation-tank-treatment","8":"product_cat-holding-tanks-treatments","9":"product_cat-toilet-holding-tank-treatments","10":"product_tag-ts-fr","11":"product_tag-valterra-llc-fr","13":"first","14":"instock","15":"taxable","16":"shipping-taxable","17":"purchasable","18":"product-type-simple"},"bundled_by":[],"bundle_stock_status":"instock","bundle_stock_quantity":208,"bundle_virtual":false,"bundle_layout":"","bundle_add_to_cart_form_location":"","bundle_editable_in_cart":false,"bundle_sold_individually_context":"","bundle_item_grouping":"","bundle_min_size":"","bundle_max_size":"","bundle_price":[],"bundled_items":[],"bundle_sell_ids":[],"_links":{"self":[{"href":"https:\/\/shop.rvcare.ca\/fr\/wp-json\/wp\/v2\/product\/79317","targetHints":{"allow":["GET"]}}],"collection":[{"href":"https:\/\/shop.rvcare.ca\/fr\/wp-json\/wp\/v2\/product"}],"about":[{"href":"https:\/\/shop.rvcare.ca\/fr\/wp-json\/wp\/v2\/types\/product"}],"replies":[{"embeddable":true,"href":"https:\/\/shop.rvcare.ca\/fr\/wp-json\/wp\/v2\/comments?post=79317"}],"version-history":[{"count":1,"href":"https:\/\/shop.rvcare.ca\/fr\/wp-json\/wp\/v2\/product\/79317\/revisions"}],"predecessor-version":[{"id":157501,"href":"https:\/\/shop.rvcare.ca\/fr\/wp-json\/wp\/v2\/product\/79317\/revisions\/157501"}],"wp:featuredmedia":[{"embeddable":true,"href":"https:\/\/shop.rvcare.ca\/fr\/wp-json\/wp\/v2\/media\/76481"}],"wp:attachment":[{"href":"https:\/\/shop.rvcare.ca\/fr\/wp-json\/wp\/v2\/media?parent=79317"}],"wp:term":[{"taxonomy":"product_brand","embeddable":true,"href":"https:\/\/shop.rvcare.ca\/fr\/wp-json\/wp\/v2\/product_brand?post=79317"},{"taxonomy":"product_cat","embeddable":true,"href":"https:\/\/shop.rvcare.ca\/fr\/wp-json\/wp\/v2\/product_cat?post=79317"},{"taxonomy":"product_tag","embeddable":true,"href":"https:\/\/shop.rvcare.ca\/fr\/wp-json\/wp\/v2\/product_tag?post=79317"}],"curies":[{"name":"wp","href":"https:\/\/api.w.org\/{rel}","templated":true}]}}