{"id":79328,"date":"2023-12-19T15:02:26","date_gmt":"2023-12-19T20:02:26","guid":{"rendered":"https:\/\/rvcare.ca\/?post_type=product&#038;p=79328"},"modified":"2026-03-30T14:25:57","modified_gmt":"2026-03-30T18:25:57","slug":"star-brite-rv-detailing-kit","status":"publish","type":"product","link":"https:\/\/shop.rvcare.ca\/fr\/produit\/star-brite-rv-detailing-kit\/","title":{"rendered":"Trousse de nettoyage Star Brite pour VR"},"content":{"rendered":"<p>Ce kit de nettoyage Star Brite pour VR comprend un gel de lavage et cire Star Brite Wash And Wax (16 oz), le nettoyant Ultimate Xtreme Clean (22 oz), un traitement de carburant Star Tron (8 oz), le RV Guard Speed detailer et protecteur (32 oz), une \u00e9ponge de lavage Star Brite Reggae Car Wash, l\u2019\u00e9ponge Ultimate Magic Sponge et un seau de 3,5 gallons.<\/p>\n","protected":false},"excerpt":{"rendered":"<article class=\"text-token-text-primary w-full focus:outline-none scroll-mt-[calc(var(--header-height)+min(200px,max(70px,20svh)))]\" dir=\"auto\" tabindex=\"-1\" data-turn-id=\"request-WEB:46c91c77-5c6f-4b70-a037-112088648f68-1\" data-testid=\"conversation-turn-4\" data-scroll-anchor=\"true\" data-turn=\"assistant\">\n<div class=\"text-base my-auto mx-auto pb-10 [--thread-content-margin:--spacing(4)] thread-sm:[--thread-content-margin:--spacing(6)] thread-lg:[--thread-content-margin:--spacing(16)] px-(--thread-content-margin)\">\n<div class=\"[--thread-content-max-width:40rem] thread-sm:[--thread-content-max-width:40rem] thread-lg:[--thread-content-max-width:48rem] mx-auto max-w-(--thread-content-max-width) flex-1 group\/turn-messages focus-visible:outline-hidden relative flex w-full min-w-0 flex-col agent-turn\" tabindex=\"-1\">\n<div class=\"flex max-w-full flex-col grow\">\n<div class=\"min-h-8 text-message relative flex w-full flex-col items-end gap-2 text-start break-words whitespace-normal [.text-message+&amp;]:mt-5\" dir=\"auto\" data-message-author-role=\"assistant\" data-message-id=\"1cb303b4-232f-4ab3-a333-d562ce796083\" data-message-model-slug=\"gpt-5\">\n<div class=\"flex w-full flex-col gap-1 empty:hidden first:pt-[3px]\">\n<div class=\"markdown prose dark:prose-invert w-full break-words dark markdown-new-styling\">\n<ul data-start=\"25\" data-end=\"232\" data-is-last-node=\"\" data-is-only-node=\"\">\n<li data-start=\"25\" data-end=\"86\">\n<p data-start=\"27\" data-end=\"86\">Comprend une cire en vaporisateur et une cire de carnauba<\/p>\n<\/li>\n<li data-start=\"87\" data-end=\"186\">\n<p data-start=\"89\" data-end=\"186\">Les produits sont fabriqu\u00e9s avec des agents tr\u00e8s efficaces qui ne nuisent pas \u00e0 nos cours d\u2019eau<\/p>\n<\/li>\n<li data-start=\"187\" data-end=\"232\" data-is-last-node=\"\">\n<p data-start=\"189\" data-end=\"232\" data-is-last-node=\"\">Offre un rendement et une valeur optimaux<\/p>\n<\/li>\n<\/ul>\n<\/div>\n<\/div>\n<\/div>\n<\/div>\n<div class=\"flex min-h-[46px] justify-start\"><\/div>\n<div class=\"mt-3 w-full empty:hidden\">\n<div class=\"text-center\"><\/div>\n<\/div>\n<\/div>\n<\/div>\n<\/article>\n<div class=\"pointer-events-none h-px w-px\" aria-hidden=\"true\" data-edge=\"true\"><\/div>\n","protected":false},"featured_media":75913,"comment_status":"open","ping_status":"closed","template":"","meta":{"_glsr_average":0,"_glsr_ranking":0,"_glsr_reviews":0,"keywords_product":"star brite rv detailing kit, rv cleaning products, rv wash and wax, rv care kit, rv detailing supplies","featured_product":"false","product_importance":"","wds_primary_product_brand":0,"wds_primary_product_cat":0,"wds_primary_fb_product_set":0},"product_brand":[1910],"product_cat":[241,1550],"product_tag":[1353,1678],"class_list":{"0":"post-79328","1":"product","2":"type-product","3":"status-publish","4":"has-post-thumbnail","6":"product_brand-star-brite-fr","7":"product_cat-entretien-nettoyage","8":"product_cat-produits-de-nettoyage-pour-lexterieur","9":"product_tag-star-brite-fr","10":"product_tag-ts-fr","12":"first","13":"instock","14":"taxable","15":"shipping-taxable","16":"purchasable","17":"product-type-simple"},"bundled_by":[],"bundle_stock_status":"instock","bundle_stock_quantity":30,"bundle_virtual":false,"bundle_layout":"","bundle_add_to_cart_form_location":"","bundle_editable_in_cart":false,"bundle_sold_individually_context":"","bundle_item_grouping":"","bundle_min_size":"","bundle_max_size":"","bundle_price":[],"bundled_items":[],"bundle_sell_ids":[],"_links":{"self":[{"href":"https:\/\/shop.rvcare.ca\/fr\/wp-json\/wp\/v2\/product\/79328","targetHints":{"allow":["GET"]}}],"collection":[{"href":"https:\/\/shop.rvcare.ca\/fr\/wp-json\/wp\/v2\/product"}],"about":[{"href":"https:\/\/shop.rvcare.ca\/fr\/wp-json\/wp\/v2\/types\/product"}],"replies":[{"embeddable":true,"href":"https:\/\/shop.rvcare.ca\/fr\/wp-json\/wp\/v2\/comments?post=79328"}],"version-history":[{"count":1,"href":"https:\/\/shop.rvcare.ca\/fr\/wp-json\/wp\/v2\/product\/79328\/revisions"}],"predecessor-version":[{"id":157385,"href":"https:\/\/shop.rvcare.ca\/fr\/wp-json\/wp\/v2\/product\/79328\/revisions\/157385"}],"wp:featuredmedia":[{"embeddable":true,"href":"https:\/\/shop.rvcare.ca\/fr\/wp-json\/wp\/v2\/media\/75913"}],"wp:attachment":[{"href":"https:\/\/shop.rvcare.ca\/fr\/wp-json\/wp\/v2\/media?parent=79328"}],"wp:term":[{"taxonomy":"product_brand","embeddable":true,"href":"https:\/\/shop.rvcare.ca\/fr\/wp-json\/wp\/v2\/product_brand?post=79328"},{"taxonomy":"product_cat","embeddable":true,"href":"https:\/\/shop.rvcare.ca\/fr\/wp-json\/wp\/v2\/product_cat?post=79328"},{"taxonomy":"product_tag","embeddable":true,"href":"https:\/\/shop.rvcare.ca\/fr\/wp-json\/wp\/v2\/product_tag?post=79328"}],"curies":[{"name":"wp","href":"https:\/\/api.w.org\/{rel}","templated":true}]}}