{"id":79335,"date":"2023-12-19T15:02:21","date_gmt":"2023-12-19T20:02:21","guid":{"rendered":"https:\/\/rvcare.ca\/product\/star-brite-car-wash-brush-with-handle-8-in-blue\/"},"modified":"2026-03-30T14:25:59","modified_gmt":"2026-03-30T18:25:59","slug":"star-brite-car-wash-brush-with-handle-8-in-blue","status":"publish","type":"product","link":"https:\/\/shop.rvcare.ca\/fr\/produit\/star-brite-car-wash-brush-with-handle-8-in-blue\/","title":{"rendered":"Brosse de lavage Star Brite avec manche (8 po &#8211; Bleu)"},"content":{"rendered":"<p>Cette brosse de lavage Star Brite avec manche est un outil de nettoyage polyvalent pour l\u2019ext\u00e9rieur du v\u00e9hicule et\/ou pour les grandes surfaces ext\u00e9rieures.<\/p>\n","protected":false},"excerpt":{"rendered":"<ul>\n<li data-start=\"0\" data-end=\"51\"><strong data-start=\"2\" data-end=\"30\">Type de t\u00eate de brosse :<\/strong> Rectangulaire 8 po<\/li>\n<li data-start=\"52\" data-end=\"86\"><strong data-start=\"54\" data-end=\"78\">Mat\u00e9riau des poils :<\/strong> Fibre<\/li>\n<li data-start=\"87\" data-end=\"130\"><strong data-start=\"89\" data-end=\"113\">Longueur du manche :<\/strong> De 3 \u00e0 6 pieds<\/li>\n<li data-start=\"131\" data-end=\"169\"><strong data-start=\"133\" data-end=\"157\">Mat\u00e9riau du manche :<\/strong> Aluminium<\/li>\n<li data-start=\"170\" data-end=\"202\"><strong data-start=\"172\" data-end=\"195\">Couleur des poils :<\/strong> Bleu<\/li>\n<li data-start=\"203\" data-end=\"304\" data-is-last-node=\"\"><strong data-start=\"205\" data-end=\"227\">Caract\u00e9ristiques :<\/strong> Poign\u00e9es antid\u00e9rapantes, con\u00e7ue pour flotter en cas de chute par-dessus bord<\/li>\n<\/ul>\n","protected":false},"featured_media":77734,"comment_status":"closed","ping_status":"closed","template":"","meta":{"_glsr_average":0,"_glsr_ranking":0,"_glsr_reviews":0,"keywords_product":"brosse de lavage, wash brush, Star Brite, nettoyage, cleaning, washing, fibre brush, brosse en fibre","featured_product":"","product_importance":"1","wds_primary_product_brand":0,"wds_primary_product_cat":0,"wds_primary_fb_product_set":0},"product_brand":[1910],"product_cat":[241,1537],"product_tag":[2133,1353,1678],"class_list":{"0":"post-79335","1":"product","2":"type-product","3":"status-publish","4":"has-post-thumbnail","6":"product_brand-star-brite-fr","7":"product_cat-entretien-nettoyage","8":"product_cat-outils-de-nettoyage","9":"product_tag-promo-fr","10":"product_tag-star-brite-fr","11":"product_tag-ts-fr","13":"first","14":"instock","15":"taxable","16":"shipping-taxable","17":"purchasable","18":"product-type-simple"},"bundled_by":[],"bundle_stock_status":"instock","bundle_stock_quantity":21,"bundle_virtual":false,"bundle_layout":"","bundle_add_to_cart_form_location":"","bundle_editable_in_cart":false,"bundle_sold_individually_context":"","bundle_item_grouping":"","bundle_min_size":"","bundle_max_size":"","bundle_price":[],"bundled_items":[],"bundle_sell_ids":[],"_links":{"self":[{"href":"https:\/\/shop.rvcare.ca\/fr\/wp-json\/wp\/v2\/product\/79335","targetHints":{"allow":["GET"]}}],"collection":[{"href":"https:\/\/shop.rvcare.ca\/fr\/wp-json\/wp\/v2\/product"}],"about":[{"href":"https:\/\/shop.rvcare.ca\/fr\/wp-json\/wp\/v2\/types\/product"}],"replies":[{"embeddable":true,"href":"https:\/\/shop.rvcare.ca\/fr\/wp-json\/wp\/v2\/comments?post=79335"}],"version-history":[{"count":1,"href":"https:\/\/shop.rvcare.ca\/fr\/wp-json\/wp\/v2\/product\/79335\/revisions"}],"predecessor-version":[{"id":157502,"href":"https:\/\/shop.rvcare.ca\/fr\/wp-json\/wp\/v2\/product\/79335\/revisions\/157502"}],"wp:featuredmedia":[{"embeddable":true,"href":"https:\/\/shop.rvcare.ca\/fr\/wp-json\/wp\/v2\/media\/77734"}],"wp:attachment":[{"href":"https:\/\/shop.rvcare.ca\/fr\/wp-json\/wp\/v2\/media?parent=79335"}],"wp:term":[{"taxonomy":"product_brand","embeddable":true,"href":"https:\/\/shop.rvcare.ca\/fr\/wp-json\/wp\/v2\/product_brand?post=79335"},{"taxonomy":"product_cat","embeddable":true,"href":"https:\/\/shop.rvcare.ca\/fr\/wp-json\/wp\/v2\/product_cat?post=79335"},{"taxonomy":"product_tag","embeddable":true,"href":"https:\/\/shop.rvcare.ca\/fr\/wp-json\/wp\/v2\/product_tag?post=79335"}],"curies":[{"name":"wp","href":"https:\/\/api.w.org\/{rel}","templated":true}]}}