{"id":79371,"date":"2023-12-19T14:15:33","date_gmt":"2023-12-19T19:15:33","guid":{"rendered":"https:\/\/rvcare.ca\/product\/valterra-bug-and-tar-remover\/"},"modified":"2026-03-30T14:26:10","modified_gmt":"2026-03-30T18:26:10","slug":"valterra-bug-and-tar-remover","status":"publish","type":"product","link":"https:\/\/shop.rvcare.ca\/fr\/produit\/valterra-bug-and-tar-remover\/","title":{"rendered":"Valterra Nettoyant Mouches et Goudron"},"content":{"rendered":"<p>Ce nettoyant Valterra pour mouches et goudron \u00e9limine rapidement et facilement les taches tenaces. Il est s\u00fbr et efficace sur le gel coat, la fibre de verre, la peinture ainsi que sur toutes les surfaces m\u00e9talliques polies.<\/p>\n","protected":false},"excerpt":{"rendered":"<ul>\n<li>Utilis\u00e9 pour enlever les insectes, la s\u00e8ve d\u2019arbre, le goudron, les fientes d\u2019oiseaux, la salet\u00e9 de la route, etc.<\/li>\n<li><strong data-start=\"159\" data-end=\"170\">Forme :<\/strong> Gel<\/li>\n<li><strong data-start=\"177\" data-end=\"193\">Contenance :<\/strong> 32 oz (environ 946 ml)<\/li>\n<li><strong data-start=\"219\" data-end=\"237\">Type d\u2019unit\u00e9 :<\/strong> Bouteille vaporisateur<\/li>\n<li><strong data-start=\"263\" data-end=\"277\">Quantit\u00e9 :<\/strong> Unitaire<br data-start=\"286\" data-end=\"289\" \/>Con\u00e7u pour offrir une durabilit\u00e9 exceptionnelle<br data-start=\"336\" data-end=\"339\" \/>Facile \u00e0 utiliser<\/li>\n<\/ul>\n","protected":false},"featured_media":78083,"comment_status":"closed","ping_status":"closed","template":"","meta":{"_glsr_average":0,"_glsr_ranking":0,"_glsr_reviews":0,"keywords_product":"valterra bug remover, bug and tar remover, stain remover, gel coat cleaner, fibreglass cleaner, paint cleaner, metal surface cleaner","featured_product":"","product_importance":"","wds_primary_product_brand":0,"wds_primary_product_cat":0,"wds_primary_fb_product_set":0},"product_brand":[2059],"product_cat":[241,1550],"product_tag":[1678,1375],"class_list":{"0":"post-79371","1":"product","2":"type-product","3":"status-publish","4":"has-post-thumbnail","6":"product_brand-valterra","7":"product_cat-entretien-nettoyage","8":"product_cat-produits-de-nettoyage-pour-lexterieur","9":"product_tag-ts-fr","10":"product_tag-valterra-llc-fr","12":"first","13":"instock","14":"taxable","15":"shipping-taxable","16":"purchasable","17":"product-type-simple"},"bundled_by":[],"bundle_stock_status":"instock","bundle_stock_quantity":18,"bundle_virtual":false,"bundle_layout":"","bundle_add_to_cart_form_location":"","bundle_editable_in_cart":false,"bundle_sold_individually_context":"","bundle_item_grouping":"","bundle_min_size":"","bundle_max_size":"","bundle_price":[],"bundled_items":[],"bundle_sell_ids":[],"_links":{"self":[{"href":"https:\/\/shop.rvcare.ca\/fr\/wp-json\/wp\/v2\/product\/79371","targetHints":{"allow":["GET"]}}],"collection":[{"href":"https:\/\/shop.rvcare.ca\/fr\/wp-json\/wp\/v2\/product"}],"about":[{"href":"https:\/\/shop.rvcare.ca\/fr\/wp-json\/wp\/v2\/types\/product"}],"replies":[{"embeddable":true,"href":"https:\/\/shop.rvcare.ca\/fr\/wp-json\/wp\/v2\/comments?post=79371"}],"version-history":[{"count":1,"href":"https:\/\/shop.rvcare.ca\/fr\/wp-json\/wp\/v2\/product\/79371\/revisions"}],"predecessor-version":[{"id":157505,"href":"https:\/\/shop.rvcare.ca\/fr\/wp-json\/wp\/v2\/product\/79371\/revisions\/157505"}],"wp:featuredmedia":[{"embeddable":true,"href":"https:\/\/shop.rvcare.ca\/fr\/wp-json\/wp\/v2\/media\/78083"}],"wp:attachment":[{"href":"https:\/\/shop.rvcare.ca\/fr\/wp-json\/wp\/v2\/media?parent=79371"}],"wp:term":[{"taxonomy":"product_brand","embeddable":true,"href":"https:\/\/shop.rvcare.ca\/fr\/wp-json\/wp\/v2\/product_brand?post=79371"},{"taxonomy":"product_cat","embeddable":true,"href":"https:\/\/shop.rvcare.ca\/fr\/wp-json\/wp\/v2\/product_cat?post=79371"},{"taxonomy":"product_tag","embeddable":true,"href":"https:\/\/shop.rvcare.ca\/fr\/wp-json\/wp\/v2\/product_tag?post=79371"}],"curies":[{"name":"wp","href":"https:\/\/api.w.org\/{rel}","templated":true}]}}