{"id":79376,"date":"2023-12-19T14:15:23","date_gmt":"2023-12-19T19:15:23","guid":{"rendered":"https:\/\/rvcare.ca\/?post_type=product&#038;p=79376"},"modified":"2026-03-30T14:26:11","modified_gmt":"2026-03-30T18:26:11","slug":"valterra-odorlos-waste-holding-tank-treatment-6-lbs-tub-with-2-oz-measuring-cup","status":"publish","type":"product","link":"https:\/\/shop.rvcare.ca\/fr\/produit\/valterra-odorlos-waste-holding-tank-treatment-6-lbs-tub-with-2-oz-measuring-cup\/","title":{"rendered":"Traitement pour r\u00e9servoir de d\u00e9chets Valterra Odorlos (pot de 6 lb\/2,72 kg avec tasse \u00e0 mesurer de 2 oz\/59,15 ml)"},"content":{"rendered":"<p>Ce traitement pour r\u00e9servoir de d\u00e9chets Valterra Odorlos fournit aux bact\u00e9ries naturellement pr\u00e9sentes un approvisionnement continu de la meilleure source d\u2019\u00e9nergie alternative \u00e0 l\u2019oxyg\u00e8ne pur (nitrates) lorsqu\u2019il est ajout\u00e9 aux r\u00e9servoirs. Cela \u00e9limine le besoin pour les bact\u00e9ries de cibler les sulfates comme source d\u2019\u00e9nergie, ce qui permet d\u2019\u00e9liminer les odeurs des r\u00e9servoirs.<\/p>\n","protected":false},"excerpt":{"rendered":"<ul>\n<li>Type : Biologique<\/li>\n<li>Taille du r\u00e9servoir : 10 gallons (37,85 litres)<\/li>\n<li>Taille de l\u2019unit\u00e9 : 6 lb(2,72 kg) avec tasse \u00e0 mesurer de 2 oz (59,15 ml)<\/li>\n<li>Type d\u2019unit\u00e9 : pot<\/li>\n<li>Quantit\u00e9 unitaire : un<\/li>\n<li>S\u00fbr et efficace dans tous les syst\u00e8mes de r\u00e9servoirs de camping-car et marins, ainsi que dans les syst\u00e8mes de fosses septiques.<\/li>\n<li>Une once pour chaque 10 gallons, c\u2019est tout ce dont vous avez besoin<\/li>\n<li>Efficace m\u00eame dans des temp\u00e9ratures extr\u00eames<\/li>\n<li>Acc\u00e9l\u00e8re la d\u00e9composition des tissus et des d\u00e9chets, aidant \u00e0 pr\u00e9venir les obstructions<\/li>\n<li>Formulation sans parfum<\/li>\n<li>100 % biod\u00e9gradable \/ \u00e9cologique, sans formald\u00e9hyde et non toxique<\/li>\n<\/ul>\n","protected":false},"featured_media":76451,"comment_status":"closed","ping_status":"closed","template":"","meta":{"_glsr_average":0,"_glsr_ranking":0,"_glsr_reviews":0,"keywords_product":"","featured_product":"","product_importance":"","wds_primary_product_brand":0,"wds_primary_product_cat":0,"wds_primary_fb_product_set":0},"product_brand":[2128],"product_cat":[271,1875,1568],"product_tag":[1678,1375],"class_list":{"0":"post-79376","1":"product","2":"type-product","3":"status-publish","4":"has-post-thumbnail","6":"product_brand-valterra-llc-fr","7":"product_cat-assainissement-dechets","8":"product_cat-reservoirs-deaux-usees-traitements","9":"product_cat-traitement-pour-toilettes-et-reservoirs-deaux-usees","10":"product_tag-ts-fr","11":"product_tag-valterra-llc-fr","13":"first","14":"instock","15":"taxable","16":"shipping-taxable","17":"purchasable","18":"product-type-simple"},"bundled_by":[],"bundle_stock_status":"instock","bundle_stock_quantity":498,"bundle_virtual":false,"bundle_layout":"","bundle_add_to_cart_form_location":"","bundle_editable_in_cart":false,"bundle_sold_individually_context":"","bundle_item_grouping":"","bundle_min_size":"","bundle_max_size":"","bundle_price":[],"bundled_items":[],"bundle_sell_ids":[],"_links":{"self":[{"href":"https:\/\/shop.rvcare.ca\/fr\/wp-json\/wp\/v2\/product\/79376","targetHints":{"allow":["GET"]}}],"collection":[{"href":"https:\/\/shop.rvcare.ca\/fr\/wp-json\/wp\/v2\/product"}],"about":[{"href":"https:\/\/shop.rvcare.ca\/fr\/wp-json\/wp\/v2\/types\/product"}],"replies":[{"embeddable":true,"href":"https:\/\/shop.rvcare.ca\/fr\/wp-json\/wp\/v2\/comments?post=79376"}],"version-history":[{"count":1,"href":"https:\/\/shop.rvcare.ca\/fr\/wp-json\/wp\/v2\/product\/79376\/revisions"}],"predecessor-version":[{"id":157506,"href":"https:\/\/shop.rvcare.ca\/fr\/wp-json\/wp\/v2\/product\/79376\/revisions\/157506"}],"wp:featuredmedia":[{"embeddable":true,"href":"https:\/\/shop.rvcare.ca\/fr\/wp-json\/wp\/v2\/media\/76451"}],"wp:attachment":[{"href":"https:\/\/shop.rvcare.ca\/fr\/wp-json\/wp\/v2\/media?parent=79376"}],"wp:term":[{"taxonomy":"product_brand","embeddable":true,"href":"https:\/\/shop.rvcare.ca\/fr\/wp-json\/wp\/v2\/product_brand?post=79376"},{"taxonomy":"product_cat","embeddable":true,"href":"https:\/\/shop.rvcare.ca\/fr\/wp-json\/wp\/v2\/product_cat?post=79376"},{"taxonomy":"product_tag","embeddable":true,"href":"https:\/\/shop.rvcare.ca\/fr\/wp-json\/wp\/v2\/product_tag?post=79376"}],"curies":[{"name":"wp","href":"https:\/\/api.w.org\/{rel}","templated":true}]}}