{"id":79434,"date":"2023-11-28T17:01:31","date_gmt":"2023-11-28T22:01:31","guid":{"rendered":"https:\/\/rvcare.ca\/?post_type=product&#038;p=79434"},"modified":"2026-03-30T14:26:33","modified_gmt":"2026-03-30T18:26:33","slug":"husky-towing-bigdog-beverage-cooler-75-quart","status":"publish","type":"product","link":"https:\/\/shop.rvcare.ca\/fr\/produit\/husky-towing-bigdog-beverage-cooler-75-quart\/","title":{"rendered":"Glaci\u00e8re Husky Towing Big Dog (75 pintes)"},"content":{"rendered":"<p>Les glaci\u00e8res BigDog sont con\u00e7ues pour maintenir le contenu au frais et durer des ann\u00e9es. De plus, les glaci\u00e8res Big Dog incluent une vari\u00e9t\u00e9 d&rsquo;accessoires pratiques, parfaits que vous soyez en camping, \u00e0 la p\u00eache, ou simplement en compagnie d&rsquo;amis et de la famille. Tous les produits BigDog sont couverts par une garantie \u00e0 vie limit\u00e9e.<\/p>\n","protected":false},"excerpt":{"rendered":"<ul>\n<li>75 pintes (peut contenir jusqu&rsquo;\u00e0 96 cannettes)<\/li>\n<li>Parois rigides<\/li>\n<li>Longueur : 84 cm (33-1\/4&Prime;), Largeur : 43 cm (17-1\/8&Prime;), Hauteur : 44 cm (17-3\/8&Prime;)<\/li>\n<li>Couleur : blanche<\/li>\n<li>Le joint d&rsquo;\u00e9tanch\u00e9it\u00e9 de qualit\u00e9 cong\u00e9lateur assure une \u00e9tanch\u00e9it\u00e9 \u00e0 toute \u00e9preuve.<\/li>\n<li>Les accessoires de la glaci\u00e8re comprennent une planche \u00e0 d\u00e9couper, deux porte-gobelets et un panier ext\u00e9rieur pour offrir un soutien pour tout type d&rsquo;utilisation de la glaci\u00e8re.<\/li>\n<li>Garantie \u00e0 vie limit\u00e9e<\/li>\n<\/ul>\n","protected":false},"featured_media":66644,"comment_status":"closed","ping_status":"closed","template":"","meta":{"_glsr_average":0,"_glsr_ranking":0,"_glsr_reviews":0,"keywords_product":"","featured_product":"","product_importance":"","wds_primary_product_brand":0,"wds_primary_product_cat":0},"product_brand":[1932],"product_cat":[1859,1480,1055],"product_tag":[1426,1205,1320],"class_list":{"0":"post-79434","1":"product","2":"type-product","3":"status-publish","4":"has-post-thumbnail","6":"product_brand-husky-towing","7":"product_cat-camping-outdoors","8":"product_cat-outdoor-living","9":"product_cat-coolers","10":"product_tag-local-pick-up","11":"product_tag-husky-towing","12":"product_tag-instore","14":"first","15":"outofstock","16":"taxable","17":"shipping-taxable","18":"purchasable","19":"product-type-simple"},"bundled_by":[],"bundle_stock_status":"outofstock","bundle_stock_quantity":0,"bundle_virtual":false,"bundle_layout":"","bundle_add_to_cart_form_location":"","bundle_editable_in_cart":false,"bundle_sold_individually_context":"","bundle_item_grouping":"","bundle_min_size":"","bundle_max_size":"","bundle_price":[],"bundled_items":[],"bundle_sell_ids":[],"_links":{"self":[{"href":"https:\/\/shop.rvcare.ca\/fr\/wp-json\/wp\/v2\/product\/79434","targetHints":{"allow":["GET"]}}],"collection":[{"href":"https:\/\/shop.rvcare.ca\/fr\/wp-json\/wp\/v2\/product"}],"about":[{"href":"https:\/\/shop.rvcare.ca\/fr\/wp-json\/wp\/v2\/types\/product"}],"replies":[{"embeddable":true,"href":"https:\/\/shop.rvcare.ca\/fr\/wp-json\/wp\/v2\/comments?post=79434"}],"version-history":[{"count":1,"href":"https:\/\/shop.rvcare.ca\/fr\/wp-json\/wp\/v2\/product\/79434\/revisions"}],"predecessor-version":[{"id":157518,"href":"https:\/\/shop.rvcare.ca\/fr\/wp-json\/wp\/v2\/product\/79434\/revisions\/157518"}],"wp:featuredmedia":[{"embeddable":true,"href":"https:\/\/shop.rvcare.ca\/fr\/wp-json\/wp\/v2\/media\/66644"}],"wp:attachment":[{"href":"https:\/\/shop.rvcare.ca\/fr\/wp-json\/wp\/v2\/media?parent=79434"}],"wp:term":[{"taxonomy":"product_brand","embeddable":true,"href":"https:\/\/shop.rvcare.ca\/fr\/wp-json\/wp\/v2\/product_brand?post=79434"},{"taxonomy":"product_cat","embeddable":true,"href":"https:\/\/shop.rvcare.ca\/fr\/wp-json\/wp\/v2\/product_cat?post=79434"},{"taxonomy":"product_tag","embeddable":true,"href":"https:\/\/shop.rvcare.ca\/fr\/wp-json\/wp\/v2\/product_tag?post=79434"}],"curies":[{"name":"wp","href":"https:\/\/api.w.org\/{rel}","templated":true}]}}