{"id":79444,"date":"2023-11-28T17:01:18","date_gmt":"2023-11-28T22:01:18","guid":{"rendered":"https:\/\/rvcare.ca\/?post_type=product&#038;p=79444"},"modified":"2026-03-30T14:26:35","modified_gmt":"2026-03-30T18:26:35","slug":"overland-vehicle-systems-roof-top-tent-sleep-3-adults-56-5-in-length-x-94-5-in-width","status":"publish","type":"product","link":"https:\/\/shop.rvcare.ca\/fr\/produit\/overland-vehicle-systems-roof-top-tent-sleep-3-adults-56-5-in-length-x-94-5-in-width\/","title":{"rendered":"Tente de toit Overland Vehicle Systems &#8211; Pour 3 adultes (Longueur de 143,5 cm x Largeur de 240 cm)"},"content":{"rendered":"<p>Les tentes de toit TMBK d&rsquo;Overland Vehicle Systems sont fabriqu\u00e9es \u00e0 partir des meilleurs mat\u00e9riaux disponibles sur le march\u00e9. \u00c0 commencer par une base en aluminium \u00e9pais, assembl\u00e9e avec des charni\u00e8res et de la quincaillerie en acier inoxydable de qualit\u00e9 ! Elle est \u00e9quip\u00e9e d&rsquo;une \u00e9chelle coulissante carr\u00e9e de 81 pouces avec des charni\u00e8res en acier ! Nos tentes de toit sont pr\u00eates pour affronter les quatre saisons ! Nos tentes de toit sont construites en toile Poly Coton 600D ultra r\u00e9sistante et anti-d\u00e9chirure, con\u00e7ues pour r\u00e9sister \u00e0 l&rsquo;\u00e9preuve du temps dans les conditions les plus difficiles que vous pourriez rencontrer. Les auvents de pluie sont fabriqu\u00e9s en mat\u00e9riau imperm\u00e9able Oxford en polyester 420D, robuste et r\u00e9sistant, pour vous prot\u00e9ger, vous et votre famille, de la pluie et de la neige.Installer une tente de toit Overland Vehicle Systems sur votre v\u00e9hicule :Tout d&rsquo;abord, vous devrez trouver un porte-bagages adapt\u00e9 \u00e0 votre voiture ou camion. Overland Vehicle Systems propose plusieurs solutions pour installer votre tente de toit Nomadic 3 sur votre v\u00e9hicule : les barres Freedom pour voitures et VUS, le porte-bagages pour camion Freedom Truck Bed Rack, ainsi que les porte-bagages <a href=\"https:\/\/shop.rvcare.ca\/fr\/produit\/overland-vehicle-systems-discovery-bed-cargo-rack\/\">Discovery pour camion<\/a>. Ensuite, consultez votre manuel du propri\u00e9taire ou contactez le fabricant de votre v\u00e9hicule pour obtenir les informations sur les capacit\u00e9s de charge du v\u00e9hicule. Avec ces informations en main, trouver la tente de toit parfaite d&rsquo;Overland Vehicle Systems est simple !<\/p>\n","protected":false},"excerpt":{"rendered":"<ul>\n<li>Type: Tente de toit<\/li>\n<li>Convient pour 3 adultes<\/li>\n<li>Longueur : 143,5 cm (56-1\/2 pouces), Largeur : 240 cm (94-1\/2 pouces), Hauteur : 127,6 cm (50-1\/4 pouces)<\/li>\n<li>Fait de toile de coton polyester<\/li>\n<li>Incluant les fen\u00eatres en filet, un auvent et un matelas en mousse haute densit\u00e9 avec housse<\/li>\n<li>Ne n\u00e9cessite aucun per\u00e7age ni modification de votre v\u00e9hicule s&rsquo;il est \u00e9quip\u00e9 d&rsquo;un porte-bagages sur le toit.<\/li>\n<\/ul>\n","protected":false},"featured_media":67338,"comment_status":"closed","ping_status":"closed","template":"","meta":{"_glsr_average":0,"_glsr_ranking":0,"_glsr_reviews":0,"keywords_product":"","featured_product":"","product_importance":"","wds_primary_product_brand":0,"wds_primary_product_cat":0,"wds_primary_fb_product_set":0},"product_brand":[2099],"product_cat":[1867,1481,1869,1314],"product_tag":[1427,1367,1944,1312],"class_list":{"0":"post-79444","1":"product","2":"type-product","3":"status-publish","4":"has-post-thumbnail","6":"product_brand-overland-vcl-fr","7":"product_cat-camping-exterieur","8":"product_cat-camping-en-vr","9":"product_cat-tentes-gazebos","10":"product_cat-tentes-de-toit","11":"product_tag-ramassage-en-magasin","12":"product_tag-instore-fr","13":"product_tag-meilleurs-vendeurs","14":"product_tag-overland-vcl-fr","16":"first","17":"instock","18":"taxable","19":"shipping-taxable","20":"purchasable","21":"product-type-simple"},"bundled_by":[],"bundle_stock_status":"instock","bundle_stock_quantity":10,"bundle_virtual":false,"bundle_layout":"","bundle_add_to_cart_form_location":"","bundle_editable_in_cart":false,"bundle_sold_individually_context":"","bundle_item_grouping":"","bundle_min_size":"","bundle_max_size":"","bundle_price":[],"bundled_items":[],"bundle_sell_ids":[],"_links":{"self":[{"href":"https:\/\/shop.rvcare.ca\/fr\/wp-json\/wp\/v2\/product\/79444","targetHints":{"allow":["GET"]}}],"collection":[{"href":"https:\/\/shop.rvcare.ca\/fr\/wp-json\/wp\/v2\/product"}],"about":[{"href":"https:\/\/shop.rvcare.ca\/fr\/wp-json\/wp\/v2\/types\/product"}],"replies":[{"embeddable":true,"href":"https:\/\/shop.rvcare.ca\/fr\/wp-json\/wp\/v2\/comments?post=79444"}],"version-history":[{"count":1,"href":"https:\/\/shop.rvcare.ca\/fr\/wp-json\/wp\/v2\/product\/79444\/revisions"}],"predecessor-version":[{"id":157522,"href":"https:\/\/shop.rvcare.ca\/fr\/wp-json\/wp\/v2\/product\/79444\/revisions\/157522"}],"wp:featuredmedia":[{"embeddable":true,"href":"https:\/\/shop.rvcare.ca\/fr\/wp-json\/wp\/v2\/media\/67338"}],"wp:attachment":[{"href":"https:\/\/shop.rvcare.ca\/fr\/wp-json\/wp\/v2\/media?parent=79444"}],"wp:term":[{"taxonomy":"product_brand","embeddable":true,"href":"https:\/\/shop.rvcare.ca\/fr\/wp-json\/wp\/v2\/product_brand?post=79444"},{"taxonomy":"product_cat","embeddable":true,"href":"https:\/\/shop.rvcare.ca\/fr\/wp-json\/wp\/v2\/product_cat?post=79444"},{"taxonomy":"product_tag","embeddable":true,"href":"https:\/\/shop.rvcare.ca\/fr\/wp-json\/wp\/v2\/product_tag?post=79444"}],"curies":[{"name":"wp","href":"https:\/\/api.w.org\/{rel}","templated":true}]}}