{"id":79460,"date":"2023-08-25T14:02:48","date_gmt":"2023-08-25T18:02:48","guid":{"rendered":"https:\/\/rvcare.ca\/product\/lippert-portable-gazebo-12-x-12\/"},"modified":"2026-03-30T14:26:44","modified_gmt":"2026-03-30T18:26:44","slug":"lippert-portable-gazebo-12-x-12","status":"publish","type":"product","link":"https:\/\/shop.rvcare.ca\/fr\/produit\/lippert-portable-gazebo-12-x-12\/","title":{"rendered":"Gazebo portable Lippert \u2013 12&prime; x 12&prime; (3,66 m x 3,66 m)"},"content":{"rendered":"<p>Faites une pause \u00e0 l\u2019abri du soleil et des moustiques g\u00eanants avec le gazebo popup pour pique-nique de Lippert\u2122. En quelques secondes, vous pouvez rapidement et facilement installer un espace ext\u00e9rieur parfaitement moustiquaire pour votre famille ou vos amis, et profiter du grand air en tout confort. Con\u00e7u avec une moustiquaire anti-moucherons, ce gazebo prot\u00e9g\u00e9 vous permet de respirer l\u2019air frais en \u00e9tant \u00e0 l\u2019abri des insectes et du soleil.<\/p>\n","protected":false},"excerpt":{"rendered":"<article class=\"text-token-text-primary w-full\" dir=\"auto\" data-testid=\"conversation-turn-24\" data-scroll-anchor=\"true\">\n<div class=\"text-base my-auto mx-auto py-5 [--thread-content-margin:--spacing(4)] @[37rem]:[--thread-content-margin:--spacing(6)] @[72rem]:[--thread-content-margin:--spacing(16)] px-(--thread-content-margin)\">\n<div class=\"[--thread-content-max-width:32rem] @[34rem]:[--thread-content-max-width:40rem] @[64rem]:[--thread-content-max-width:48rem] mx-auto flex max-w-(--thread-content-max-width) flex-1 text-base gap-4 md:gap-5 lg:gap-6 group\/turn-messages focus-visible:outline-hidden\" tabindex=\"-1\">\n<div class=\"group\/conversation-turn relative flex w-full min-w-0 flex-col agent-turn\">\n<div class=\"relative flex-col gap-1 md:gap-3\">\n<div class=\"flex max-w-full flex-col grow\">\n<div class=\"min-h-8 text-message relative flex w-full flex-col items-end gap-2 text-start break-words whitespace-normal [.text-message+&amp;]:mt-5\" dir=\"auto\" data-message-author-role=\"assistant\" data-message-id=\"fc0382e4-8402-419a-95f8-f08687db22b9\" data-message-model-slug=\"gpt-4-1-mini\">\n<div class=\"flex w-full flex-col gap-1 empty:hidden first:pt-[3px]\">\n<div class=\"markdown prose dark:prose-invert w-full break-words dark\">\n<ul>\n<li data-start=\"42\" data-end=\"656\"><strong data-start=\"42\" data-end=\"68\">Dimensions de l\u2019abri :<\/strong> hauteur de 92,5 pouces (235 cm) et diam\u00e8tre de 143,75 pouces (365 cm) \u2014 soit une surface totale de 107 pieds carr\u00e9s (environ 10 m\u00b2), pouvant accueillir de 4 \u00e0 6 personnes.<\/li>\n<li data-start=\"42\" data-end=\"656\">La structure est compos\u00e9e de poteaux en fibre de verre de 11 millim\u00e8tres.<\/li>\n<li data-start=\"42\" data-end=\"656\">Comprend un kit de piquets, un sac de rangement et est enti\u00e8rement pliable.<\/li>\n<li data-start=\"42\" data-end=\"656\">Dot\u00e9 de parois en moustiquaire respirante pour profiter d\u2019un air frais et sans insectes.<\/li>\n<li data-start=\"42\" data-end=\"656\">Con\u00e7u avec un syst\u00e8me \u00e0 moyeu qui facilite le montage et le d\u00e9montage rapides.<\/li>\n<li data-start=\"42\" data-end=\"656\">Dispose de cinq points d\u2019attache et de 12 piquets robustes pour une fixation s\u00e9curis\u00e9e.<\/li>\n<\/ul>\n<\/div>\n<\/div>\n<\/div>\n<\/div>\n<div class=\"flex min-h-[46px] justify-start\"><\/div>\n<\/div>\n<\/div>\n<\/div>\n<\/div>\n<\/article>\n<div class=\"pointer-events-none h-px w-px\" aria-hidden=\"true\" data-edge=\"true\"><\/div>\n","protected":false},"featured_media":67266,"comment_status":"closed","ping_status":"closed","template":"","meta":{"_glsr_average":0,"_glsr_ranking":0,"_glsr_reviews":0,"keywords_product":"","featured_product":"","product_importance":"1","wds_primary_product_brand":0,"wds_primary_product_cat":0,"wds_primary_fb_product_set":0},"product_brand":[2092],"product_cat":[1867,1481,1313,1869],"product_tag":[1427,1367,1311],"class_list":{"0":"post-79460","1":"product","2":"type-product","3":"status-publish","4":"has-post-thumbnail","6":"product_brand-lippert-fr","7":"product_cat-camping-exterieur","8":"product_cat-camping-en-vr","9":"product_cat-gazebos-fr","10":"product_cat-tentes-gazebos","11":"product_tag-ramassage-en-magasin","12":"product_tag-instore-fr","13":"product_tag-lippert-fr","15":"first","16":"instock","17":"sale","18":"taxable","19":"shipping-taxable","20":"purchasable","21":"product-type-simple"},"bundled_by":[],"bundle_stock_status":"instock","bundle_stock_quantity":282,"bundle_virtual":false,"bundle_layout":"","bundle_add_to_cart_form_location":"","bundle_editable_in_cart":false,"bundle_sold_individually_context":"","bundle_item_grouping":"","bundle_min_size":"","bundle_max_size":"","bundle_price":[],"bundled_items":[],"bundle_sell_ids":[],"_links":{"self":[{"href":"https:\/\/shop.rvcare.ca\/fr\/wp-json\/wp\/v2\/product\/79460","targetHints":{"allow":["GET"]}}],"collection":[{"href":"https:\/\/shop.rvcare.ca\/fr\/wp-json\/wp\/v2\/product"}],"about":[{"href":"https:\/\/shop.rvcare.ca\/fr\/wp-json\/wp\/v2\/types\/product"}],"replies":[{"embeddable":true,"href":"https:\/\/shop.rvcare.ca\/fr\/wp-json\/wp\/v2\/comments?post=79460"}],"version-history":[{"count":1,"href":"https:\/\/shop.rvcare.ca\/fr\/wp-json\/wp\/v2\/product\/79460\/revisions"}],"predecessor-version":[{"id":157528,"href":"https:\/\/shop.rvcare.ca\/fr\/wp-json\/wp\/v2\/product\/79460\/revisions\/157528"}],"wp:featuredmedia":[{"embeddable":true,"href":"https:\/\/shop.rvcare.ca\/fr\/wp-json\/wp\/v2\/media\/67266"}],"wp:attachment":[{"href":"https:\/\/shop.rvcare.ca\/fr\/wp-json\/wp\/v2\/media?parent=79460"}],"wp:term":[{"taxonomy":"product_brand","embeddable":true,"href":"https:\/\/shop.rvcare.ca\/fr\/wp-json\/wp\/v2\/product_brand?post=79460"},{"taxonomy":"product_cat","embeddable":true,"href":"https:\/\/shop.rvcare.ca\/fr\/wp-json\/wp\/v2\/product_cat?post=79460"},{"taxonomy":"product_tag","embeddable":true,"href":"https:\/\/shop.rvcare.ca\/fr\/wp-json\/wp\/v2\/product_tag?post=79460"}],"curies":[{"name":"wp","href":"https:\/\/api.w.org\/{rel}","templated":true}]}}