{"id":79571,"date":"2022-05-02T02:00:23","date_gmt":"2022-05-02T06:00:23","guid":{"rendered":"https:\/\/rvcare.ca\/product\/battery-flooded-rv-deep-cycle\/"},"modified":"2026-03-30T14:26:54","modified_gmt":"2026-03-30T18:26:54","slug":"battery-flooded-rv-deep-cycle","status":"publish","type":"product","link":"https:\/\/shop.rvcare.ca\/fr\/produit\/battery-flooded-rv-deep-cycle\/","title":{"rendered":"Batterie \u00e0 d\u00e9charge profonde LCDC avec \u00e9lectrolyte liquide"},"content":{"rendered":"<p><strong>Le choix du campeur : les meilleures batteries \u00e0 d\u00e9charge profonde pour VR sur le march\u00e9<\/strong><\/p>\n<div>\n<p class=\"p1\">Achetez-en une et allez la chercher chez votre concessionnaire membre du r\u00e9seau RV Care. Non disponible pour la livraison \u2013 marchandise dangereuse et r\u00e9glement\u00e9e.<\/p>\n<\/div>\n<div><span style=\"font-weight: 400;\">Consultez la <a href=\"https:\/\/rvcare.ca\/fr\/concessionnaires\/\" rel=\"\">liste des concessionnaires<\/a> RV Care pour v\u00e9rifier si votre concessionnaire RV Care tient les batteries Le choix du campeur.<\/span><\/div>\n<p>&nbsp;<\/p>\n<div>\n<p><strong>Batteries \u00e0 d\u00e9charge profonde avec \u00e9lectrolyte liquide :<\/strong><\/p>\n<ul>\n<li>Alimentation fiable pour les besoins de d\u00e9marrage modestes et les cycles de d\u00e9charge prolong\u00e9s<\/li>\n<li>Plaques \u00e0 haute densit\u00e9 con\u00e7ues pour r\u00e9sister aux exigences r\u00e9p\u00e9t\u00e9es de d\u00e9charge et recharge d\u2019un VR<\/li>\n<li>Construction robuste et r\u00e9sistante aux vibrations pour une dur\u00e9e de vie prolong\u00e9e<\/li>\n<li>Nattes de fibre de verre sp\u00e9ciales pour am\u00e9liorer la performance en cycles et la long\u00e9vit\u00e9<\/li>\n<li>Con\u00e7ue pour une utilisation mod\u00e9r\u00e9e lors de s\u00e9jours prolong\u00e9s hors r\u00e9seau<\/li>\n<\/ul>\n<\/div>\n<p>&nbsp;<\/p>\n<div><a href=\"https:\/\/shop.rvcare.ca\/fr\/batterie-de-vr\/\" rel=\"\">Comparer les types de batteries<\/a><\/div>\n","protected":false},"excerpt":{"rendered":"<div>\n<ul>\n<li>Type de batterie : Batterie \u00e0 d\u00e9charge profonde avec \u00e9lectrolyte liquide pour VR<\/li>\n<li>Fourchette de prix : 179,00 $ \u00e0 239,00 $<\/li>\n<li>Tailles offertes : 6 volts et 12 volts<\/li>\n<\/ul>\n<\/div>\n<p>&nbsp;<\/p>\n<div><a href=\"https:\/\/shop.rvcare.ca\/wp-content\/uploads\/RV-Care-Spec-Sheet-Travellers-Choice-March-2025.pdf\" rel=\"\">Consulter la fiche technique<\/a><\/div>\n","protected":false},"featured_media":108607,"comment_status":"closed","ping_status":"closed","template":"","meta":{"_glsr_average":0,"_glsr_ranking":0,"_glsr_reviews":0,"keywords_product":"flooded rv deep cycle battery","featured_product":"","product_importance":"1","wds_primary_product_brand":0,"wds_primary_product_cat":0,"wds_primary_fb_product_set":0},"product_brand":[2040],"product_cat":[1052,1381],"product_tag":[1200],"class_list":{"0":"post-79571","1":"product","2":"type-product","3":"status-publish","4":"has-post-thumbnail","6":"product_brand-rv-travelers-choice","7":"product_cat-batteries-accessories","8":"product_cat-electrical","9":"product_tag-rv-travelers-choice","11":"first","12":"instock","13":"taxable","14":"shipping-taxable","15":"product-type-simple"},"bundled_by":[],"bundle_stock_status":"instock","bundle_stock_quantity":null,"bundle_virtual":false,"bundle_layout":"","bundle_add_to_cart_form_location":"","bundle_editable_in_cart":false,"bundle_sold_individually_context":"","bundle_item_grouping":"","bundle_min_size":"","bundle_max_size":"","bundle_price":[],"bundled_items":[],"bundle_sell_ids":[],"_links":{"self":[{"href":"https:\/\/shop.rvcare.ca\/fr\/wp-json\/wp\/v2\/product\/79571","targetHints":{"allow":["GET"]}}],"collection":[{"href":"https:\/\/shop.rvcare.ca\/fr\/wp-json\/wp\/v2\/product"}],"about":[{"href":"https:\/\/shop.rvcare.ca\/fr\/wp-json\/wp\/v2\/types\/product"}],"replies":[{"embeddable":true,"href":"https:\/\/shop.rvcare.ca\/fr\/wp-json\/wp\/v2\/comments?post=79571"}],"version-history":[{"count":1,"href":"https:\/\/shop.rvcare.ca\/fr\/wp-json\/wp\/v2\/product\/79571\/revisions"}],"predecessor-version":[{"id":154361,"href":"https:\/\/shop.rvcare.ca\/fr\/wp-json\/wp\/v2\/product\/79571\/revisions\/154361"}],"wp:featuredmedia":[{"embeddable":true,"href":"https:\/\/shop.rvcare.ca\/fr\/wp-json\/wp\/v2\/media\/108607"}],"wp:attachment":[{"href":"https:\/\/shop.rvcare.ca\/fr\/wp-json\/wp\/v2\/media?parent=79571"}],"wp:term":[{"taxonomy":"product_brand","embeddable":true,"href":"https:\/\/shop.rvcare.ca\/fr\/wp-json\/wp\/v2\/product_brand?post=79571"},{"taxonomy":"product_cat","embeddable":true,"href":"https:\/\/shop.rvcare.ca\/fr\/wp-json\/wp\/v2\/product_cat?post=79571"},{"taxonomy":"product_tag","embeddable":true,"href":"https:\/\/shop.rvcare.ca\/fr\/wp-json\/wp\/v2\/product_tag?post=79571"}],"curies":[{"name":"wp","href":"https:\/\/api.w.org\/{rel}","templated":true}]}}