{"id":88132,"date":"2024-03-25T11:51:28","date_gmt":"2024-03-25T15:51:28","guid":{"rendered":"https:\/\/shop.rvcare.ca\/product\/camera-arriere-sans-fil-brand-motion\/"},"modified":"2026-03-30T14:26:55","modified_gmt":"2026-03-30T18:26:55","slug":"camera-arriere-sans-fil-brand-motion","status":"publish","type":"product","link":"https:\/\/shop.rvcare.ca\/fr\/produit\/camera-arriere-sans-fil-brand-motion\/","title":{"rendered":"Cam\u00e9ra arri\u00e8re sans fil Brand Motion"},"content":{"rendered":"<p>Cette cam\u00e9ra arri\u00e8re sans fil de la marque Brand Motion vous donnera une vue claire et nette de l&rsquo;arri\u00e8re de votre v\u00e9hicule moins de 5 secondes apr\u00e8s l&rsquo;avoir d\u00e9marr\u00e9. Sa fabrication robuste convient parfaitement aux v\u00e9hicules personnels, commerciaux et r\u00e9cr\u00e9atifs. Extensible jusqu&rsquo;\u00e0 4 cam\u00e9ras actives qui am\u00e9liorent la s\u00e9curit\u00e9 de votre v\u00e9hicule. L&rsquo;image nette de la cam\u00e9ra infrarouge (1080p) permet une conduite claire de jour comme de nuit.<\/p>\n","protected":false},"excerpt":{"rendered":"<ul>\n<li>Emplacement de montage : arri\u00e8re<\/li>\n<li>Moniteur : LCD 7 po<\/li>\n<li>Comprend la vision nocturne et un syst\u00e8me sans fil.<\/li>\n<li>Angle de vue horizontal de 120 degr\u00e9s<\/li>\n<li>Imperm\u00e9able<\/li>\n<li>Couleur du bo\u00eetier : noir<\/li>\n<li>Vid\u00e9o haute d\u00e9finition : une connexion sans fil fiable jusqu&rsquo;\u00e0 80 pieds<\/li>\n<li>Facile \u00e0 installer : une ventouse vous permet de placer le moniteur sur le pare-brise ou le tableau de bord.<\/li>\n<li>Utilise les derni\u00e8res technologies pour fournir des solutions performantes qui s&rsquo;int\u00e8grent parfaitement au v\u00e9hicule, quelle que soit son anciennet\u00e9.<\/li>\n<\/ul>\n","protected":false},"featured_media":155197,"comment_status":"closed","ping_status":"closed","template":"","meta":{"_glsr_average":0,"_glsr_ranking":0,"_glsr_reviews":0,"keywords_product":"","featured_product":"false","product_importance":"1","wds_primary_product_brand":0,"wds_primary_product_cat":0,"wds_primary_fb_product_set":0},"product_brand":[2004],"product_cat":[1865,1755],"product_tag":[1430,1462],"class_list":{"0":"post-88132","1":"product","2":"type-product","3":"status-publish","4":"has-post-thumbnail","6":"product_brand-brand-motion","7":"product_cat-cameras","8":"product_cat-rv-safety-security","9":"product_tag-brand-motion-fr","10":"product_tag-ntp-fr","12":"first","13":"instock","14":"taxable","15":"shipping-taxable","16":"purchasable","17":"product-type-simple"},"bundled_by":[],"bundle_stock_status":"instock","bundle_stock_quantity":539,"bundle_virtual":false,"bundle_layout":"","bundle_add_to_cart_form_location":"","bundle_editable_in_cart":false,"bundle_sold_individually_context":"","bundle_item_grouping":"","bundle_min_size":"","bundle_max_size":"","bundle_price":[],"bundled_items":[],"bundle_sell_ids":[],"_links":{"self":[{"href":"https:\/\/shop.rvcare.ca\/fr\/wp-json\/wp\/v2\/product\/88132","targetHints":{"allow":["GET"]}}],"collection":[{"href":"https:\/\/shop.rvcare.ca\/fr\/wp-json\/wp\/v2\/product"}],"about":[{"href":"https:\/\/shop.rvcare.ca\/fr\/wp-json\/wp\/v2\/types\/product"}],"replies":[{"embeddable":true,"href":"https:\/\/shop.rvcare.ca\/fr\/wp-json\/wp\/v2\/comments?post=88132"}],"version-history":[{"count":1,"href":"https:\/\/shop.rvcare.ca\/fr\/wp-json\/wp\/v2\/product\/88132\/revisions"}],"predecessor-version":[{"id":157384,"href":"https:\/\/shop.rvcare.ca\/fr\/wp-json\/wp\/v2\/product\/88132\/revisions\/157384"}],"wp:featuredmedia":[{"embeddable":true,"href":"https:\/\/shop.rvcare.ca\/fr\/wp-json\/wp\/v2\/media\/155197"}],"wp:attachment":[{"href":"https:\/\/shop.rvcare.ca\/fr\/wp-json\/wp\/v2\/media?parent=88132"}],"wp:term":[{"taxonomy":"product_brand","embeddable":true,"href":"https:\/\/shop.rvcare.ca\/fr\/wp-json\/wp\/v2\/product_brand?post=88132"},{"taxonomy":"product_cat","embeddable":true,"href":"https:\/\/shop.rvcare.ca\/fr\/wp-json\/wp\/v2\/product_cat?post=88132"},{"taxonomy":"product_tag","embeddable":true,"href":"https:\/\/shop.rvcare.ca\/fr\/wp-json\/wp\/v2\/product_tag?post=88132"}],"curies":[{"name":"wp","href":"https:\/\/api.w.org\/{rel}","templated":true}]}}