{"id":92264,"date":"2024-04-18T10:30:54","date_gmt":"2024-04-18T14:30:54","guid":{"rendered":"https:\/\/shop.rvcare.ca\/product\/faulkner-bucket-camping-chair\/"},"modified":"2026-04-10T11:44:27","modified_gmt":"2026-04-10T15:44:27","slug":"faulkner-bucket-camping-chair","status":"publish","type":"product","link":"https:\/\/shop.rvcare.ca\/fr\/produit\/faulkner-bucket-camping-chair\/","title":{"rendered":"Chaise de camping Faulkner Baquet"},"content":{"rendered":"<p>Cette chaise de camping Faulkner Bucket est une chaise pliable id\u00e9ale pour tout espace de vie en plein air.<\/p>\n","protected":false},"excerpt":{"rendered":"<ul>\n<li>Type:&nbsp;Baquet<\/li>\n<li>Couleur : &nbsp;Camouflage<\/li>\n<li>Capacit\u00e9 de poids :&nbsp;300 lb (136 kg)<\/li>\n<li>Mat\u00e9riau :&nbsp;cadre en acier avec tissu en polyester<\/li>\n<li>Largeur : 34,37 po (87,3 cm), Profondeur : 24 1\/2 po (62,2 cm), Hauteur : 37 po (94 cm)<\/li>\n<li>Coussin confortable et dossier avec porte-gobelet<\/li>\n<li>Caract\u00e9ristiques : sac de transport int\u00e9gr\u00e9 pratique avec bandouli\u00e8re<\/li>\n<li>Facile \u00e0 installer<\/li>\n<\/ul>\n","protected":false},"featured_media":89533,"comment_status":"closed","ping_status":"closed","template":"","meta":{"_glsr_average":0,"_glsr_ranking":0,"_glsr_reviews":0,"keywords_product":"","featured_product":"","product_importance":"","wds_primary_product_brand":0,"wds_primary_product_cat":0,"wds_primary_fb_product_set":0},"product_brand":[1949],"product_cat":[1867,1481,1083],"product_tag":[1210,1462],"class_list":{"0":"post-92264","1":"product","2":"type-product","3":"status-publish","4":"has-post-thumbnail","6":"product_brand-faulkner-fr","7":"product_cat-camping-exterieur","8":"product_cat-camping-en-vr","9":"product_cat-meuble-camping","10":"product_tag-faulkner-fr","11":"product_tag-ntp-fr","13":"first","14":"instock","15":"taxable","16":"shipping-taxable","17":"purchasable","18":"product-type-simple"},"bundled_by":[],"bundle_stock_status":"instock","bundle_stock_quantity":200,"bundle_virtual":false,"bundle_layout":"","bundle_add_to_cart_form_location":"","bundle_editable_in_cart":false,"bundle_sold_individually_context":"","bundle_item_grouping":"","bundle_min_size":"","bundle_max_size":"","bundle_price":[],"bundled_items":[],"bundle_sell_ids":[],"_links":{"self":[{"href":"https:\/\/shop.rvcare.ca\/fr\/wp-json\/wp\/v2\/product\/92264","targetHints":{"allow":["GET"]}}],"collection":[{"href":"https:\/\/shop.rvcare.ca\/fr\/wp-json\/wp\/v2\/product"}],"about":[{"href":"https:\/\/shop.rvcare.ca\/fr\/wp-json\/wp\/v2\/types\/product"}],"replies":[{"embeddable":true,"href":"https:\/\/shop.rvcare.ca\/fr\/wp-json\/wp\/v2\/comments?post=92264"}],"version-history":[{"count":1,"href":"https:\/\/shop.rvcare.ca\/fr\/wp-json\/wp\/v2\/product\/92264\/revisions"}],"predecessor-version":[{"id":157536,"href":"https:\/\/shop.rvcare.ca\/fr\/wp-json\/wp\/v2\/product\/92264\/revisions\/157536"}],"wp:featuredmedia":[{"embeddable":true,"href":"https:\/\/shop.rvcare.ca\/fr\/wp-json\/wp\/v2\/media\/89533"}],"wp:attachment":[{"href":"https:\/\/shop.rvcare.ca\/fr\/wp-json\/wp\/v2\/media?parent=92264"}],"wp:term":[{"taxonomy":"product_brand","embeddable":true,"href":"https:\/\/shop.rvcare.ca\/fr\/wp-json\/wp\/v2\/product_brand?post=92264"},{"taxonomy":"product_cat","embeddable":true,"href":"https:\/\/shop.rvcare.ca\/fr\/wp-json\/wp\/v2\/product_cat?post=92264"},{"taxonomy":"product_tag","embeddable":true,"href":"https:\/\/shop.rvcare.ca\/fr\/wp-json\/wp\/v2\/product_tag?post=92264"}],"curies":[{"name":"wp","href":"https:\/\/api.w.org\/{rel}","templated":true}]}}