{"id":92265,"date":"2024-04-18T10:30:52","date_gmt":"2024-04-18T14:30:52","guid":{"rendered":"https:\/\/shop.rvcare.ca\/product\/faulkner-dakota-camping-chair-blue-black\/"},"modified":"2026-04-10T11:44:28","modified_gmt":"2026-04-10T15:44:28","slug":"faulkner-dakota-camping-chair-blue-black","status":"publish","type":"product","link":"https:\/\/shop.rvcare.ca\/fr\/produit\/faulkner-dakota-camping-chair-blue-black\/","title":{"rendered":"Chaise de Camping Faulkner Dakota (Bleu et noir)"},"content":{"rendered":"<p>Cette chaise de camping Faulkner Dakota est une chaise ber\u00e7ante pliable, id\u00e9ale pour toutes vos escapades en camping.<\/p>\n","protected":false},"excerpt":{"rendered":"<p class=\"\" data-start=\"0\" data-end=\"231\"><strong data-start=\"0\" data-end=\"37\">Chaise de camping Faulkner Dakota<\/strong><\/p>\n<ul>\n<li>\n<p class=\"\" data-start=\"0\" data-end=\"231\">Type : Ber\u00e7ante<\/p>\n<\/li>\n<li>\n<p class=\"\" data-start=\"0\" data-end=\"231\"><span style=\"font-family: -apple-system, BlinkMacSystemFont, 'Segoe UI', Roboto, 'Helvetica Neue', Arial, 'Noto Sans', sans-serif, 'Apple Color Emoji', 'Segoe UI Emoji', 'Segoe UI Symbol', 'Noto Color Emoji';\">Couleur : Bleu\/Noir<\/span><\/p>\n<\/li>\n<li>\n<p class=\"\" data-start=\"0\" data-end=\"231\"><span style=\"font-family: -apple-system, BlinkMacSystemFont, 'Segoe UI', Roboto, 'Helvetica Neue', Arial, 'Noto Sans', sans-serif, 'Apple Color Emoji', 'Segoe UI Emoji', 'Segoe UI Symbol', 'Noto Color Emoji';\">Capacit\u00e9 de poids : 300 lb<\/span><\/p>\n<\/li>\n<li>\n<p class=\"\" data-start=\"0\" data-end=\"231\"><span style=\"font-family: -apple-system, BlinkMacSystemFont, 'Segoe UI', Roboto, 'Helvetica Neue', Arial, 'Noto Sans', sans-serif, 'Apple Color Emoji', 'Segoe UI Emoji', 'Segoe UI Symbol', 'Noto Color Emoji';\">Mat\u00e9riaux : Structure en acier avec tissu en polyester<\/span><\/p>\n<\/li>\n<li>\n<p class=\"\" data-start=\"0\" data-end=\"231\"><span style=\"font-family: -apple-system, BlinkMacSystemFont, 'Segoe UI', Roboto, 'Helvetica Neue', Arial, 'Noto Sans', sans-serif, 'Apple Color Emoji', 'Segoe UI Emoji', 'Segoe UI Symbol', 'Noto Color Emoji';\">Dimensions : Largeur 22 po, Profondeur 42,1 po, Hauteur 35,8 po<\/span><\/p>\n<\/li>\n<li>\n<p class=\"\" data-start=\"0\" data-end=\"231\">Facile \u00e0 monter, plier et transporter \u2013 parfaite pour vos aventures en plein air!<\/p>\n<\/li>\n<li>\n<p class=\"\" data-start=\"0\" data-end=\"231\">Pochette lat\u00e9rale pratique pour accessoires (cellulaire, bouteille, t\u00e9l\u00e9commande, etc.)<\/p>\n<\/li>\n<li>\n<p class=\"\" data-start=\"0\" data-end=\"231\">Tubes en acier robustes et tissu polyester 600D durable<\/p>\n<\/li>\n<li>\n<p class=\"\" data-start=\"0\" data-end=\"231\">Rembourrage confortable et dossier ergonomique<\/p>\n<\/li>\n<\/ul>\n","protected":false},"featured_media":89519,"comment_status":"closed","ping_status":"closed","template":"","meta":{"_glsr_average":0,"_glsr_ranking":0,"_glsr_reviews":0,"keywords_product":"faulkner dakota camping chair, foldable rocking chair, camping chair, portable camping furniture, outdoor rocking chair","featured_product":"","product_importance":"1","wds_primary_product_brand":0,"wds_primary_product_cat":0,"wds_primary_fb_product_set":0},"product_brand":[1949],"product_cat":[1867,1481,1083],"product_tag":[1210,1462],"class_list":{"0":"post-92265","1":"product","2":"type-product","3":"status-publish","4":"has-post-thumbnail","6":"product_brand-faulkner-fr","7":"product_cat-camping-exterieur","8":"product_cat-camping-en-vr","9":"product_cat-meuble-camping","10":"product_tag-faulkner-fr","11":"product_tag-ntp-fr","13":"first","14":"instock","15":"taxable","16":"shipping-taxable","17":"purchasable","18":"product-type-simple"},"bundled_by":[],"bundle_stock_status":"instock","bundle_stock_quantity":80,"bundle_virtual":false,"bundle_layout":"","bundle_add_to_cart_form_location":"","bundle_editable_in_cart":false,"bundle_sold_individually_context":"","bundle_item_grouping":"","bundle_min_size":"","bundle_max_size":"","bundle_price":[],"bundled_items":[],"bundle_sell_ids":[],"_links":{"self":[{"href":"https:\/\/shop.rvcare.ca\/fr\/wp-json\/wp\/v2\/product\/92265","targetHints":{"allow":["GET"]}}],"collection":[{"href":"https:\/\/shop.rvcare.ca\/fr\/wp-json\/wp\/v2\/product"}],"about":[{"href":"https:\/\/shop.rvcare.ca\/fr\/wp-json\/wp\/v2\/types\/product"}],"replies":[{"embeddable":true,"href":"https:\/\/shop.rvcare.ca\/fr\/wp-json\/wp\/v2\/comments?post=92265"}],"version-history":[{"count":2,"href":"https:\/\/shop.rvcare.ca\/fr\/wp-json\/wp\/v2\/product\/92265\/revisions"}],"predecessor-version":[{"id":157537,"href":"https:\/\/shop.rvcare.ca\/fr\/wp-json\/wp\/v2\/product\/92265\/revisions\/157537"}],"wp:featuredmedia":[{"embeddable":true,"href":"https:\/\/shop.rvcare.ca\/fr\/wp-json\/wp\/v2\/media\/89519"}],"wp:attachment":[{"href":"https:\/\/shop.rvcare.ca\/fr\/wp-json\/wp\/v2\/media?parent=92265"}],"wp:term":[{"taxonomy":"product_brand","embeddable":true,"href":"https:\/\/shop.rvcare.ca\/fr\/wp-json\/wp\/v2\/product_brand?post=92265"},{"taxonomy":"product_cat","embeddable":true,"href":"https:\/\/shop.rvcare.ca\/fr\/wp-json\/wp\/v2\/product_cat?post=92265"},{"taxonomy":"product_tag","embeddable":true,"href":"https:\/\/shop.rvcare.ca\/fr\/wp-json\/wp\/v2\/product_tag?post=92265"}],"curies":[{"name":"wp","href":"https:\/\/api.w.org\/{rel}","templated":true}]}}