{"id":92266,"date":"2024-04-18T10:30:50","date_gmt":"2024-04-18T14:30:50","guid":{"rendered":"https:\/\/shop.rvcare.ca\/product\/faulkner-dakota-camping-chair-black\/"},"modified":"2026-04-10T11:44:29","modified_gmt":"2026-04-10T15:44:29","slug":"chaise-de-camping-faulkner-dakota","status":"publish","type":"product","link":"https:\/\/shop.rvcare.ca\/fr\/produit\/chaise-de-camping-faulkner-dakota\/","title":{"rendered":"Chaise de camping Faulkner Dakota (Noir)"},"content":{"rendered":"<p>Cette chaise de camping Faulkner Dakota est une chaise ber\u00e7ante pliable, id\u00e9ale pour toutes vos aventures en camping.<\/p>\n","protected":false},"excerpt":{"rendered":"<p data-start=\"0\" data-end=\"44\"><strong data-start=\"0\" data-end=\"44\">Chaise de camping Faulkner Dakota \u2013 Noir<\/strong><\/p>\n<ul>\n<li><strong data-start=\"48\" data-end=\"58\">Type :<\/strong> Ber\u00e7ante<\/li>\n<li><strong data-start=\"72\" data-end=\"85\">Couleur :<\/strong> Noir<\/li>\n<li><strong data-start=\"95\" data-end=\"118\">Capacit\u00e9 de poids :<\/strong> 300 lb<\/li>\n<li><strong data-start=\"130\" data-end=\"145\">Mat\u00e9riaux :<\/strong> Structure en acier avec tissu en polyester<\/li>\n<li><strong data-start=\"193\" data-end=\"209\">Dimensions :<\/strong> Largeur 22 po, Profondeur 42,1 po, Hauteur 35,8 po<\/li>\n<li><strong data-start=\"265\" data-end=\"278\">Confort :<\/strong> Coussinage confortable avec dossier<\/li>\n<li><strong data-start=\"319\" data-end=\"342\">Structure robuste :<\/strong> Tubes en acier et tissu polyester 600D<\/li>\n<li><strong data-start=\"386\" data-end=\"410\">Rangement pratique :<\/strong> Pochette lat\u00e9rale pour t\u00e9l\u00e9phone, bouteille ou t\u00e9l\u00e9commande<\/li>\n<li><strong data-start=\"475\" data-end=\"499\">Utilisation facile :<\/strong> Se plie, se d\u00e9plie et se transporte rapidement et ais\u00e9ment<\/li>\n<li style=\"list-style-type: none;\"><\/li>\n<\/ul>\n","protected":false},"featured_media":89505,"comment_status":"closed","ping_status":"closed","template":"","meta":{"_glsr_average":0,"_glsr_ranking":0,"_glsr_reviews":0,"keywords_product":"faulkner dakota camping chair, foldable rocking chair, camping chair, outdoor chair, portable chair","featured_product":"","product_importance":"","wds_primary_product_brand":0,"wds_primary_product_cat":0,"wds_primary_fb_product_set":0},"product_brand":[1949],"product_cat":[1867,1481,1083],"product_tag":[1210,1462],"class_list":{"0":"post-92266","1":"product","2":"type-product","3":"status-publish","4":"has-post-thumbnail","6":"product_brand-faulkner-fr","7":"product_cat-camping-exterieur","8":"product_cat-camping-en-vr","9":"product_cat-meuble-camping","10":"product_tag-faulkner-fr","11":"product_tag-ntp-fr","13":"first","14":"instock","15":"taxable","16":"shipping-taxable","17":"purchasable","18":"product-type-simple"},"bundled_by":[],"bundle_stock_status":"instock","bundle_stock_quantity":53,"bundle_virtual":false,"bundle_layout":"","bundle_add_to_cart_form_location":"","bundle_editable_in_cart":false,"bundle_sold_individually_context":"","bundle_item_grouping":"","bundle_min_size":"","bundle_max_size":"","bundle_price":[],"bundled_items":[],"bundle_sell_ids":[],"_links":{"self":[{"href":"https:\/\/shop.rvcare.ca\/fr\/wp-json\/wp\/v2\/product\/92266","targetHints":{"allow":["GET"]}}],"collection":[{"href":"https:\/\/shop.rvcare.ca\/fr\/wp-json\/wp\/v2\/product"}],"about":[{"href":"https:\/\/shop.rvcare.ca\/fr\/wp-json\/wp\/v2\/types\/product"}],"replies":[{"embeddable":true,"href":"https:\/\/shop.rvcare.ca\/fr\/wp-json\/wp\/v2\/comments?post=92266"}],"version-history":[{"count":1,"href":"https:\/\/shop.rvcare.ca\/fr\/wp-json\/wp\/v2\/product\/92266\/revisions"}],"predecessor-version":[{"id":157538,"href":"https:\/\/shop.rvcare.ca\/fr\/wp-json\/wp\/v2\/product\/92266\/revisions\/157538"}],"wp:featuredmedia":[{"embeddable":true,"href":"https:\/\/shop.rvcare.ca\/fr\/wp-json\/wp\/v2\/media\/89505"}],"wp:attachment":[{"href":"https:\/\/shop.rvcare.ca\/fr\/wp-json\/wp\/v2\/media?parent=92266"}],"wp:term":[{"taxonomy":"product_brand","embeddable":true,"href":"https:\/\/shop.rvcare.ca\/fr\/wp-json\/wp\/v2\/product_brand?post=92266"},{"taxonomy":"product_cat","embeddable":true,"href":"https:\/\/shop.rvcare.ca\/fr\/wp-json\/wp\/v2\/product_cat?post=92266"},{"taxonomy":"product_tag","embeddable":true,"href":"https:\/\/shop.rvcare.ca\/fr\/wp-json\/wp\/v2\/product_tag?post=92266"}],"curies":[{"name":"wp","href":"https:\/\/api.w.org\/{rel}","templated":true}]}}