{"id":92275,"date":"2024-04-18T10:30:33","date_gmt":"2024-04-18T14:30:33","guid":{"rendered":"https:\/\/shop.rvcare.ca\/product\/camco-rv-start-up-kit\/"},"modified":"2026-03-30T14:27:00","modified_gmt":"2026-03-30T18:27:00","slug":"trousse-de-demarrage-pour-vr-camco","status":"publish","type":"product","link":"https:\/\/shop.rvcare.ca\/fr\/produit\/trousse-de-demarrage-pour-vr-camco\/","title":{"rendered":"Trousse de d\u00e9marrage pour VR Camco"},"content":{"rendered":"<p>Cette trousse de d\u00e9marrage pour VR Camco est une fa\u00e7on simple d\u2019\u00e9quiper votre v\u00e9hicule r\u00e9cr\u00e9atif avec les accessoires de base essentiels pour bien commencer la saison. Elle comprend plusieurs pi\u00e8ces et accessoires pratiques qui vous seront certainement utiles. De plus, il est judicieux d\u2019en avoir une en r\u00e9serve pour faire face aux impr\u00e9vus ou r\u00e9parations pendant vos d\u00e9placements.<\/p>\n","protected":false},"excerpt":{"rendered":"<p data-start=\"0\" data-end=\"44\"><strong data-start=\"0\" data-end=\"44\">Trousse de d\u00e9marrage Camco \u2013 Niveau VI :<\/strong><\/p>\n<ul>\n<li data-start=\"0\" data-end=\"44\">3 capsules d\u00e9sodorisantes TST orange<\/li>\n<li data-start=\"0\" data-end=\"44\">Boyau d\u2019\u00e9gout standard de 20 pi<\/li>\n<li data-start=\"0\" data-end=\"44\">Adaptateur droit pour tuyau de VR<\/li>\n<li data-start=\"0\" data-end=\"44\">100 gants jetables pour vidange<\/li>\n<li data-start=\"0\" data-end=\"44\">Collier de serrage en acier inoxydable<\/li>\n<li data-start=\"0\" data-end=\"44\">Papier hygi\u00e9nique pour VR (1 \u00e9paisseur, paquet de 4 rouleaux)<\/li>\n<li data-start=\"0\" data-end=\"44\">Adaptateur \u00e9lectrique Power Grip (15 A m\u00e2le vers 30 A femelle)<\/li>\n<li data-start=\"0\" data-end=\"44\">Boyau d\u2019eau potable TastePURE de 25 pi<\/li>\n<li data-start=\"0\" data-end=\"44\">R\u00e9gulateur de pression d\u2019eau en plastique<\/li>\n<li data-start=\"0\" data-end=\"44\">2 niveaux standards<\/li>\n<li style=\"list-style-type: none;\"><\/li>\n<\/ul>\n","protected":false},"featured_media":89349,"comment_status":"closed","ping_status":"closed","template":"","meta":{"_glsr_average":0,"_glsr_ranking":0,"_glsr_reviews":0,"keywords_product":"","featured_product":"","product_importance":"1","wds_primary_product_brand":0,"wds_primary_product_cat":0,"wds_primary_fb_product_set":0},"product_brand":[1915],"product_cat":[271,1467,241,1561],"product_tag":[1443,1462],"class_list":{"0":"post-92275","1":"product","2":"type-product","3":"status-publish","4":"has-post-thumbnail","6":"product_brand-camco-fr","7":"product_cat-assainissement-dechets","8":"product_cat-ensemble-de-demarrage-pour-vr","9":"product_cat-entretien-nettoyage","10":"product_cat-sewer-hoses-accessories-fr","11":"product_tag-camco-fr","12":"product_tag-ntp-fr","14":"first","15":"instock","16":"taxable","17":"shipping-taxable","18":"purchasable","19":"product-type-simple"},"bundled_by":[],"bundle_stock_status":"instock","bundle_stock_quantity":16,"bundle_virtual":false,"bundle_layout":"","bundle_add_to_cart_form_location":"","bundle_editable_in_cart":false,"bundle_sold_individually_context":"","bundle_item_grouping":"","bundle_min_size":"","bundle_max_size":"","bundle_price":[],"bundled_items":[],"bundle_sell_ids":[],"_links":{"self":[{"href":"https:\/\/shop.rvcare.ca\/fr\/wp-json\/wp\/v2\/product\/92275","targetHints":{"allow":["GET"]}}],"collection":[{"href":"https:\/\/shop.rvcare.ca\/fr\/wp-json\/wp\/v2\/product"}],"about":[{"href":"https:\/\/shop.rvcare.ca\/fr\/wp-json\/wp\/v2\/types\/product"}],"replies":[{"embeddable":true,"href":"https:\/\/shop.rvcare.ca\/fr\/wp-json\/wp\/v2\/comments?post=92275"}],"version-history":[{"count":1,"href":"https:\/\/shop.rvcare.ca\/fr\/wp-json\/wp\/v2\/product\/92275\/revisions"}],"predecessor-version":[{"id":157539,"href":"https:\/\/shop.rvcare.ca\/fr\/wp-json\/wp\/v2\/product\/92275\/revisions\/157539"}],"wp:featuredmedia":[{"embeddable":true,"href":"https:\/\/shop.rvcare.ca\/fr\/wp-json\/wp\/v2\/media\/89349"}],"wp:attachment":[{"href":"https:\/\/shop.rvcare.ca\/fr\/wp-json\/wp\/v2\/media?parent=92275"}],"wp:term":[{"taxonomy":"product_brand","embeddable":true,"href":"https:\/\/shop.rvcare.ca\/fr\/wp-json\/wp\/v2\/product_brand?post=92275"},{"taxonomy":"product_cat","embeddable":true,"href":"https:\/\/shop.rvcare.ca\/fr\/wp-json\/wp\/v2\/product_cat?post=92275"},{"taxonomy":"product_tag","embeddable":true,"href":"https:\/\/shop.rvcare.ca\/fr\/wp-json\/wp\/v2\/product_tag?post=92275"}],"curies":[{"name":"wp","href":"https:\/\/api.w.org\/{rel}","templated":true}]}}