{"id":92279,"date":"2024-04-18T10:30:28","date_gmt":"2024-04-18T14:30:28","guid":{"rendered":"https:\/\/shop.rvcare.ca\/product\/duraflex-wire-reinforced-sewer-hose-kit-20-ft\/"},"modified":"2026-03-30T14:27:04","modified_gmt":"2026-03-30T18:27:04","slug":"duraflex-wire-reinforced-sewer-hose-kit-20-ft","status":"publish","type":"product","link":"https:\/\/shop.rvcare.ca\/fr\/produit\/duraflex-wire-reinforced-sewer-hose-kit-20-ft\/","title":{"rendered":"Kit de tuyau d&rsquo;\u00e9gout renforc\u00e9 Duraflex (20 pi)"},"content":{"rendered":"<p class=\"\" data-start=\"54\" data-end=\"250\">Ce kit de tuyau d&rsquo;\u00e9gout renforc\u00e9 Duraflex est utilis\u00e9 pour vider les eaux us\u00e9es de votre VR. Le kit comprend 2 tuyaux (chacun s\u2019\u00e9tend de 38\u201d \u00e0 10\u2019), un coude transparent et 4 bouchons anti-goutte.<\/p>\n<p class=\"\" data-start=\"252\" data-end=\"375\">Ce tuyau de 3 pouces de diam\u00e8tre est facilement repliable et a un coude transparent qui indique lorsque le r\u00e9servoir est vide.<\/p>\n","protected":false},"excerpt":{"rendered":"<ul>\n<li><strong data-start=\"377\" data-end=\"399\">Longueur \u00e9tendue :<\/strong> 20 pi<\/li>\n<li><strong data-start=\"408\" data-end=\"431\">Diam\u00e8tre du tuyau :<\/strong> 3 po<\/li>\n<li><strong data-start=\"439\" data-end=\"463\" data-is-only-node=\"\">Longueur comprim\u00e9e :<\/strong> 76 po<\/li>\n<li><strong data-start=\"472\" data-end=\"485\">Couleur :<\/strong> Gris<\/li>\n<li><strong data-start=\"493\" data-end=\"507\">Mat\u00e9riau :<\/strong> Plastique (polypropyl\u00e8ne r\u00e9sistant \u00e0 l\u2019abrasion)<\/li>\n<li><strong data-start=\"559\" data-end=\"600\">Avec raccords et bouchon \u00e0 ba\u00efonnette<\/strong><\/li>\n<li><strong data-start=\"603\" data-end=\"644\">Tuyau rigide r\u00e9sistant \u00e0 l&rsquo;\u00e9crasement<\/strong><\/li>\n<li><strong data-start=\"647\" data-end=\"708\">Le coude transparent montre lorsque le r\u00e9servoir est vide<\/strong><\/li>\n<li><strong data-start=\"711\" data-end=\"756\">Renforc\u00e9 avec des fils d\u2019acier<\/strong><\/li>\n<li><strong data-start=\"759\" data-end=\"811\">Raccords \u00e0 verrouillage par rotation avec joints<\/strong><\/li>\n<li><strong data-start=\"814\" data-end=\"890\">Adaptateur universel pour s\u2019adapter aux tuyaux de 3 po, 3-1\/2 po et 4 po<\/strong><\/li>\n<\/ul>\n","protected":false},"featured_media":156595,"comment_status":"closed","ping_status":"closed","template":"","meta":{"_glsr_average":0,"_glsr_ranking":0,"_glsr_reviews":0,"keywords_product":"duraflex sewer hose, rv sewer hose kit, reinforced sewer hose, sewage drainage hose, rv waste hose, tuyau d\u2019\u00e9gout Duraflex, kit de tuyau d\u2019\u00e9gout pour VR, tuyau d\u2019\u00e9gout renforc\u00e9, tuyau de drainage des eaux us\u00e9es, tuyau d\u2019\u00e9vacuation des d\u00e9chets pour VR","featured_product":"false","product_importance":"1","wds_primary_product_brand":0,"wds_primary_product_cat":0,"wds_primary_fb_product_set":0},"product_brand":[2081],"product_cat":[271,1561],"product_tag":[1211,1944,1462,2133],"class_list":{"0":"post-92279","1":"product","2":"type-product","3":"status-publish","4":"has-post-thumbnail","6":"product_brand-duraflex-fr","7":"product_cat-assainissement-dechets","8":"product_cat-sewer-hoses-accessories-fr","9":"product_tag-duraflex-fr","10":"product_tag-meilleurs-vendeurs","11":"product_tag-ntp-fr","12":"product_tag-promo-fr","14":"first","15":"instock","16":"taxable","17":"shipping-taxable","18":"purchasable","19":"product-type-simple"},"bundled_by":[],"bundle_stock_status":"instock","bundle_stock_quantity":566,"bundle_virtual":false,"bundle_layout":"","bundle_add_to_cart_form_location":"","bundle_editable_in_cart":false,"bundle_sold_individually_context":"","bundle_item_grouping":"","bundle_min_size":"","bundle_max_size":"","bundle_price":[],"bundled_items":[],"bundle_sell_ids":[],"_links":{"self":[{"href":"https:\/\/shop.rvcare.ca\/fr\/wp-json\/wp\/v2\/product\/92279","targetHints":{"allow":["GET"]}}],"collection":[{"href":"https:\/\/shop.rvcare.ca\/fr\/wp-json\/wp\/v2\/product"}],"about":[{"href":"https:\/\/shop.rvcare.ca\/fr\/wp-json\/wp\/v2\/types\/product"}],"replies":[{"embeddable":true,"href":"https:\/\/shop.rvcare.ca\/fr\/wp-json\/wp\/v2\/comments?post=92279"}],"version-history":[{"count":1,"href":"https:\/\/shop.rvcare.ca\/fr\/wp-json\/wp\/v2\/product\/92279\/revisions"}],"predecessor-version":[{"id":157388,"href":"https:\/\/shop.rvcare.ca\/fr\/wp-json\/wp\/v2\/product\/92279\/revisions\/157388"}],"wp:featuredmedia":[{"embeddable":true,"href":"https:\/\/shop.rvcare.ca\/fr\/wp-json\/wp\/v2\/media\/156595"}],"wp:attachment":[{"href":"https:\/\/shop.rvcare.ca\/fr\/wp-json\/wp\/v2\/media?parent=92279"}],"wp:term":[{"taxonomy":"product_brand","embeddable":true,"href":"https:\/\/shop.rvcare.ca\/fr\/wp-json\/wp\/v2\/product_brand?post=92279"},{"taxonomy":"product_cat","embeddable":true,"href":"https:\/\/shop.rvcare.ca\/fr\/wp-json\/wp\/v2\/product_cat?post=92279"},{"taxonomy":"product_tag","embeddable":true,"href":"https:\/\/shop.rvcare.ca\/fr\/wp-json\/wp\/v2\/product_tag?post=92279"}],"curies":[{"name":"wp","href":"https:\/\/api.w.org\/{rel}","templated":true}]}}