{"id":92285,"date":"2024-04-12T09:38:49","date_gmt":"2024-04-12T13:38:49","guid":{"rendered":"https:\/\/shop.rvcare.ca\/product\/geocel-caulk-sealant\/"},"modified":"2026-03-30T14:27:06","modified_gmt":"2026-03-30T18:27:06","slug":"geocel-caulk-sealant","status":"publish","type":"product","link":"https:\/\/shop.rvcare.ca\/fr\/produit\/geocel-caulk-sealant\/","title":{"rendered":"Scellant au calfeutrage Geocel"},"content":{"rendered":"<p data-start=\"37\" data-end=\"237\"><strong data-start=\"37\" data-end=\"235\">Ce scellant au calfeutrage Geocel est un scellant monocomposant \u00e0 module \u00e9lev\u00e9. Il offre une excellente adh\u00e9rence sur les surfaces non poreuses et peut r\u00e9sister \u00e0 un mouvement de joint de \u00b125 %.<\/strong><\/p>\n<p data-start=\"239\" data-end=\"363\" data-is-last-node=\"\" data-is-only-node=\"\">\n","protected":false},"excerpt":{"rendered":"<ul>\n<li data-start=\"37\" data-end=\"113\">\n<p data-start=\"39\" data-end=\"113\">Utilis\u00e9 pour sceller les joints sur des surfaces de mat\u00e9riaux non poreux<\/p>\n<\/li>\n<li data-start=\"114\" data-end=\"143\">\n<p data-start=\"116\" data-end=\"143\">Compos\u00e9 de 100 % silicone<\/p>\n<\/li>\n<li data-start=\"144\" data-end=\"166\">\n<p data-start=\"146\" data-end=\"166\"><strong data-start=\"146\" data-end=\"159\">Couleur :<\/strong> Noir<\/p>\n<\/li>\n<li data-start=\"167\" data-end=\"191\">\n<p data-start=\"169\" data-end=\"191\"><strong data-start=\"169\" data-end=\"181\">Format :<\/strong> 10,3 oz<\/p>\n<\/li>\n<li data-start=\"192\" data-end=\"219\">\n<p data-start=\"194\" data-end=\"219\"><strong data-start=\"194\" data-end=\"212\">Type d\u2019unit\u00e9 :<\/strong> Tube<\/p>\n<\/li>\n<li data-start=\"220\" data-end=\"244\">\n<p data-start=\"222\" data-end=\"244\"><strong data-start=\"222\" data-end=\"236\">Quantit\u00e9 :<\/strong> Unit\u00e9<\/p>\n<\/li>\n<li data-start=\"245\" data-end=\"360\">\n<p data-start=\"247\" data-end=\"360\">Une fois durci, le scellant est r\u00e9sistant \u00e0 la moisissure et peut \u00eatre appliqu\u00e9 \u00e0 des temp\u00e9ratures d\u00e9favorables<\/p>\n<\/li>\n<li data-start=\"361\" data-end=\"429\">\n<p data-start=\"363\" data-end=\"429\">Bonne r\u00e9sistance aux intemp\u00e9ries, aux vibrations et \u00e0 l\u2019humidit\u00e9<\/p>\n<\/li>\n<li data-start=\"430\" data-end=\"510\">\n<p data-start=\"432\" data-end=\"510\">Conforme aux normes ASTM C 920, TT-S-00230-C ; approuv\u00e9 par la FDA et l\u2019USDA<\/p>\n<\/li>\n<li><\/li>\n<\/ul>\n","protected":false},"featured_media":93856,"comment_status":"closed","ping_status":"closed","template":"","meta":{"_glsr_average":0,"_glsr_ranking":0,"_glsr_reviews":0,"keywords_product":"geocel sealant, caulk, sealant for rv, high modulus sealant, non-porous surface adhesive","featured_product":"","product_importance":"","wds_primary_product_brand":0,"wds_primary_product_cat":0,"wds_primary_fb_product_set":0},"product_brand":[2086],"product_cat":[241,1468],"product_tag":[1446,1462],"class_list":{"0":"post-92285","1":"product","2":"type-product","3":"status-publish","4":"has-post-thumbnail","6":"product_brand-geocel-fr","7":"product_cat-entretien-nettoyage","8":"product_cat-reparation-de-vr","9":"product_tag-geocel-fr","10":"product_tag-ntp-fr","12":"first","13":"instock","14":"taxable","15":"shipping-taxable","16":"purchasable","17":"product-type-simple"},"bundled_by":[],"bundle_stock_status":"instock","bundle_stock_quantity":131,"bundle_virtual":false,"bundle_layout":"","bundle_add_to_cart_form_location":"","bundle_editable_in_cart":false,"bundle_sold_individually_context":"","bundle_item_grouping":"","bundle_min_size":"","bundle_max_size":"","bundle_price":[],"bundled_items":[],"bundle_sell_ids":[],"_links":{"self":[{"href":"https:\/\/shop.rvcare.ca\/fr\/wp-json\/wp\/v2\/product\/92285","targetHints":{"allow":["GET"]}}],"collection":[{"href":"https:\/\/shop.rvcare.ca\/fr\/wp-json\/wp\/v2\/product"}],"about":[{"href":"https:\/\/shop.rvcare.ca\/fr\/wp-json\/wp\/v2\/types\/product"}],"replies":[{"embeddable":true,"href":"https:\/\/shop.rvcare.ca\/fr\/wp-json\/wp\/v2\/comments?post=92285"}],"version-history":[{"count":1,"href":"https:\/\/shop.rvcare.ca\/fr\/wp-json\/wp\/v2\/product\/92285\/revisions"}],"predecessor-version":[{"id":157543,"href":"https:\/\/shop.rvcare.ca\/fr\/wp-json\/wp\/v2\/product\/92285\/revisions\/157543"}],"wp:featuredmedia":[{"embeddable":true,"href":"https:\/\/shop.rvcare.ca\/fr\/wp-json\/wp\/v2\/media\/93856"}],"wp:attachment":[{"href":"https:\/\/shop.rvcare.ca\/fr\/wp-json\/wp\/v2\/media?parent=92285"}],"wp:term":[{"taxonomy":"product_brand","embeddable":true,"href":"https:\/\/shop.rvcare.ca\/fr\/wp-json\/wp\/v2\/product_brand?post=92285"},{"taxonomy":"product_cat","embeddable":true,"href":"https:\/\/shop.rvcare.ca\/fr\/wp-json\/wp\/v2\/product_cat?post=92285"},{"taxonomy":"product_tag","embeddable":true,"href":"https:\/\/shop.rvcare.ca\/fr\/wp-json\/wp\/v2\/product_tag?post=92285"}],"curies":[{"name":"wp","href":"https:\/\/api.w.org\/{rel}","templated":true}]}}