{"id":92286,"date":"2024-04-12T09:38:47","date_gmt":"2024-04-12T13:38:47","guid":{"rendered":"https:\/\/shop.rvcare.ca\/product\/cofair-products-roof-repair-tape\/"},"modified":"2026-03-30T14:27:06","modified_gmt":"2026-03-30T18:27:06","slug":"cofair-products-roof-repair-tape","status":"publish","type":"product","link":"https:\/\/shop.rvcare.ca\/fr\/produit\/cofair-products-roof-repair-tape\/","title":{"rendered":"Ruban de r\u00e9paration pour toit CoFair Products"},"content":{"rendered":"<p>Ce ruban de r\u00e9paration pour toit CoFair Products imperm\u00e9abilise instantan\u00e9ment les d\u00e9chirures et perforations sur le toit en caoutchouc de votre VR.<\/p>\n","protected":false},"excerpt":{"rendered":"<ul>\n<li data-start=\"37\" data-end=\"196\"><strong data-start=\"37\" data-end=\"55\">Type de toit :<\/strong> Toit en caoutchouc EPDM<\/li>\n<li data-start=\"37\" data-end=\"196\"><strong data-start=\"82\" data-end=\"92\">Type :<\/strong> Auto-adh\u00e9sif<\/li>\n<li data-start=\"37\" data-end=\"196\"><strong data-start=\"108\" data-end=\"122\">Longueur :<\/strong> 2 pi<\/li>\n<li data-start=\"37\" data-end=\"196\"><strong data-start=\"130\" data-end=\"143\">Largeur :<\/strong> 6 po<\/li>\n<li data-start=\"37\" data-end=\"196\"><strong data-start=\"151\" data-end=\"164\">Couleur :<\/strong> Blanc<\/li>\n<li data-start=\"37\" data-end=\"196\"><strong data-start=\"173\" data-end=\"187\">Mat\u00e9riau :<\/strong> Butyle<\/li>\n<li data-start=\"199\" data-end=\"221\">Surface autocollante<\/li>\n<li data-start=\"224\" data-end=\"286\">Imperm\u00e9abilise instantan\u00e9ment les d\u00e9chirures et perforations<\/li>\n<li data-start=\"289\" data-end=\"323\">Application facile et permanente<\/li>\n<\/ul>\n","protected":false},"featured_media":93852,"comment_status":"closed","ping_status":"closed","template":"","meta":{"_glsr_average":0,"_glsr_ranking":0,"_glsr_reviews":0,"keywords_product":"roof repair tape, rv roof tape, waterproof roof patch, rv repair supplies, rubber roof repair","featured_product":"","product_importance":"","wds_primary_product_brand":0,"wds_primary_product_cat":0,"wds_primary_fb_product_set":0},"product_brand":[2006],"product_cat":[60,1433],"product_tag":[1444,1462],"class_list":{"0":"post-92286","1":"product","2":"type-product","3":"status-publish","4":"has-post-thumbnail","6":"product_brand-cofair-prod","7":"product_cat-maintenance-cleaning-supplies","8":"product_cat-rv-repair","9":"product_tag-cofair-prod-fr","10":"product_tag-ntp-fr","12":"first","13":"instock","14":"taxable","15":"shipping-taxable","16":"purchasable","17":"product-type-simple"},"bundled_by":[],"bundle_stock_status":"instock","bundle_stock_quantity":218,"bundle_virtual":false,"bundle_layout":"","bundle_add_to_cart_form_location":"","bundle_editable_in_cart":false,"bundle_sold_individually_context":"","bundle_item_grouping":"","bundle_min_size":"","bundle_max_size":"","bundle_price":[],"bundled_items":[],"bundle_sell_ids":[],"_links":{"self":[{"href":"https:\/\/shop.rvcare.ca\/fr\/wp-json\/wp\/v2\/product\/92286","targetHints":{"allow":["GET"]}}],"collection":[{"href":"https:\/\/shop.rvcare.ca\/fr\/wp-json\/wp\/v2\/product"}],"about":[{"href":"https:\/\/shop.rvcare.ca\/fr\/wp-json\/wp\/v2\/types\/product"}],"replies":[{"embeddable":true,"href":"https:\/\/shop.rvcare.ca\/fr\/wp-json\/wp\/v2\/comments?post=92286"}],"version-history":[{"count":1,"href":"https:\/\/shop.rvcare.ca\/fr\/wp-json\/wp\/v2\/product\/92286\/revisions"}],"predecessor-version":[{"id":157544,"href":"https:\/\/shop.rvcare.ca\/fr\/wp-json\/wp\/v2\/product\/92286\/revisions\/157544"}],"wp:featuredmedia":[{"embeddable":true,"href":"https:\/\/shop.rvcare.ca\/fr\/wp-json\/wp\/v2\/media\/93852"}],"wp:attachment":[{"href":"https:\/\/shop.rvcare.ca\/fr\/wp-json\/wp\/v2\/media?parent=92286"}],"wp:term":[{"taxonomy":"product_brand","embeddable":true,"href":"https:\/\/shop.rvcare.ca\/fr\/wp-json\/wp\/v2\/product_brand?post=92286"},{"taxonomy":"product_cat","embeddable":true,"href":"https:\/\/shop.rvcare.ca\/fr\/wp-json\/wp\/v2\/product_cat?post=92286"},{"taxonomy":"product_tag","embeddable":true,"href":"https:\/\/shop.rvcare.ca\/fr\/wp-json\/wp\/v2\/product_tag?post=92286"}],"curies":[{"name":"wp","href":"https:\/\/api.w.org\/{rel}","templated":true}]}}