{"id":92292,"date":"2024-04-05T08:23:05","date_gmt":"2024-04-05T12:23:05","guid":{"rendered":"https:\/\/shop.rvcare.ca\/product\/state-sticker-travel-map-sticker-united-states\/"},"modified":"2026-03-30T14:27:08","modified_gmt":"2026-03-30T18:27:08","slug":"state-sticker-travel-map-sticker-united-states","status":"publish","type":"product","link":"https:\/\/shop.rvcare.ca\/fr\/produit\/state-sticker-travel-map-sticker-united-states\/","title":{"rendered":"Carte des \u00c9tats-Unis avec autocollants des \u00e9tats am\u00e9ricains"},"content":{"rendered":"<p>Ensemble d&rsquo;autocollants repr\u00e9sentant la carte des \u00c9tats-Unis. Elle vous permet d&rsquo;indiquer quels \u00e9tats vous avez visit\u00e9s et de partager votre parcour avec vos amis et votre famille.<\/p>\n","protected":false},"excerpt":{"rendered":"<ul>\n<li>Design : Autocollants des \u00e9tats am\u00e9ricains sur carte des \u00c9tats-Unis<\/li>\n<li>Type : Autocollants permanents<\/li>\n<li>Type de montage : adh\u00e9sif<\/li>\n<li>Longueur : 49,5 cm (19-1\/2 pouces), Largeur : 33 cm (13 pouces)<\/li>\n<li>Mat\u00e9riau : vinyle<\/li>\n<li>Carte des \u00c9tats-Unis robuste et r\u00e9sistante aux intemp\u00e9ries<\/li>\n<li>Parfait pour d\u00e9corer votre VR<\/li>\n<\/ul>\n","protected":false},"featured_media":83743,"comment_status":"closed","ping_status":"closed","template":"","meta":{"_glsr_average":0,"_glsr_ranking":0,"_glsr_reviews":0,"keywords_product":"","featured_product":"","product_importance":"","wds_primary_product_brand":0,"wds_primary_product_cat":0,"wds_primary_fb_product_set":0},"product_brand":[2113],"product_cat":[1867,1481,1868,1767,253],"product_tag":[1462,1454],"class_list":{"0":"post-92292","1":"product","2":"type-product","3":"status-publish","4":"has-post-thumbnail","6":"product_brand-state-stick-fr","7":"product_cat-camping-exterieur","8":"product_cat-camping-en-vr","9":"product_cat-interieur-rv","10":"product_cat-loisirs-de-plein-air","11":"product_cat-vaisselle-cuisine","12":"product_tag-ntp-fr","13":"product_tag-state-stick-fr","15":"first","16":"instock","17":"taxable","18":"shipping-taxable","19":"purchasable","20":"product-type-simple"},"bundled_by":[],"bundle_stock_status":"instock","bundle_stock_quantity":321,"bundle_virtual":false,"bundle_layout":"","bundle_add_to_cart_form_location":"","bundle_editable_in_cart":false,"bundle_sold_individually_context":"","bundle_item_grouping":"","bundle_min_size":"","bundle_max_size":"","bundle_price":[],"bundled_items":[],"bundle_sell_ids":[],"_links":{"self":[{"href":"https:\/\/shop.rvcare.ca\/fr\/wp-json\/wp\/v2\/product\/92292","targetHints":{"allow":["GET"]}}],"collection":[{"href":"https:\/\/shop.rvcare.ca\/fr\/wp-json\/wp\/v2\/product"}],"about":[{"href":"https:\/\/shop.rvcare.ca\/fr\/wp-json\/wp\/v2\/types\/product"}],"replies":[{"embeddable":true,"href":"https:\/\/shop.rvcare.ca\/fr\/wp-json\/wp\/v2\/comments?post=92292"}],"version-history":[{"count":1,"href":"https:\/\/shop.rvcare.ca\/fr\/wp-json\/wp\/v2\/product\/92292\/revisions"}],"predecessor-version":[{"id":157545,"href":"https:\/\/shop.rvcare.ca\/fr\/wp-json\/wp\/v2\/product\/92292\/revisions\/157545"}],"wp:featuredmedia":[{"embeddable":true,"href":"https:\/\/shop.rvcare.ca\/fr\/wp-json\/wp\/v2\/media\/83743"}],"wp:attachment":[{"href":"https:\/\/shop.rvcare.ca\/fr\/wp-json\/wp\/v2\/media?parent=92292"}],"wp:term":[{"taxonomy":"product_brand","embeddable":true,"href":"https:\/\/shop.rvcare.ca\/fr\/wp-json\/wp\/v2\/product_brand?post=92292"},{"taxonomy":"product_cat","embeddable":true,"href":"https:\/\/shop.rvcare.ca\/fr\/wp-json\/wp\/v2\/product_cat?post=92292"},{"taxonomy":"product_tag","embeddable":true,"href":"https:\/\/shop.rvcare.ca\/fr\/wp-json\/wp\/v2\/product_tag?post=92292"}],"curies":[{"name":"wp","href":"https:\/\/api.w.org\/{rel}","templated":true}]}}