{"id":92294,"date":"2024-04-05T08:22:59","date_gmt":"2024-04-05T12:22:59","guid":{"rendered":"https:\/\/shop.rvcare.ca\/product\/stromberg-carlson-barbecue-grill\/"},"modified":"2026-03-30T14:27:09","modified_gmt":"2026-03-30T18:27:09","slug":"stromberg-carlson-barbecue-grill","status":"publish","type":"product","link":"https:\/\/shop.rvcare.ca\/fr\/produit\/stromberg-carlson-barbecue-grill\/","title":{"rendered":"Barbecue \u00e0 charbon Stromberg Carlson"},"content":{"rendered":"<p>Ce barbecue de Stromberg Carlson comprend \u00e0 la fois un piquet et une grille munie de poign\u00e9es de verrouillage, qui coulisse facilement de haut en bas sur le piquet pour ajuster la chaleur de cuisson. La grille pivote \u00e9galement ais\u00e9ment \u00e0 l\u2019\u00e9cart du feu pour faciliter le chargement et le d\u00e9chargement des aliments.<\/p>\n<p>Ask ChatGPT<\/p>\n","protected":false},"excerpt":{"rendered":"<ul>\n<li data-start=\"56\" data-end=\"76\"><strong data-start=\"56\" data-end=\"66\">Type :<\/strong> charbon<\/li>\n<li data-start=\"79\" data-end=\"109\"><strong data-start=\"79\" data-end=\"100\">Type d\u2019allumage :<\/strong> manuel<\/li>\n<li data-start=\"112\" data-end=\"139\"><strong data-start=\"112\" data-end=\"123\">Forme :<\/strong> rectangulaire<\/li>\n<li data-start=\"142\" data-end=\"186\"><strong data-start=\"142\" data-end=\"166\">Surface de cuisson :<\/strong> 330 pouces carr\u00e9s<\/li>\n<li data-start=\"189\" data-end=\"217\"><strong data-start=\"189\" data-end=\"209\">Largeur totale :<\/strong> 15 po<\/li>\n<li data-start=\"220\" data-end=\"248\"><strong data-start=\"220\" data-end=\"240\">Hauteur totale :<\/strong> 36 po<\/li>\n<li data-start=\"251\" data-end=\"273\"><strong data-start=\"251\" data-end=\"264\">Couleur :<\/strong> argent<\/li>\n<li data-start=\"276\" data-end=\"326\"><strong data-start=\"276\" data-end=\"318\">Mat\u00e9riau de la grille et du barbecue :<\/strong> acier<\/li>\n<li data-start=\"329\" data-end=\"348\"><strong data-start=\"329\" data-end=\"339\">Fini :<\/strong> chrom\u00e9<\/li>\n<li data-start=\"351\" data-end=\"409\"><strong data-start=\"351\" data-end=\"407\">Bords relev\u00e9s pour garder les aliments sur la grille<\/strong><\/li>\n<li data-start=\"412\" data-end=\"439\"><strong data-start=\"412\" data-end=\"437\">Rotation \u00e0 360 degr\u00e9s<\/strong><\/li>\n<li data-start=\"442\" data-end=\"510\"><strong data-start=\"442\" data-end=\"510\" data-is-last-node=\"\">Sac en nylon inclus pour garder le barbecue propre et bien rang\u00e9<\/strong><\/li>\n<\/ul>\n","protected":false},"featured_media":84076,"comment_status":"closed","ping_status":"closed","template":"","meta":{"_glsr_average":0,"_glsr_ranking":0,"_glsr_reviews":0,"keywords_product":"Stromberg Carlson barbecue grill, RV mountable BBQ grill, portable camping grill, outdoor propane grill, camper grill for RV, stainless steel BBQ, compact travel grill, tailgating propane grill, RV side mount grill, Stromberg Carlson outdoor cooker, camping BBQ with mount, foldable propane grill, road trip grilling equipment, durable camping barbecue","featured_product":"","product_importance":"","wds_primary_product_brand":0,"wds_primary_product_cat":0,"wds_primary_fb_product_set":0},"product_brand":[2117],"product_cat":[1081,1867,1481],"product_tag":[1462,1456],"class_list":{"0":"post-92294","1":"product","2":"type-product","3":"status-publish","4":"has-post-thumbnail","6":"product_brand-stromber-fr","7":"product_cat-bbq-accessoires","8":"product_cat-camping-exterieur","9":"product_cat-camping-en-vr","10":"product_tag-ntp-fr","11":"product_tag-stromber-fr","13":"first","14":"instock","15":"taxable","16":"shipping-taxable","17":"purchasable","18":"product-type-simple"},"bundled_by":[],"bundle_stock_status":"instock","bundle_stock_quantity":486,"bundle_virtual":false,"bundle_layout":"","bundle_add_to_cart_form_location":"","bundle_editable_in_cart":false,"bundle_sold_individually_context":"","bundle_item_grouping":"","bundle_min_size":"","bundle_max_size":"","bundle_price":[],"bundled_items":[],"bundle_sell_ids":[],"_links":{"self":[{"href":"https:\/\/shop.rvcare.ca\/fr\/wp-json\/wp\/v2\/product\/92294","targetHints":{"allow":["GET"]}}],"collection":[{"href":"https:\/\/shop.rvcare.ca\/fr\/wp-json\/wp\/v2\/product"}],"about":[{"href":"https:\/\/shop.rvcare.ca\/fr\/wp-json\/wp\/v2\/types\/product"}],"replies":[{"embeddable":true,"href":"https:\/\/shop.rvcare.ca\/fr\/wp-json\/wp\/v2\/comments?post=92294"}],"version-history":[{"count":1,"href":"https:\/\/shop.rvcare.ca\/fr\/wp-json\/wp\/v2\/product\/92294\/revisions"}],"predecessor-version":[{"id":157546,"href":"https:\/\/shop.rvcare.ca\/fr\/wp-json\/wp\/v2\/product\/92294\/revisions\/157546"}],"wp:featuredmedia":[{"embeddable":true,"href":"https:\/\/shop.rvcare.ca\/fr\/wp-json\/wp\/v2\/media\/84076"}],"wp:attachment":[{"href":"https:\/\/shop.rvcare.ca\/fr\/wp-json\/wp\/v2\/media?parent=92294"}],"wp:term":[{"taxonomy":"product_brand","embeddable":true,"href":"https:\/\/shop.rvcare.ca\/fr\/wp-json\/wp\/v2\/product_brand?post=92294"},{"taxonomy":"product_cat","embeddable":true,"href":"https:\/\/shop.rvcare.ca\/fr\/wp-json\/wp\/v2\/product_cat?post=92294"},{"taxonomy":"product_tag","embeddable":true,"href":"https:\/\/shop.rvcare.ca\/fr\/wp-json\/wp\/v2\/product_tag?post=92294"}],"curies":[{"name":"wp","href":"https:\/\/api.w.org\/{rel}","templated":true}]}}