{"id":92305,"date":"2024-04-05T08:22:32","date_gmt":"2024-04-05T12:22:32","guid":{"rendered":"https:\/\/shop.rvcare.ca\/product\/hughes-auto-surge-protector-50-amp-portable\/"},"modified":"2026-03-30T14:27:11","modified_gmt":"2026-03-30T18:27:11","slug":"protecteur-de-surtension-portatif-hughes-auto","status":"publish","type":"product","link":"https:\/\/shop.rvcare.ca\/fr\/produit\/protecteur-de-surtension-portatif-hughes-auto\/","title":{"rendered":"Protecteur de surtension portatif Hughes Auto (50 amp\u00e8res)"},"content":{"rendered":"<p>Ce protecteur de surtension Hughes Auto offre une protection efficace pour votre VR et est dot\u00e9 de la connectivit\u00e9 Bluetooth, vous permettant de surveiller en temps r\u00e9el l\u2019alimentation du terrain sur votre t\u00e9l\u00e9phone intelligent gr\u00e2ce \u00e0 notre application mobile gratuite.<\/p>\n","protected":false},"excerpt":{"rendered":"<ul>\n<li><strong data-start=\"0\" data-end=\"25\" data-is-only-node=\"\">Type d\u2019installation :<\/strong> Portatif<\/li>\n<li><strong data-start=\"37\" data-end=\"61\">Intensit\u00e9 nominale :<\/strong> 50 amp\u00e8res<\/li>\n<li><strong data-start=\"75\" data-end=\"88\">Tension :<\/strong> 120 volts<\/li>\n<li><strong data-start=\"101\" data-end=\"131\">Technologie intelligente :<\/strong> Compatible Bluetooth<\/li>\n<li><strong data-start=\"155\" data-end=\"185\">Reconnecte automatiquement<\/strong><\/li>\n<li><strong data-start=\"188\" data-end=\"210\">Nombre de prises :<\/strong> 1 prise<\/li>\n<li><strong data-start=\"221\" data-end=\"285\">Comprend un indicateur de d\u00e9faut et une poign\u00e9e sur la fiche<\/strong><\/li>\n<li><strong data-start=\"288\" data-end=\"348\">Protection avanc\u00e9e contre les surtensions de 4800 joules<\/strong><\/li>\n<li><strong data-start=\"351\" data-end=\"436\">Surveillez sans fil la tension et la consommation via votre t\u00e9l\u00e9phone intelligent<\/strong><\/li>\n<li><strong data-start=\"439\" data-end=\"524\">Diagnostics complets de l\u2019alimentation du terrain avec alertes de d\u00e9faut sans fil<\/strong><\/li>\n<li><strong data-start=\"527\" data-end=\"583\">D\u00e9finissez vos propres seuils d\u2019alerte personnalis\u00e9s<\/strong><\/li>\n<li><strong data-start=\"586\" data-end=\"665\" data-is-last-node=\"\">Unit\u00e9 de protection contre les surtensions rempla\u00e7able en cas de pic majeur<\/strong><\/li>\n<\/ul>\n","protected":false},"featured_media":83665,"comment_status":"closed","ping_status":"closed","template":"","meta":{"_glsr_average":0,"_glsr_ranking":0,"_glsr_reviews":0,"keywords_product":"hughes auto surge protector, 50 amp surge protector, portable surge protector, rv surge protection, bluetooth power monitor","featured_product":"","product_importance":"","wds_primary_product_brand":0,"wds_primary_product_cat":0,"wds_primary_fb_product_set":0},"product_brand":[2021],"product_cat":[1381,1882],"product_tag":[1412,1586,1461],"class_list":{"0":"post-92305","1":"product","2":"type-product","3":"status-publish","4":"has-post-thumbnail","6":"product_brand-hughes-auto","7":"product_cat-electrical","8":"product_cat-surge-protection-ems","9":"product_tag-hughes-auto","10":"product_tag-top-sellers","11":"product_tag-ntp","13":"first","14":"instock","15":"taxable","16":"shipping-taxable","17":"purchasable","18":"product-type-simple"},"bundled_by":[],"bundle_stock_status":"instock","bundle_stock_quantity":682,"bundle_virtual":false,"bundle_layout":"","bundle_add_to_cart_form_location":"","bundle_editable_in_cart":false,"bundle_sold_individually_context":"","bundle_item_grouping":"","bundle_min_size":"","bundle_max_size":"","bundle_price":[],"bundled_items":[],"bundle_sell_ids":[],"_links":{"self":[{"href":"https:\/\/shop.rvcare.ca\/fr\/wp-json\/wp\/v2\/product\/92305","targetHints":{"allow":["GET"]}}],"collection":[{"href":"https:\/\/shop.rvcare.ca\/fr\/wp-json\/wp\/v2\/product"}],"about":[{"href":"https:\/\/shop.rvcare.ca\/fr\/wp-json\/wp\/v2\/types\/product"}],"replies":[{"embeddable":true,"href":"https:\/\/shop.rvcare.ca\/fr\/wp-json\/wp\/v2\/comments?post=92305"}],"version-history":[{"count":1,"href":"https:\/\/shop.rvcare.ca\/fr\/wp-json\/wp\/v2\/product\/92305\/revisions"}],"predecessor-version":[{"id":157550,"href":"https:\/\/shop.rvcare.ca\/fr\/wp-json\/wp\/v2\/product\/92305\/revisions\/157550"}],"wp:featuredmedia":[{"embeddable":true,"href":"https:\/\/shop.rvcare.ca\/fr\/wp-json\/wp\/v2\/media\/83665"}],"wp:attachment":[{"href":"https:\/\/shop.rvcare.ca\/fr\/wp-json\/wp\/v2\/media?parent=92305"}],"wp:term":[{"taxonomy":"product_brand","embeddable":true,"href":"https:\/\/shop.rvcare.ca\/fr\/wp-json\/wp\/v2\/product_brand?post=92305"},{"taxonomy":"product_cat","embeddable":true,"href":"https:\/\/shop.rvcare.ca\/fr\/wp-json\/wp\/v2\/product_cat?post=92305"},{"taxonomy":"product_tag","embeddable":true,"href":"https:\/\/shop.rvcare.ca\/fr\/wp-json\/wp\/v2\/product_tag?post=92305"}],"curies":[{"name":"wp","href":"https:\/\/api.w.org\/{rel}","templated":true}]}}