{"id":92308,"date":"2024-04-05T08:22:24","date_gmt":"2024-04-05T12:22:24","guid":{"rendered":"https:\/\/shop.rvcare.ca\/product\/hughes-auto-surge-protector-30-amp-portable\/"},"modified":"2026-03-30T14:27:12","modified_gmt":"2026-03-30T18:27:12","slug":"hughes-auto-surge-protector-30-amp-portable","status":"publish","type":"product","link":"https:\/\/shop.rvcare.ca\/fr\/produit\/hughes-auto-surge-protector-30-amp-portable\/","title":{"rendered":"Parafoudre portatif Hughes Auto \u2013 30 amp\u00e8res"},"content":{"rendered":"<p class=\"p1\">Ce parafoudre Hughes Auto prot\u00e8ge votre VR contre les surtensions et vous permet de surveiller en temps r\u00e9el l\u2019alimentation \u00e9lectrique du terrain de camping gr\u00e2ce \u00e0 sa connectivit\u00e9 Bluetooth. Il suffit d\u2019utiliser notre application mobile gratuite pour suivre les conditions de courant directement sur votre t\u00e9l\u00e9phone intelligent.<\/p>\n","protected":false},"excerpt":{"rendered":"<ul>\n<li>\n<p class=\"p1\"><b>Type d\u2019installation<\/b><span class=\"s1\"> : Portatif<\/span><\/p>\n<\/li>\n<li>\n<p class=\"p1\"><b>Intensit\u00e9 nominale<\/b><span class=\"s1\"> : 30 amp\u00e8res<\/span><\/p>\n<\/li>\n<li>\n<p class=\"p1\"><span class=\"s2\"><b>Tension<\/b><\/span> : 120 volts<\/p>\n<\/li>\n<li>\n<p class=\"p1\"><b>Technologie intelligente<\/b><span class=\"s1\"> : Compatible Bluetooth<\/span><\/p>\n<\/li>\n<li>\n<p class=\"p1\"><b>Reconnexion automatique<\/b><span class=\"s1\"> : Oui<\/span><\/p>\n<\/li>\n<li>\n<p class=\"p1\"><b>Nombre de sorties<\/b><span class=\"s1\"> : 1 prise<\/span><\/p>\n<\/li>\n<li>\n<p class=\"p1\"><b>Autres caract\u00e9ristiques<\/b><span class=\"s1\"> :<\/span><\/p>\n<ul>\n<li>\n<p class=\"p1\">Indicateur de d\u00e9faut int\u00e9gr\u00e9<\/p>\n<\/li>\n<li>\n<p class=\"p1\">Poign\u00e9e int\u00e9gr\u00e9e sur la fiche pour un branchement facile<\/p>\n<\/li>\n<li>\n<p class=\"p1\">Protection avanc\u00e9e contre les surtensions de 2400 joules<\/p>\n<\/li>\n<li>\n<p class=\"p1\">Surveillance sans fil de la tension et de la consommation via votre t\u00e9l\u00e9phone intelligent<\/p>\n<\/li>\n<li>\n<p class=\"p1\">Diagnostic complet de l\u2019alimentation du terrain avec alertes de d\u00e9faut sans fil<\/p>\n<\/li>\n<li>\n<p class=\"p1\">Possibilit\u00e9 de d\u00e9finir des seuils d\u2019alerte personnalis\u00e9s<\/p>\n<\/li>\n<li>\n<p class=\"p1\">Module de protection rempla\u00e7able en cas de surtension majeure<\/p>\n<\/li>\n<\/ul>\n<\/li>\n<\/ul>\n","protected":false},"featured_media":83693,"comment_status":"closed","ping_status":"closed","template":"","meta":{"_glsr_average":0,"_glsr_ranking":0,"_glsr_reviews":0,"keywords_product":"hughes auto surge protector, 30 amp surge protector, portable surge protector, rv surge protection, bluetooth surge monitor","featured_product":"","product_importance":"","wds_primary_product_brand":0,"wds_primary_product_cat":0,"wds_primary_fb_product_set":0},"product_brand":[2090],"product_cat":[1382,1883],"product_tag":[1448,1944,1462],"class_list":{"0":"post-92308","1":"product","2":"type-product","3":"status-publish","4":"has-post-thumbnail","6":"product_brand-hughes-auto-fr","7":"product_cat-produits-electriques","8":"product_cat-surge-protection-ems-fr","9":"product_tag-hughes-auto-fr","10":"product_tag-meilleurs-vendeurs","11":"product_tag-ntp-fr","13":"first","14":"instock","15":"taxable","16":"shipping-taxable","17":"purchasable","18":"product-type-simple"},"bundled_by":[],"bundle_stock_status":"instock","bundle_stock_quantity":759,"bundle_virtual":false,"bundle_layout":"","bundle_add_to_cart_form_location":"","bundle_editable_in_cart":false,"bundle_sold_individually_context":"","bundle_item_grouping":"","bundle_min_size":"","bundle_max_size":"","bundle_price":[],"bundled_items":[],"bundle_sell_ids":[],"_links":{"self":[{"href":"https:\/\/shop.rvcare.ca\/fr\/wp-json\/wp\/v2\/product\/92308","targetHints":{"allow":["GET"]}}],"collection":[{"href":"https:\/\/shop.rvcare.ca\/fr\/wp-json\/wp\/v2\/product"}],"about":[{"href":"https:\/\/shop.rvcare.ca\/fr\/wp-json\/wp\/v2\/types\/product"}],"replies":[{"embeddable":true,"href":"https:\/\/shop.rvcare.ca\/fr\/wp-json\/wp\/v2\/comments?post=92308"}],"version-history":[{"count":1,"href":"https:\/\/shop.rvcare.ca\/fr\/wp-json\/wp\/v2\/product\/92308\/revisions"}],"predecessor-version":[{"id":157552,"href":"https:\/\/shop.rvcare.ca\/fr\/wp-json\/wp\/v2\/product\/92308\/revisions\/157552"}],"wp:featuredmedia":[{"embeddable":true,"href":"https:\/\/shop.rvcare.ca\/fr\/wp-json\/wp\/v2\/media\/83693"}],"wp:attachment":[{"href":"https:\/\/shop.rvcare.ca\/fr\/wp-json\/wp\/v2\/media?parent=92308"}],"wp:term":[{"taxonomy":"product_brand","embeddable":true,"href":"https:\/\/shop.rvcare.ca\/fr\/wp-json\/wp\/v2\/product_brand?post=92308"},{"taxonomy":"product_cat","embeddable":true,"href":"https:\/\/shop.rvcare.ca\/fr\/wp-json\/wp\/v2\/product_cat?post=92308"},{"taxonomy":"product_tag","embeddable":true,"href":"https:\/\/shop.rvcare.ca\/fr\/wp-json\/wp\/v2\/product_tag?post=92308"}],"curies":[{"name":"wp","href":"https:\/\/api.w.org\/{rel}","templated":true}]}}