{"id":92318,"date":"2024-04-05T08:21:56","date_gmt":"2024-04-05T12:21:56","guid":{"rendered":"https:\/\/shop.rvcare.ca\/product\/brk-electronics-recreational-fire-extinguisher\/"},"modified":"2026-03-30T14:27:18","modified_gmt":"2026-03-30T18:27:18","slug":"brk-electronics-recreational-fire-extinguisher","status":"publish","type":"product","link":"https:\/\/shop.rvcare.ca\/fr\/produit\/brk-electronics-recreational-fire-extinguisher\/","title":{"rendered":"Extincteur d&rsquo;incendie BRK Electronics"},"content":{"rendered":"<p>Cet extincteur d&rsquo;incendie BRK Electronics peut \u00eatre utilis\u00e9 dans les camionnettes, les caravanes et autres v\u00e9hicules r\u00e9cr\u00e9atifs (VR). Permet d\u2019\u00e9teindre les feux d\u2019huile, d\u2019essence et d\u2019origine \u00e9lectrique \u00e0 la maison. Approuv\u00e9 par la Garde c\u00f4ti\u00e8re am\u00e9ricaine (USCG), il est dot\u00e9 d\u2019un manom\u00e8tre facile \u00e0 lire.\u00a0Fourni avec un support de fixation et une sangle pour un montage s\u00e9curis\u00e9.<br \/>\nEfficace contre les incendies provoqu\u00e9s par des liquides inflammables, des gaz ou des sources \u00e9lectriques.<\/p>\n","protected":false},"excerpt":{"rendered":"<ul>\n<li>Classe de feu :\u00a05-B:C\u200b\u2b24<\/li>\n<li>Agent extincteur :\u00a0Bicarbonate de sodium<\/li>\n<li>Volume de la bouteille :\u00a02 livres<\/li>\n<li>Couleur:\u00a0Blanc<\/li>\n<li>Mat\u00e9riau :\u00a0acier<\/li>\n<li>Comprend des supports de montage<\/li>\n<li>Approuv\u00e9 par l&rsquo;USCG (United States Coast Guard)<\/li>\n<li>Soupape et d\u00e9tenteur m\u00e9talliques de qualit\u00e9 commerciale<\/li>\n<li>Support avec sangle pour un montage facile<\/li>\n<li>Manom\u00e8tre facile \u00e0 lire<\/li>\n<\/ul>\n","protected":false},"featured_media":84019,"comment_status":"closed","ping_status":"closed","template":"","meta":{"_glsr_average":0,"_glsr_ranking":0,"_glsr_reviews":0,"keywords_product":"extincteur d'incendie, feu, fire, fire extinguisher, BRK Electronics","featured_product":"","product_importance":"1","wds_primary_product_brand":0,"wds_primary_product_cat":0,"wds_primary_fb_product_set":0},"product_brand":[2074],"product_cat":[1765,1763],"product_tag":[1442,1462,2133],"class_list":{"0":"post-92318","1":"product","2":"type-product","3":"status-publish","4":"has-post-thumbnail","6":"product_brand-brk-electron-fr","7":"product_cat-avertisseurs-et-capteurs-de-securite","8":"product_cat-securite-et-protection-pour-vr","9":"product_tag-brk-electron-fr","10":"product_tag-ntp-fr","11":"product_tag-promo-fr","13":"first","14":"instock","15":"taxable","16":"shipping-taxable","17":"purchasable","18":"product-type-simple"},"bundled_by":[],"bundle_stock_status":"instock","bundle_stock_quantity":760,"bundle_virtual":false,"bundle_layout":"","bundle_add_to_cart_form_location":"","bundle_editable_in_cart":false,"bundle_sold_individually_context":"","bundle_item_grouping":"","bundle_min_size":"","bundle_max_size":"","bundle_price":[],"bundled_items":[],"bundle_sell_ids":[],"_links":{"self":[{"href":"https:\/\/shop.rvcare.ca\/fr\/wp-json\/wp\/v2\/product\/92318","targetHints":{"allow":["GET"]}}],"collection":[{"href":"https:\/\/shop.rvcare.ca\/fr\/wp-json\/wp\/v2\/product"}],"about":[{"href":"https:\/\/shop.rvcare.ca\/fr\/wp-json\/wp\/v2\/types\/product"}],"replies":[{"embeddable":true,"href":"https:\/\/shop.rvcare.ca\/fr\/wp-json\/wp\/v2\/comments?post=92318"}],"version-history":[{"count":1,"href":"https:\/\/shop.rvcare.ca\/fr\/wp-json\/wp\/v2\/product\/92318\/revisions"}],"predecessor-version":[{"id":157559,"href":"https:\/\/shop.rvcare.ca\/fr\/wp-json\/wp\/v2\/product\/92318\/revisions\/157559"}],"wp:featuredmedia":[{"embeddable":true,"href":"https:\/\/shop.rvcare.ca\/fr\/wp-json\/wp\/v2\/media\/84019"}],"wp:attachment":[{"href":"https:\/\/shop.rvcare.ca\/fr\/wp-json\/wp\/v2\/media?parent=92318"}],"wp:term":[{"taxonomy":"product_brand","embeddable":true,"href":"https:\/\/shop.rvcare.ca\/fr\/wp-json\/wp\/v2\/product_brand?post=92318"},{"taxonomy":"product_cat","embeddable":true,"href":"https:\/\/shop.rvcare.ca\/fr\/wp-json\/wp\/v2\/product_cat?post=92318"},{"taxonomy":"product_tag","embeddable":true,"href":"https:\/\/shop.rvcare.ca\/fr\/wp-json\/wp\/v2\/product_tag?post=92318"}],"curies":[{"name":"wp","href":"https:\/\/api.w.org\/{rel}","templated":true}]}}