{"id":92335,"date":"2024-04-05T08:21:09","date_gmt":"2024-04-05T12:21:09","guid":{"rendered":"https:\/\/shop.rvcare.ca\/product\/ap-products-awning-arm-safety-straps\/"},"modified":"2026-03-30T14:27:23","modified_gmt":"2026-03-30T18:27:23","slug":"ap-products-awning-arm-safety-straps","status":"publish","type":"product","link":"https:\/\/shop.rvcare.ca\/fr\/produit\/ap-products-awning-arm-safety-straps\/","title":{"rendered":"Sangles de s\u00e9curit\u00e9 pour bras d\u2019auvent AP Products"},"content":{"rendered":"<p class=\"\" data-start=\"58\" data-end=\"246\">Ces sangles de s\u00e9curit\u00e9 pour bras d\u2019auvent AP Products maintiennent fermement les bras d\u2019auvent pendant les trajets. Id\u00e9ales pour les VR, les bateaux et les v\u00e9hicules utilitaires.<\/p>\n<p class=\"\" data-start=\"248\" data-end=\"340\">Un accessoire essentiel pour s\u00e9curiser les bras d\u2019auvent manuels lors de vos d\u00e9placements.<\/p>\n","protected":false},"excerpt":{"rendered":"<ul>\n<li><strong data-start=\"342\" data-end=\"356\">Longueur :<\/strong> 10 pouces<\/li>\n<li><strong data-start=\"369\" data-end=\"383\">Quantit\u00e9 :<\/strong> Jeu de 2<\/li>\n<li><strong data-start=\"395\" data-end=\"409\">Mat\u00e9riau :<\/strong> Sangle en nylon de qualit\u00e9 commerciale<\/li>\n<\/ul>\n","protected":false},"featured_media":84179,"comment_status":"closed","ping_status":"closed","template":"","meta":{"_glsr_average":0,"_glsr_ranking":0,"_glsr_reviews":0,"keywords_product":"awning arm safety straps, rv safety straps, awning arm straps, manual awning straps, rv travel straps, boat awning straps, work vehicle safety straps, nylon webbing straps, durable awning arm straps, commercial grade safety straps, secure awning arms, travel awning straps, heavy-duty awning straps, rv accessories, boat accessories, vehicle safety straps, 10-inch awning straps, set of 2 safety straps, sangles de s\u00e9curit\u00e9 pour bras d\u2019auvent, sangles de s\u00e9curit\u00e9 pour VR, sangles pour bras d\u2019auvent, sangles pour auvent manuel, sangles de voyage pour VR, sangles pour auvent de bateau, sangles de s\u00e9curit\u00e9 pour v\u00e9hicules utilitaires, sangles en nylon, sangles durables pour bras d\u2019auvent, sangles de s\u00e9curit\u00e9 de qualit\u00e9 commerciale, s\u00e9curiser les bras d\u2019auvent, sangles de voyage pour auvent, sangles robustes pour auvent, accessoires pour VR, accessoires pour bateau, sangles de s\u00e9curit\u00e9 pour v\u00e9hicule, sangles d\u2019auvent de 10 pouces, ensemble de 2 sangles de s\u00e9curit\u00e9","featured_product":"","product_importance":"1","wds_primary_product_brand":0,"wds_primary_product_cat":0,"wds_primary_fb_product_set":0},"product_brand":[1954],"product_cat":[1479,1478],"product_tag":[1439,1462,2133],"class_list":{"0":"post-92335","1":"product","2":"type-product","3":"status-publish","4":"has-post-thumbnail","6":"product_brand-ap-products-fr","7":"product_cat-accessoires-dauvent","8":"product_cat-auvents","9":"product_tag-ap-products-fr","10":"product_tag-ntp-fr","11":"product_tag-promo-fr","13":"first","14":"instock","15":"taxable","16":"shipping-taxable","17":"purchasable","18":"product-type-simple"},"bundled_by":[],"bundle_stock_status":"instock","bundle_stock_quantity":105,"bundle_virtual":false,"bundle_layout":"","bundle_add_to_cart_form_location":"","bundle_editable_in_cart":false,"bundle_sold_individually_context":"","bundle_item_grouping":"","bundle_min_size":"","bundle_max_size":"","bundle_price":[],"bundled_items":[],"bundle_sell_ids":[],"_links":{"self":[{"href":"https:\/\/shop.rvcare.ca\/fr\/wp-json\/wp\/v2\/product\/92335","targetHints":{"allow":["GET"]}}],"collection":[{"href":"https:\/\/shop.rvcare.ca\/fr\/wp-json\/wp\/v2\/product"}],"about":[{"href":"https:\/\/shop.rvcare.ca\/fr\/wp-json\/wp\/v2\/types\/product"}],"replies":[{"embeddable":true,"href":"https:\/\/shop.rvcare.ca\/fr\/wp-json\/wp\/v2\/comments?post=92335"}],"version-history":[{"count":1,"href":"https:\/\/shop.rvcare.ca\/fr\/wp-json\/wp\/v2\/product\/92335\/revisions"}],"predecessor-version":[{"id":157569,"href":"https:\/\/shop.rvcare.ca\/fr\/wp-json\/wp\/v2\/product\/92335\/revisions\/157569"}],"wp:featuredmedia":[{"embeddable":true,"href":"https:\/\/shop.rvcare.ca\/fr\/wp-json\/wp\/v2\/media\/84179"}],"wp:attachment":[{"href":"https:\/\/shop.rvcare.ca\/fr\/wp-json\/wp\/v2\/media?parent=92335"}],"wp:term":[{"taxonomy":"product_brand","embeddable":true,"href":"https:\/\/shop.rvcare.ca\/fr\/wp-json\/wp\/v2\/product_brand?post=92335"},{"taxonomy":"product_cat","embeddable":true,"href":"https:\/\/shop.rvcare.ca\/fr\/wp-json\/wp\/v2\/product_cat?post=92335"},{"taxonomy":"product_tag","embeddable":true,"href":"https:\/\/shop.rvcare.ca\/fr\/wp-json\/wp\/v2\/product_tag?post=92335"}],"curies":[{"name":"wp","href":"https:\/\/api.w.org\/{rel}","templated":true}]}}