{"id":92355,"date":"2024-03-18T12:40:58","date_gmt":"2024-03-18T16:40:58","guid":{"rendered":"https:\/\/shop.rvcare.ca\/product\/lippert-cloud-camping-single-hammock-blue\/"},"modified":"2026-03-30T14:27:31","modified_gmt":"2026-03-30T18:27:31","slug":"lippert-cloud-camping-single-hammock-blue","status":"publish","type":"product","link":"https:\/\/shop.rvcare.ca\/fr\/produit\/lippert-cloud-camping-single-hammock-blue\/","title":{"rendered":"Hamac Simple Lippert Cloud Camping &#8211; Bleu"},"content":{"rendered":"<p>Ce hamac simple Lippert Cloud Camping est l&rsquo;accessoire de camping id\u00e9al pour vous aider, vous et votre famille, \u00e0 vous d\u00e9tendre pleinement lors de votre prochaine aventure en plein air. Gr\u00e2ce aux accessoires inclus, vous avez tout ce qu\u2019il faut pour vous installer confortablement et commencer \u00e0 profiter de la nature. De plus, son installation et son d\u00e9montage sont simples et rapides, ce qui vous permet d\u2019\u00e9conomiser du temps et de l\u2019\u00e9nergie l\u00e0 o\u00f9 cela compte.<\/p>\n","protected":false},"excerpt":{"rendered":"<ul>\n<li class=\"\" data-start=\"88\" data-end=\"112\">\n<p class=\"\" data-start=\"90\" data-end=\"112\"><strong data-start=\"90\" data-end=\"99\">Style<\/strong> : En ligne<\/p>\n<\/li>\n<li class=\"\" data-start=\"113\" data-end=\"152\">\n<p class=\"\" data-start=\"115\" data-end=\"152\"><strong data-start=\"115\" data-end=\"137\">Capacit\u00e9 d&rsquo;accueil<\/strong> : 1 personne<\/p>\n<\/li>\n<li class=\"\" data-start=\"153\" data-end=\"194\">\n<p class=\"\" data-start=\"155\" data-end=\"194\"><strong data-start=\"155\" data-end=\"174\">Charge maximale<\/strong> : 136 kg (300 lb)<\/p>\n<\/li>\n<li class=\"\" data-start=\"195\" data-end=\"229\">\n<p class=\"\" data-start=\"197\" data-end=\"229\"><strong data-start=\"197\" data-end=\"209\">Longueur<\/strong> : 269 cm (106 po)<\/p>\n<\/li>\n<li class=\"\" data-start=\"230\" data-end=\"252\">\n<p class=\"\" data-start=\"232\" data-end=\"252\"><strong data-start=\"232\" data-end=\"243\">Couleur<\/strong> : Bleu<\/p>\n<\/li>\n<li class=\"\" data-start=\"253\" data-end=\"277\">\n<p class=\"\" data-start=\"255\" data-end=\"277\"><strong data-start=\"255\" data-end=\"267\">Quantit\u00e9<\/strong> : Unit\u00e9<\/p>\n<\/li>\n<li class=\"\" data-start=\"278\" data-end=\"350\">\n<p class=\"\" data-start=\"280\" data-end=\"350\"><strong data-start=\"280\" data-end=\"292\">Mat\u00e9riau<\/strong> : Nylon de parachute 210T r\u00e9sistant, l\u00e9ger et respirant<\/p>\n<\/li>\n<li class=\"\" data-start=\"351\" data-end=\"464\">\n<p class=\"\" data-start=\"353\" data-end=\"464\"><strong data-start=\"353\" data-end=\"363\">Inclus<\/strong> : 2 sangles d\u2019arbre en nylon \u00e9cologiques, pr\u00e9-boucl\u00e9es et larges pour ne pas endommager les arbres<\/p>\n<\/li>\n<li class=\"\" data-start=\"465\" data-end=\"504\">\n<p class=\"\" data-start=\"467\" data-end=\"504\"><strong data-start=\"467\" data-end=\"483\">Installation<\/strong> : Rapide et facile<\/p>\n<\/li>\n<li class=\"\" data-start=\"505\" data-end=\"634\">\n<p class=\"\" data-start=\"507\" data-end=\"634\"><strong data-start=\"507\" data-end=\"527\">Sac de transport<\/strong> : Inclus pour un transport pratique, pouvant aussi servir de poche de rangement une fois le hamac install\u00e9<\/p>\n<\/li>\n<\/ul>\n","protected":false},"featured_media":80447,"comment_status":"closed","ping_status":"closed","template":"","meta":{"_glsr_average":0,"_glsr_ranking":0,"_glsr_reviews":0,"keywords_product":"","featured_product":"","product_importance":"1","wds_primary_product_brand":0,"wds_primary_product_cat":0,"wds_primary_fb_product_set":0},"product_brand":[2092],"product_cat":[1867,1481,1083],"product_tag":[1311,1462],"class_list":{"0":"post-92355","1":"product","2":"type-product","3":"status-publish","4":"has-post-thumbnail","6":"product_brand-lippert-fr","7":"product_cat-camping-exterieur","8":"product_cat-camping-en-vr","9":"product_cat-meuble-camping","10":"product_tag-lippert-fr","11":"product_tag-ntp-fr","13":"first","14":"instock","15":"taxable","16":"shipping-taxable","17":"purchasable","18":"product-type-simple"},"bundled_by":[],"bundle_stock_status":"instock","bundle_stock_quantity":34,"bundle_virtual":false,"bundle_layout":"","bundle_add_to_cart_form_location":"","bundle_editable_in_cart":false,"bundle_sold_individually_context":"","bundle_item_grouping":"","bundle_min_size":"","bundle_max_size":"","bundle_price":[],"bundled_items":[],"bundle_sell_ids":[],"_links":{"self":[{"href":"https:\/\/shop.rvcare.ca\/fr\/wp-json\/wp\/v2\/product\/92355","targetHints":{"allow":["GET"]}}],"collection":[{"href":"https:\/\/shop.rvcare.ca\/fr\/wp-json\/wp\/v2\/product"}],"about":[{"href":"https:\/\/shop.rvcare.ca\/fr\/wp-json\/wp\/v2\/types\/product"}],"replies":[{"embeddable":true,"href":"https:\/\/shop.rvcare.ca\/fr\/wp-json\/wp\/v2\/comments?post=92355"}],"version-history":[{"count":1,"href":"https:\/\/shop.rvcare.ca\/fr\/wp-json\/wp\/v2\/product\/92355\/revisions"}],"predecessor-version":[{"id":157570,"href":"https:\/\/shop.rvcare.ca\/fr\/wp-json\/wp\/v2\/product\/92355\/revisions\/157570"}],"wp:featuredmedia":[{"embeddable":true,"href":"https:\/\/shop.rvcare.ca\/fr\/wp-json\/wp\/v2\/media\/80447"}],"wp:attachment":[{"href":"https:\/\/shop.rvcare.ca\/fr\/wp-json\/wp\/v2\/media?parent=92355"}],"wp:term":[{"taxonomy":"product_brand","embeddable":true,"href":"https:\/\/shop.rvcare.ca\/fr\/wp-json\/wp\/v2\/product_brand?post=92355"},{"taxonomy":"product_cat","embeddable":true,"href":"https:\/\/shop.rvcare.ca\/fr\/wp-json\/wp\/v2\/product_cat?post=92355"},{"taxonomy":"product_tag","embeddable":true,"href":"https:\/\/shop.rvcare.ca\/fr\/wp-json\/wp\/v2\/product_tag?post=92355"}],"curies":[{"name":"wp","href":"https:\/\/api.w.org\/{rel}","templated":true}]}}